{"id":14193,"date":"2024-10-14T12:25:54","date_gmt":"2024-10-14T10:25:54","guid":{"rendered":"https:\/\/www.4ps.be\/waarom-werken-bij-4ps-office\/"},"modified":"2025-05-15T17:04:03","modified_gmt":"2025-05-15T15:04:03","slug":"blog-pourquoi-travailler-chez-4ps","status":"publish","type":"page","link":"https:\/\/www.4ps.be\/fr\/blog-pourquoi-travailler-chez-4ps\/","title":{"rendered":"Blog : Pourquoi travailler chez 4PS ?"},"content":{"rendered":"<section class=\"block\">\n    <div class=\"ce ce-text\">\n\n                    \n    <div class=\"row\">\n        <div class=\"column small-12\">\n            <div class=\"wysiwyg\">\n\n                \n                                    <h2><img loading=\"lazy\" decoding=\"async\" class=\" wp-image-12679 alignright\" src=\"https:\/\/www.4ps.be\/wp-content\/uploads\/sites\/3\/Mai-li-klein.png\" alt=\"\" width=\"250\" height=\"375\" \/>Faisons connaissance<\/h2>\n<p class=\"\" data-start=\"24\" data-end=\"490\">Je m\u2019appelle Ma\u00ef-Li, j\u2019ai presque 25 ans et j\u2019habite \u00e0 Kuurne. Je travaille depuis un an chez 4PS Belgium en tant qu\u2019Office Manager. C\u2019est mon premier emploi fixe apr\u00e8s mes \u00e9tudes en communication, et quelle aventure cela a d\u00e9j\u00e0 \u00e9t\u00e9 ! Mon r\u00f4le est tr\u00e8s vari\u00e9 : je m\u2019occupe notamment de la communication interne, d\u2019une partie des ressources humaines, de l\u2019organisation des \u00e9v\u00e9nements internes, du marketing, de l\u2019administration g\u00e9n\u00e9rale et de la gestion des stocks.<\/p>\n<h2>Pourquoi as-tu choisi 4PS ?<\/h2>\n<p>Je cherchais surtout un poste vari\u00e9 avec des possibilit\u00e9s d\u2019\u00e9volution, afin d\u2019apprendre \u00e0 mieux me conna\u00eetre en tant que jeune professionnelle. Lorsque j\u2019ai lu la description de l\u2019offre d\u2019emploi, j\u2019ai tout de suite eu envie de postuler. Le processus de recrutement s\u2019est \u00e9galement tr\u00e8s bien pass\u00e9 ! Le premier entretien en ligne \u00e9tait tr\u00e8s agr\u00e9able et convivial, et lors de la rencontre en personne, je me suis sentie imm\u00e9diatement la bienvenue au bureau.<\/p>\n<h2>Comment per\u00e7ois-tu l\u2019ambiance chez 4PS ?<\/h2>\n<p>J\u2019ai d\u00e9j\u00e0 eu la chance d\u2019organiser de nombreux \u00e9v\u00e9nements, de rencontrer beaucoup de coll\u00e8gues (y compris internationaux) et d\u2019accueillir de nouveaux collaborateurs. Nous formons un groupe tr\u00e8s diversifi\u00e9, avec des \u00e2ges, des parcours et des centres d\u2019int\u00e9r\u00eat vari\u00e9s, mais ensemble nous sommes une \u00e9quipe forte et soud\u00e9e. Le point fort de mon travail, ce sont les afterworks apr\u00e8s nos r\u00e9unions trimestrielles. Apr\u00e8s des semaines de pr\u00e9paration, c\u2019est toujours un immense plaisir de voir tous les coll\u00e8gues r\u00e9unis comme un vrai groupe d\u2019amis. Chez 4PS Belgium, on sait ce qu\u2019est faire la f\u00eate ! Je peux te le garantir apr\u00e8s quatre r\u00e9unions trimestrielles et un team building. D\u00e8s le premier jour, je me suis sentie accueillie et ces liens n\u2019ont fait que se renforcer au cours de l\u2019ann\u00e9e \u00e9coul\u00e9e.<\/p>\n<h2><img loading=\"lazy\" decoding=\"async\" class=\" wp-image-12680 aligncenter\" src=\"https:\/\/www.4ps.be\/wp-content\/uploads\/sites\/3\/mai-li-collegas.png\" alt=\"\" width=\"377\" height=\"251\" \/><\/h2>\n<h2>Que penses-tu de travailler dans le secteur de l\u2019informatique ?<\/h2>\n<p class=\"\" data-start=\"0\" data-end=\"574\">Avant de commencer chez 4PS, j\u2019ai envisag\u00e9 un moment de me former \u00e0 la programmation. Je suis tr\u00e8s int\u00e9ress\u00e9e par l\u2019informatique, ses possibilit\u00e9s et son avenir. Le secteur IT \u00e9volue constamment et rapidement, ce qui le rend d\u2019autant plus passionnant. J\u2019adore entendre mes coll\u00e8gues parler de notre produit et j\u2019en apprends aussi un peu au passage. Bien s\u00fbr, je suis tr\u00e8s contente de mon poste d\u2019Office Manager, car la cr\u00e9ativit\u00e9 que ce r\u00f4le me permet d\u2019exprimer est essentielle pour moi. Et le fait de pouvoir exercer ce m\u00e9tier dans le monde de l\u2019IT est vraiment un plus.<\/p>\n<p class=\"\" data-start=\"576\" data-end=\"831\">Apr\u00e8s avoir lu l\u2019exp\u00e9rience de Ma\u00ef-Li, es-tu toi aussi curieux(se) de d\u00e9couvrir ce que c\u2019est de travailler chez 4PS Belgium ? Consulte vite nos offres d\u2019emploi et pose ta candidature. Peut-\u00eatre seras-tu pr\u00e9sent(e) lors d\u2019un de nos prochains \u00e9v\u00e9nements !<\/p>\n\n                \n            <\/div>\n        <\/div>\n    <\/div>\n\n        \n    <\/div>\n<\/section>\n","protected":false},"excerpt":{"rendered":"Faisons connaissance Je m\u2019appelle Ma\u00ef-Li, j\u2019ai presque 25 ans et j\u2019habite \u00e0 Kuurne. Je travaille depuis un an chez 4PS Belgium en tant qu\u2019Office Manager. C\u2019est mon premier emploi fixe apr\u00e8s mes \u00e9tudes en communication, et quelle aventure cela a d\u00e9j\u00e0 \u00e9t\u00e9 ! Mon r\u00f4le est tr\u00e8s vari\u00e9 : je m\u2019occupe notamment de la communication [...]","protected":false},"author":9,"featured_media":0,"parent":0,"menu_order":0,"comment_status":"closed","ping_status":"closed","template":"","meta":{"_acf_changed":false,"footnotes":""},"class_list":["post-14193","page","type-page","status-publish","hentry"],"acf":[],"yoast_head":"<!-- This site is optimized with the Yoast SEO Premium plugin v25.5 (Yoast SEO v25.5) - https:\/\/yoast.com\/wordpress\/plugins\/seo\/ -->\n<title>Blog : Pourquoi travailler chez 4PS ? - 4PS Belgi\u00eb<\/title>\n<meta name=\"description\" content=\"Onze collega Mai-li vertelt waarom ze de uitdaging bij 4PS is aangegaan en hoe ze zich verder in de organisatie heeft ontwikkeld.\" \/>\n<meta name=\"robots\" content=\"index, follow, max-snippet:-1, max-image-preview:large, max-video-preview:-1\" \/>\n<link rel=\"canonical\" href=\"https:\/\/www.4ps.be\/fr\/blog-pourquoi-travailler-chez-4ps\/\" \/>\n<meta property=\"og:locale\" content=\"fr_FR\" \/>\n<meta property=\"og:type\" content=\"article\" \/>\n<meta property=\"og:title\" content=\"Blog : Pourquoi travailler chez 4PS ?\" \/>\n<meta property=\"og:url\" content=\"https:\/\/www.4ps.be\/fr\/blog-pourquoi-travailler-chez-4ps\/\" \/>\n<meta property=\"og:site_name\" content=\"4PS Belgi\u00eb\" \/>\n<meta property=\"article:modified_time\" content=\"2025-05-15T15:04:03+00:00\" \/>\n<meta property=\"og:image\" content=\"https:\/\/www.4ps.be\/wp-content\/uploads\/sites\/3\/Mai-li-klein.png\" \/>\n<meta name=\"twitter:card\" content=\"summary_large_image\" \/>\n<meta name=\"twitter:site\" content=\"@4psBelgium\" \/>\n<meta name=\"twitter:label1\" content=\"Dur\u00e9e de lecture estim\u00e9e\" \/>\n\t<meta name=\"twitter:data1\" content=\"3 minutes\" \/>\n<script type=\"application\/ld+json\" class=\"yoast-schema-graph\">{\"@context\":\"https:\/\/schema.org\",\"@graph\":[{\"@type\":\"WebPage\",\"@id\":\"https:\/\/www.4ps.be\/fr\/blog-pourquoi-travailler-chez-4ps\/\",\"url\":\"https:\/\/www.4ps.be\/fr\/blog-pourquoi-travailler-chez-4ps\/\",\"name\":\"Blog : Pourquoi travailler chez 4PS ? - 4PS Belgi\u00eb\",\"isPartOf\":{\"@id\":\"https:\/\/www.4ps.be\/fr\/#website\"},\"primaryImageOfPage\":{\"@id\":\"https:\/\/www.4ps.be\/fr\/blog-pourquoi-travailler-chez-4ps\/#primaryimage\"},\"image\":{\"@id\":\"https:\/\/www.4ps.be\/fr\/blog-pourquoi-travailler-chez-4ps\/#primaryimage\"},\"thumbnailUrl\":\"https:\/\/www.4ps.be\/wp-content\/uploads\/sites\/3\/Mai-li-klein.png\",\"datePublished\":\"2024-10-14T10:25:54+00:00\",\"dateModified\":\"2025-05-15T15:04:03+00:00\",\"description\":\"Onze collega Mai-li vertelt waarom ze de uitdaging bij 4PS is aangegaan en hoe ze zich verder in de organisatie heeft ontwikkeld.\",\"inLanguage\":\"fr-FR\",\"potentialAction\":[{\"@type\":\"ReadAction\",\"target\":[\"https:\/\/www.4ps.be\/fr\/blog-pourquoi-travailler-chez-4ps\/\"]}]},{\"@type\":\"ImageObject\",\"inLanguage\":\"fr-FR\",\"@id\":\"https:\/\/www.4ps.be\/fr\/blog-pourquoi-travailler-chez-4ps\/#primaryimage\",\"url\":\"https:\/\/www.4ps.be\/wp-content\/uploads\/sites\/3\/Mai-li-klein.png\",\"contentUrl\":\"https:\/\/www.4ps.be\/wp-content\/uploads\/sites\/3\/Mai-li-klein.png\"},{\"@type\":\"WebSite\",\"@id\":\"https:\/\/www.4ps.be\/fr\/#website\",\"url\":\"https:\/\/www.4ps.be\/fr\/\",\"name\":\"4PS Belgi\u00eb\",\"description\":\"\",\"publisher\":{\"@id\":\"https:\/\/www.4ps.be\/fr\/#organization\"},\"potentialAction\":[{\"@type\":\"SearchAction\",\"target\":{\"@type\":\"EntryPoint\",\"urlTemplate\":\"https:\/\/www.4ps.be\/fr\/?s={search_term_string}\"},\"query-input\":{\"@type\":\"PropertyValueSpecification\",\"valueRequired\":true,\"valueName\":\"search_term_string\"}}],\"inLanguage\":\"fr-FR\"},{\"@type\":\"Organization\",\"@id\":\"https:\/\/www.4ps.be\/fr\/#organization\",\"name\":\"4PS Belgi\u00eb\",\"url\":\"https:\/\/www.4ps.be\/fr\/\",\"logo\":{\"@type\":\"ImageObject\",\"inLanguage\":\"fr-FR\",\"@id\":\"https:\/\/www.4ps.be\/fr\/#\/schema\/logo\/image\/\",\"url\":\"https:\/\/www.4ps.be\/wp-content\/uploads\/sites\/3\/4PS_logo_RGB.jpg\",\"contentUrl\":\"https:\/\/www.4ps.be\/wp-content\/uploads\/sites\/3\/4PS_logo_RGB.jpg\",\"width\":859,\"height\":645,\"caption\":\"4PS Belgi\u00eb\"},\"image\":{\"@id\":\"https:\/\/www.4ps.be\/fr\/#\/schema\/logo\/image\/\"},\"sameAs\":[\"https:\/\/x.com\/4psBelgium\",\"https:\/\/www.linkedin.com\/company\/36159596\/\",\"https:\/\/www.youtube.com\/c\/4PSEde\"]}]}<\/script>\n<!-- \/ Yoast SEO Premium plugin. -->","yoast_head_json":{"title":"Blog : Pourquoi travailler chez 4PS ? - 4PS Belgi\u00eb","description":"Onze collega Mai-li vertelt waarom ze de uitdaging bij 4PS is aangegaan en hoe ze zich verder in de organisatie heeft ontwikkeld.","robots":{"index":"index","follow":"follow","max-snippet":"max-snippet:-1","max-image-preview":"max-image-preview:large","max-video-preview":"max-video-preview:-1"},"canonical":"https:\/\/www.4ps.be\/fr\/blog-pourquoi-travailler-chez-4ps\/","og_locale":"fr_FR","og_type":"article","og_title":"Blog : Pourquoi travailler chez 4PS ?","og_url":"https:\/\/www.4ps.be\/fr\/blog-pourquoi-travailler-chez-4ps\/","og_site_name":"4PS Belgi\u00eb","article_modified_time":"2025-05-15T15:04:03+00:00","og_image":[{"url":"https:\/\/www.4ps.be\/wp-content\/uploads\/sites\/3\/Mai-li-klein.png","type":"","width":"","height":""}],"twitter_card":"summary_large_image","twitter_site":"@4psBelgium","twitter_misc":{"Dur\u00e9e de lecture estim\u00e9e":"3 minutes"},"schema":{"@context":"https:\/\/schema.org","@graph":[{"@type":"WebPage","@id":"https:\/\/www.4ps.be\/fr\/blog-pourquoi-travailler-chez-4ps\/","url":"https:\/\/www.4ps.be\/fr\/blog-pourquoi-travailler-chez-4ps\/","name":"Blog : Pourquoi travailler chez 4PS ? - 4PS Belgi\u00eb","isPartOf":{"@id":"https:\/\/www.4ps.be\/fr\/#website"},"primaryImageOfPage":{"@id":"https:\/\/www.4ps.be\/fr\/blog-pourquoi-travailler-chez-4ps\/#primaryimage"},"image":{"@id":"https:\/\/www.4ps.be\/fr\/blog-pourquoi-travailler-chez-4ps\/#primaryimage"},"thumbnailUrl":"https:\/\/www.4ps.be\/wp-content\/uploads\/sites\/3\/Mai-li-klein.png","datePublished":"2024-10-14T10:25:54+00:00","dateModified":"2025-05-15T15:04:03+00:00","description":"Onze collega Mai-li vertelt waarom ze de uitdaging bij 4PS is aangegaan en hoe ze zich verder in de organisatie heeft ontwikkeld.","inLanguage":"fr-FR","potentialAction":[{"@type":"ReadAction","target":["https:\/\/www.4ps.be\/fr\/blog-pourquoi-travailler-chez-4ps\/"]}]},{"@type":"ImageObject","inLanguage":"fr-FR","@id":"https:\/\/www.4ps.be\/fr\/blog-pourquoi-travailler-chez-4ps\/#primaryimage","url":"https:\/\/www.4ps.be\/wp-content\/uploads\/sites\/3\/Mai-li-klein.png","contentUrl":"https:\/\/www.4ps.be\/wp-content\/uploads\/sites\/3\/Mai-li-klein.png"},{"@type":"WebSite","@id":"https:\/\/www.4ps.be\/fr\/#website","url":"https:\/\/www.4ps.be\/fr\/","name":"4PS Belgi\u00eb","description":"","publisher":{"@id":"https:\/\/www.4ps.be\/fr\/#organization"},"potentialAction":[{"@type":"SearchAction","target":{"@type":"EntryPoint","urlTemplate":"https:\/\/www.4ps.be\/fr\/?s={search_term_string}"},"query-input":{"@type":"PropertyValueSpecification","valueRequired":true,"valueName":"search_term_string"}}],"inLanguage":"fr-FR"},{"@type":"Organization","@id":"https:\/\/www.4ps.be\/fr\/#organization","name":"4PS Belgi\u00eb","url":"https:\/\/www.4ps.be\/fr\/","logo":{"@type":"ImageObject","inLanguage":"fr-FR","@id":"https:\/\/www.4ps.be\/fr\/#\/schema\/logo\/image\/","url":"https:\/\/www.4ps.be\/wp-content\/uploads\/sites\/3\/4PS_logo_RGB.jpg","contentUrl":"https:\/\/www.4ps.be\/wp-content\/uploads\/sites\/3\/4PS_logo_RGB.jpg","width":859,"height":645,"caption":"4PS Belgi\u00eb"},"image":{"@id":"https:\/\/www.4ps.be\/fr\/#\/schema\/logo\/image\/"},"sameAs":["https:\/\/x.com\/4psBelgium","https:\/\/www.linkedin.com\/company\/36159596\/","https:\/\/www.youtube.com\/c\/4PSEde"]}]}},"content_elements":[{"content_element_type":"vc_text","title":"","content":"<h2><img class=\" wp-image-12679 alignright\" src=\"https:\/\/www.4ps.be\/wp-content\/uploads\/sites\/3\/Mai-li-klein.png\" alt=\"\" width=\"250\" height=\"375\" \/>Faisons connaissance<\/h2>\n<p class=\"\" data-start=\"24\" data-end=\"490\">Je m\u2019appelle Ma\u00ef-Li, j\u2019ai presque 25 ans et j\u2019habite \u00e0 Kuurne. Je travaille depuis un an chez 4PS Belgium en tant qu\u2019Office Manager. C\u2019est mon premier emploi fixe apr\u00e8s mes \u00e9tudes en communication, et quelle aventure cela a d\u00e9j\u00e0 \u00e9t\u00e9 ! Mon r\u00f4le est tr\u00e8s vari\u00e9 : je m\u2019occupe notamment de la communication interne, d\u2019une partie des ressources humaines, de l\u2019organisation des \u00e9v\u00e9nements internes, du marketing, de l\u2019administration g\u00e9n\u00e9rale et de la gestion des stocks.<\/p>\n<h2>Pourquoi as-tu choisi 4PS ?<\/h2>\n<p>Je cherchais surtout un poste vari\u00e9 avec des possibilit\u00e9s d\u2019\u00e9volution, afin d\u2019apprendre \u00e0 mieux me conna\u00eetre en tant que jeune professionnelle. Lorsque j\u2019ai lu la description de l\u2019offre d\u2019emploi, j\u2019ai tout de suite eu envie de postuler. Le processus de recrutement s\u2019est \u00e9galement tr\u00e8s bien pass\u00e9 ! Le premier entretien en ligne \u00e9tait tr\u00e8s agr\u00e9able et convivial, et lors de la rencontre en personne, je me suis sentie imm\u00e9diatement la bienvenue au bureau.<\/p>\n<h2>Comment per\u00e7ois-tu l\u2019ambiance chez 4PS ?<\/h2>\n<p>J\u2019ai d\u00e9j\u00e0 eu la chance d\u2019organiser de nombreux \u00e9v\u00e9nements, de rencontrer beaucoup de coll\u00e8gues (y compris internationaux) et d\u2019accueillir de nouveaux collaborateurs. Nous formons un groupe tr\u00e8s diversifi\u00e9, avec des \u00e2ges, des parcours et des centres d\u2019int\u00e9r\u00eat vari\u00e9s, mais ensemble nous sommes une \u00e9quipe forte et soud\u00e9e. Le point fort de mon travail, ce sont les afterworks apr\u00e8s nos r\u00e9unions trimestrielles. Apr\u00e8s des semaines de pr\u00e9paration, c\u2019est toujours un immense plaisir de voir tous les coll\u00e8gues r\u00e9unis comme un vrai groupe d\u2019amis. Chez 4PS Belgium, on sait ce qu\u2019est faire la f\u00eate ! Je peux te le garantir apr\u00e8s quatre r\u00e9unions trimestrielles et un team building. D\u00e8s le premier jour, je me suis sentie accueillie et ces liens n\u2019ont fait que se renforcer au cours de l\u2019ann\u00e9e \u00e9coul\u00e9e.<\/p>\n<h2><img class=\" wp-image-12680 aligncenter\" src=\"https:\/\/www.4ps.be\/wp-content\/uploads\/sites\/3\/mai-li-collegas.png\" alt=\"\" width=\"377\" height=\"251\" \/><\/h2>\n<h2>Que penses-tu de travailler dans le secteur de l\u2019informatique ?<\/h2>\n<p class=\"\" data-start=\"0\" data-end=\"574\">Avant de commencer chez 4PS, j\u2019ai envisag\u00e9 un moment de me former \u00e0 la programmation. Je suis tr\u00e8s int\u00e9ress\u00e9e par l\u2019informatique, ses possibilit\u00e9s et son avenir. Le secteur IT \u00e9volue constamment et rapidement, ce qui le rend d\u2019autant plus passionnant. J\u2019adore entendre mes coll\u00e8gues parler de notre produit et j\u2019en apprends aussi un peu au passage. Bien s\u00fbr, je suis tr\u00e8s contente de mon poste d\u2019Office Manager, car la cr\u00e9ativit\u00e9 que ce r\u00f4le me permet d\u2019exprimer est essentielle pour moi. Et le fait de pouvoir exercer ce m\u00e9tier dans le monde de l\u2019IT est vraiment un plus.<\/p>\n<p class=\"\" data-start=\"576\" data-end=\"831\">Apr\u00e8s avoir lu l\u2019exp\u00e9rience de Ma\u00ef-Li, es-tu toi aussi curieux(se) de d\u00e9couvrir ce que c\u2019est de travailler chez 4PS Belgium ? Consulte vite nos offres d\u2019emploi et pose ta candidature. Peut-\u00eatre seras-tu pr\u00e9sent(e) lors d\u2019un de nos prochains \u00e9v\u00e9nements !<\/p>\n"}],"_links":{"self":[{"href":"https:\/\/www.4ps.be\/fr\/wp-json\/wp\/v2\/pages\/14193","targetHints":{"allow":["GET"]}}],"collection":[{"href":"https:\/\/www.4ps.be\/fr\/wp-json\/wp\/v2\/pages"}],"about":[{"href":"https:\/\/www.4ps.be\/fr\/wp-json\/wp\/v2\/types\/page"}],"author":[{"embeddable":true,"href":"https:\/\/www.4ps.be\/fr\/wp-json\/wp\/v2\/users\/9"}],"replies":[{"embeddable":true,"href":"https:\/\/www.4ps.be\/fr\/wp-json\/wp\/v2\/comments?post=14193"}],"version-history":[{"count":3,"href":"https:\/\/www.4ps.be\/fr\/wp-json\/wp\/v2\/pages\/14193\/revisions"}],"predecessor-version":[{"id":15418,"href":"https:\/\/www.4ps.be\/fr\/wp-json\/wp\/v2\/pages\/14193\/revisions\/15418"}],"wp:attachment":[{"href":"https:\/\/www.4ps.be\/fr\/wp-json\/wp\/v2\/media?parent=14193"}],"curies":[{"name":"wp","href":"https:\/\/api.w.org\/{rel}","templated":true}]}}