{"id":14213,"date":"2023-02-06T12:14:11","date_gmt":"2023-02-06T11:14:11","guid":{"rendered":"https:\/\/www.4ps.be\/eerste-jaar-ervaring-bij-4ps\/"},"modified":"2023-02-06T12:14:11","modified_gmt":"2023-02-06T11:14:11","slug":"eerste-jaar-ervaring-bij-4ps","status":"publish","type":"page","link":"https:\/\/www.4ps.be\/fr\/eerste-jaar-ervaring-bij-4ps\/","title":{"rendered":"Eerste jaar ervaring bij 4PS"},"content":{"rendered":"<section class=\"block\">\n    <div class=\"ce ce-text\">\n\n                    \n    <div class=\"row\">\n        <div class=\"column small-12\">\n            <div class=\"wysiwyg\">\n\n                \n                                    <p><strong><img loading=\"lazy\" decoding=\"async\" class=\" wp-image-11994 aligncenter\" src=\"https:\/\/www.4ps.be\/wp-content\/uploads\/sites\/3\/FORMAT-VACATURES-POST-47.png\" alt=\"\" width=\"657\" height=\"343\" \/><\/strong><\/p>\n<p><strong>Hoe heb je het eerste jaar ervaren?<\/strong><br \/>\n\u00ab\u00a0Na \u00e9\u00e9n jaar werken bij 4PS neem ik graag de tijd om eens terug te blikken. Ik ben al geruime tijd vertrouwd met Business Central (en voorheen Navision), dus de basis had voor mij geen geheimen meer. Niettemin stelde ik al snel vast dat 4PS \u00e9cht een mooie, omvangrijke laag boven op de standaard Business Central omgeving heeft gebouwd en deze ook blijft ontwikkelen en optimaliseren. Het was en is voor mij nog steeds een boeiende uitdaging om de vele facetten van \u201c4PS Construct\u201d samen te brengen tot een geheel dat beantwoordt aan de noden van onze klanten. In eerste instantie binnen mijn specialisatie, maar zeker ook binnen het projectteam als geheel. Immers, om tot een succesvolle ERP-oplossing te komen moeten alle modules net als puzzelstukken in elkaar passen en verbonden zijn. Ik ben 4PS dan ook ontzettend dankbaar dat ik de mogelijkheid heb gekregen om geleidelijk te groeien.\u00a0\u00bb<\/p>\n<p><strong>Hoe zou je werken bij 4PS omschrijven?<\/strong><br \/>\n\u00ab\u00a0Werken bij 4PS ervaar ik als heel veel communicatie tussen alle betrokkenen. Je kan hierbij denken aan communicatie met klanten, collega\u2019s en externe partijen. Voor mij betekent communicatie goed luisteren en zelf ook het woord nemen. Ik geloof dat dit de basis is om tot de beste oplossingen te komen voor de uitdagingen waar onze klanten mee geconfronteerd worden.<br \/>\nE\u00e9n van de, naar mijn mening, mooiste Engelse spreekwoorden luidt: \u201cAll work and no play makes Jack a dull boy\u201d. Neen, de boog kan niet altijd gespannen zijn, en dat heeft 4PS goed begrepen. Er is ruimte voor ontspanning en plezier waardoor je de collega\u2019s ook eens van een andere kant leert kennen. Ook dit zit in het DNA van 4PS verankerd, en dat kan ik ten zeerste waarderen!\u201d<\/p>\n<p><strong>Hoe zie je de toekomst?<\/strong><br \/>\nIk kijk ook graag vooruit: de ICT-wereld, en alles hierrond, evolueert razendsnel. Ik wil me dan ook graag verder ontwikkelen en specialiseren binnen mijn domein, maar ook extra kennis opdoen om iets te betekenen in de nieuwe boeiende mogelijkheden die op ons pad komen. En om af te ronden: de missie van 4PS is \u201cMorgen weer net iets beter dan vandaag\u201d, mijn missie is \u201cmorgen weer iets meer part of 4PS dan vandaag\u201d.<\/p>\n\n                \n            <\/div>\n        <\/div>\n    <\/div>\n\n        \n    <\/div>\n<\/section>\n<section class=\"block\">\n    <div class=\"ce ce-call-to-action\">\n\n                    \n    <div class=\"row\">\n        <div class=\"column small-12\">\n            <div class=\"image-wrapper\" style=\"background-image: url(https:\/\/www.4ps.be\/wp-content\/uploads\/sites\/3\/Container-1.jpg)\">\n                <div class=\"row\">\n\n                    \n                    <div class=\"column small-12 medium-10 medium-offset-1 large-8 large-offset-2\">\n                        <div class=\"content\">\n\n                            \n                                                            <p>Enthousiast geworden na het verhaal van Kurt? En benieuwd naar de mogelijkheden binnen 4PS voor jou? Check dan onze vacatures! Of neem contact op met Valerie!<\/p>\n\n                            \n                            \n                                <div class=\"button-wrapper\">\n                                    <a href=\"https:\/\/www.4ps.be\/vacatures\/\" class=\"button dark with-icon icon-right arrow-right\"><span>Vacatures<\/span><\/a>\n                                <\/div>\n\n                            \n                            \n                            \n                        <\/div>\n                    <\/div>\n                <\/div>\n            <\/div>\n        <\/div>\n    <\/div>\n\n        \n    <\/div>\n<\/section>\n<section class=\"block\">\n    <div class=\"ce ce-contact-details\">\n\n                    \n    <div class=\"row\">\n        <div class=\"column small-12\">\n            <div class=\"content-wrapper\">\n                <div class=\"row\">\n                    <div class=\"column small-12 medium-6 large-8\">\n                        <div class=\"contact-details\">\n\n                                                        \n                                \n                                    <p class=\"contact-bold\">Valerie Vlieghe <\/p>\n\n                                                                \n                                    <p class=\"contact-padding\">Corporate Recruiter <\/p>\n\n                                                                \n                                    <a class=\"icon-link icon-left social-phone\" href=\"tel:+32 479 51 85 45\" itemprop=\"telephone\">+32 479 51 85 45<\/a><br\/>\n\n                                                                \n                                    <a class=\"icon-link icon-left social-email\" href=\"mailto:valerie.vlieghe@4ps.be\" itemprop=\"email\">valerie.vlieghe@4ps.be<\/a>\n\n                                                            \n                        <\/div>\n                    <\/div>\n                    <div class=\"column small-12 medium-6 large-4\">\n                        <div class=\"image-wrapper\" style=\"background-image: url(https:\/\/www.4ps.be\/wp-content\/uploads\/sites\/3\/Valerie-new-2-600x0-c-default.jpg)\"><\/div>\n                    <\/div>\n                <\/div>\n            <\/div>\n        <\/div>\n    <\/div>\n\n        \n    <\/div>\n<\/section>\n","protected":false},"excerpt":{"rendered":"Hoe heb je het eerste jaar ervaren? \"Na \u00e9\u00e9n jaar werken bij 4PS neem ik graag de tijd om eens terug te blikken. Ik ben al geruime tijd vertrouwd met Business Central (en voorheen Navision), dus de basis had voor mij geen geheimen meer. Niettemin stelde ik al snel vast dat 4PS \u00e9cht een mooie, [...]","protected":false},"author":9,"featured_media":0,"parent":0,"menu_order":0,"comment_status":"closed","ping_status":"closed","template":"","meta":{"_acf_changed":false,"footnotes":""},"class_list":["post-14213","page","type-page","status-publish","hentry"],"acf":[],"yoast_head":"<!-- This site is optimized with the Yoast SEO Premium plugin v25.5 (Yoast SEO v25.5) - https:\/\/yoast.com\/wordpress\/plugins\/seo\/ -->\n<title>Eerste jaar ervaring bij 4PS - 4PS Belgi\u00eb<\/title>\n<meta name=\"robots\" content=\"index, follow, max-snippet:-1, max-image-preview:large, max-video-preview:-1\" \/>\n<link rel=\"canonical\" href=\"https:\/\/www.4ps.be\/fr\/eerste-jaar-ervaring-bij-4ps\/\" \/>\n<meta property=\"og:locale\" content=\"fr_FR\" \/>\n<meta property=\"og:type\" content=\"article\" \/>\n<meta property=\"og:title\" content=\"Eerste jaar ervaring bij 4PS\" \/>\n<meta property=\"og:url\" content=\"https:\/\/www.4ps.be\/fr\/eerste-jaar-ervaring-bij-4ps\/\" \/>\n<meta property=\"og:site_name\" content=\"4PS Belgi\u00eb\" \/>\n<meta property=\"og:image\" content=\"https:\/\/www.4ps.be\/wp-content\/uploads\/sites\/3\/FORMAT-VACATURES-POST-47.png\" \/>\n<meta name=\"twitter:card\" content=\"summary_large_image\" \/>\n<meta name=\"twitter:site\" content=\"@4psBelgium\" \/>\n<meta name=\"twitter:label1\" content=\"Dur\u00e9e de lecture estim\u00e9e\" \/>\n\t<meta name=\"twitter:data1\" content=\"2 minutes\" \/>\n<script type=\"application\/ld+json\" class=\"yoast-schema-graph\">{\"@context\":\"https:\/\/schema.org\",\"@graph\":[{\"@type\":\"WebPage\",\"@id\":\"https:\/\/www.4ps.be\/fr\/eerste-jaar-ervaring-bij-4ps\/\",\"url\":\"https:\/\/www.4ps.be\/fr\/eerste-jaar-ervaring-bij-4ps\/\",\"name\":\"Eerste jaar ervaring bij 4PS - 4PS Belgi\u00eb\",\"isPartOf\":{\"@id\":\"https:\/\/www.4ps.be\/fr\/#website\"},\"primaryImageOfPage\":{\"@id\":\"https:\/\/www.4ps.be\/fr\/eerste-jaar-ervaring-bij-4ps\/#primaryimage\"},\"image\":{\"@id\":\"https:\/\/www.4ps.be\/fr\/eerste-jaar-ervaring-bij-4ps\/#primaryimage\"},\"thumbnailUrl\":\"https:\/\/www.4ps.be\/wp-content\/uploads\/sites\/3\/FORMAT-VACATURES-POST-47.png\",\"datePublished\":\"2023-02-06T11:14:11+00:00\",\"inLanguage\":\"fr-FR\",\"potentialAction\":[{\"@type\":\"ReadAction\",\"target\":[\"https:\/\/www.4ps.be\/fr\/eerste-jaar-ervaring-bij-4ps\/\"]}]},{\"@type\":\"ImageObject\",\"inLanguage\":\"fr-FR\",\"@id\":\"https:\/\/www.4ps.be\/fr\/eerste-jaar-ervaring-bij-4ps\/#primaryimage\",\"url\":\"https:\/\/www.4ps.be\/wp-content\/uploads\/sites\/3\/FORMAT-VACATURES-POST-47.png\",\"contentUrl\":\"https:\/\/www.4ps.be\/wp-content\/uploads\/sites\/3\/FORMAT-VACATURES-POST-47.png\"},{\"@type\":\"WebSite\",\"@id\":\"https:\/\/www.4ps.be\/fr\/#website\",\"url\":\"https:\/\/www.4ps.be\/fr\/\",\"name\":\"4PS Belgi\u00eb\",\"description\":\"\",\"publisher\":{\"@id\":\"https:\/\/www.4ps.be\/fr\/#organization\"},\"potentialAction\":[{\"@type\":\"SearchAction\",\"target\":{\"@type\":\"EntryPoint\",\"urlTemplate\":\"https:\/\/www.4ps.be\/fr\/?s={search_term_string}\"},\"query-input\":{\"@type\":\"PropertyValueSpecification\",\"valueRequired\":true,\"valueName\":\"search_term_string\"}}],\"inLanguage\":\"fr-FR\"},{\"@type\":\"Organization\",\"@id\":\"https:\/\/www.4ps.be\/fr\/#organization\",\"name\":\"4PS Belgi\u00eb\",\"url\":\"https:\/\/www.4ps.be\/fr\/\",\"logo\":{\"@type\":\"ImageObject\",\"inLanguage\":\"fr-FR\",\"@id\":\"https:\/\/www.4ps.be\/fr\/#\/schema\/logo\/image\/\",\"url\":\"https:\/\/www.4ps.be\/wp-content\/uploads\/sites\/3\/4PS_logo_RGB.jpg\",\"contentUrl\":\"https:\/\/www.4ps.be\/wp-content\/uploads\/sites\/3\/4PS_logo_RGB.jpg\",\"width\":859,\"height\":645,\"caption\":\"4PS Belgi\u00eb\"},\"image\":{\"@id\":\"https:\/\/www.4ps.be\/fr\/#\/schema\/logo\/image\/\"},\"sameAs\":[\"https:\/\/x.com\/4psBelgium\",\"https:\/\/www.linkedin.com\/company\/36159596\/\",\"https:\/\/www.youtube.com\/c\/4PSEde\"]}]}<\/script>\n<!-- \/ Yoast SEO Premium plugin. -->","yoast_head_json":{"title":"Eerste jaar ervaring bij 4PS - 4PS Belgi\u00eb","robots":{"index":"index","follow":"follow","max-snippet":"max-snippet:-1","max-image-preview":"max-image-preview:large","max-video-preview":"max-video-preview:-1"},"canonical":"https:\/\/www.4ps.be\/fr\/eerste-jaar-ervaring-bij-4ps\/","og_locale":"fr_FR","og_type":"article","og_title":"Eerste jaar ervaring bij 4PS","og_url":"https:\/\/www.4ps.be\/fr\/eerste-jaar-ervaring-bij-4ps\/","og_site_name":"4PS Belgi\u00eb","og_image":[{"url":"https:\/\/www.4ps.be\/wp-content\/uploads\/sites\/3\/FORMAT-VACATURES-POST-47.png","type":"","width":"","height":""}],"twitter_card":"summary_large_image","twitter_site":"@4psBelgium","twitter_misc":{"Dur\u00e9e de lecture estim\u00e9e":"2 minutes"},"schema":{"@context":"https:\/\/schema.org","@graph":[{"@type":"WebPage","@id":"https:\/\/www.4ps.be\/fr\/eerste-jaar-ervaring-bij-4ps\/","url":"https:\/\/www.4ps.be\/fr\/eerste-jaar-ervaring-bij-4ps\/","name":"Eerste jaar ervaring bij 4PS - 4PS Belgi\u00eb","isPartOf":{"@id":"https:\/\/www.4ps.be\/fr\/#website"},"primaryImageOfPage":{"@id":"https:\/\/www.4ps.be\/fr\/eerste-jaar-ervaring-bij-4ps\/#primaryimage"},"image":{"@id":"https:\/\/www.4ps.be\/fr\/eerste-jaar-ervaring-bij-4ps\/#primaryimage"},"thumbnailUrl":"https:\/\/www.4ps.be\/wp-content\/uploads\/sites\/3\/FORMAT-VACATURES-POST-47.png","datePublished":"2023-02-06T11:14:11+00:00","inLanguage":"fr-FR","potentialAction":[{"@type":"ReadAction","target":["https:\/\/www.4ps.be\/fr\/eerste-jaar-ervaring-bij-4ps\/"]}]},{"@type":"ImageObject","inLanguage":"fr-FR","@id":"https:\/\/www.4ps.be\/fr\/eerste-jaar-ervaring-bij-4ps\/#primaryimage","url":"https:\/\/www.4ps.be\/wp-content\/uploads\/sites\/3\/FORMAT-VACATURES-POST-47.png","contentUrl":"https:\/\/www.4ps.be\/wp-content\/uploads\/sites\/3\/FORMAT-VACATURES-POST-47.png"},{"@type":"WebSite","@id":"https:\/\/www.4ps.be\/fr\/#website","url":"https:\/\/www.4ps.be\/fr\/","name":"4PS Belgi\u00eb","description":"","publisher":{"@id":"https:\/\/www.4ps.be\/fr\/#organization"},"potentialAction":[{"@type":"SearchAction","target":{"@type":"EntryPoint","urlTemplate":"https:\/\/www.4ps.be\/fr\/?s={search_term_string}"},"query-input":{"@type":"PropertyValueSpecification","valueRequired":true,"valueName":"search_term_string"}}],"inLanguage":"fr-FR"},{"@type":"Organization","@id":"https:\/\/www.4ps.be\/fr\/#organization","name":"4PS Belgi\u00eb","url":"https:\/\/www.4ps.be\/fr\/","logo":{"@type":"ImageObject","inLanguage":"fr-FR","@id":"https:\/\/www.4ps.be\/fr\/#\/schema\/logo\/image\/","url":"https:\/\/www.4ps.be\/wp-content\/uploads\/sites\/3\/4PS_logo_RGB.jpg","contentUrl":"https:\/\/www.4ps.be\/wp-content\/uploads\/sites\/3\/4PS_logo_RGB.jpg","width":859,"height":645,"caption":"4PS Belgi\u00eb"},"image":{"@id":"https:\/\/www.4ps.be\/fr\/#\/schema\/logo\/image\/"},"sameAs":["https:\/\/x.com\/4psBelgium","https:\/\/www.linkedin.com\/company\/36159596\/","https:\/\/www.youtube.com\/c\/4PSEde"]}]}},"content_elements":[{"content_element_type":"vc_text","title":"","content":"<p><strong><img class=\" wp-image-11994 aligncenter\" src=\"https:\/\/www.4ps.be\/wp-content\/uploads\/sites\/3\/FORMAT-VACATURES-POST-47.png\" alt=\"\" width=\"657\" height=\"343\" \/><\/strong><\/p>\n<p><strong>Hoe heb je het eerste jaar ervaren?<\/strong><br \/>\n\u00ab\u00a0Na \u00e9\u00e9n jaar werken bij 4PS neem ik graag de tijd om eens terug te blikken. Ik ben al geruime tijd vertrouwd met Business Central (en voorheen Navision), dus de basis had voor mij geen geheimen meer. Niettemin stelde ik al snel vast dat 4PS \u00e9cht een mooie, omvangrijke laag boven op de standaard Business Central omgeving heeft gebouwd en deze ook blijft ontwikkelen en optimaliseren. Het was en is voor mij nog steeds een boeiende uitdaging om de vele facetten van \u201c4PS Construct\u201d samen te brengen tot een geheel dat beantwoordt aan de noden van onze klanten. In eerste instantie binnen mijn specialisatie, maar zeker ook binnen het projectteam als geheel. Immers, om tot een succesvolle ERP-oplossing te komen moeten alle modules net als puzzelstukken in elkaar passen en verbonden zijn. Ik ben 4PS dan ook ontzettend dankbaar dat ik de mogelijkheid heb gekregen om geleidelijk te groeien.\u00a0\u00bb<\/p>\n<p><strong>Hoe zou je werken bij 4PS omschrijven?<\/strong><br \/>\n\u00ab\u00a0Werken bij 4PS ervaar ik als heel veel communicatie tussen alle betrokkenen. Je kan hierbij denken aan communicatie met klanten, collega\u2019s en externe partijen. Voor mij betekent communicatie goed luisteren en zelf ook het woord nemen. Ik geloof dat dit de basis is om tot de beste oplossingen te komen voor de uitdagingen waar onze klanten mee geconfronteerd worden.<br \/>\nE\u00e9n van de, naar mijn mening, mooiste Engelse spreekwoorden luidt: \u201cAll work and no play makes Jack a dull boy\u201d. Neen, de boog kan niet altijd gespannen zijn, en dat heeft 4PS goed begrepen. Er is ruimte voor ontspanning en plezier waardoor je de collega\u2019s ook eens van een andere kant leert kennen. Ook dit zit in het DNA van 4PS verankerd, en dat kan ik ten zeerste waarderen!\u201d<\/p>\n<p><strong>Hoe zie je de toekomst?<\/strong><br \/>\nIk kijk ook graag vooruit: de ICT-wereld, en alles hierrond, evolueert razendsnel. Ik wil me dan ook graag verder ontwikkelen en specialiseren binnen mijn domein, maar ook extra kennis opdoen om iets te betekenen in de nieuwe boeiende mogelijkheden die op ons pad komen. En om af te ronden: de missie van 4PS is \u201cMorgen weer net iets beter dan vandaag\u201d, mijn missie is \u201cmorgen weer iets meer part of 4PS dan vandaag\u201d.<\/p>\n"},{"content_element_type":"vc_call_to_action","title":{"url":"#","title":"","target":"","rel":"","relative_url":"#"},"image":"","image_shape":"","button_type":"link","link":{"url":"https:\/\/www.4ps.be\/vacatures\/","title":"Vacatures","target":"","rel":"","relative_url":"https:\/\/www.4ps.be\/vacatures\/"},"download":"","popup_text_field":"","download_text_field":"","background_image":{"id":"3291","ID":"3291","object_type":"image","ImageClass":"Timber\\Image","PostClass":"Timber\\Post","TermClass":"Timber\\Term","custom":[],"post_author":"1","post_content":"","post_date":"2019-08-13 16:27:21","post_excerpt":"","post_parent":8258,"post_status":"inherit","post_title":"Container-1","post_type":"attachment","slug":null,"abs_url":null,"file_loc":"\/home\/ploi\/www.4ps.co.uk\/public\/wp-content\/uploads\/sites\/3\/Container-1.jpg","file":"Container-1.jpg","sizes":{"thumbnail":{"file":"Container-1-150x150.jpg","width":150,"height":150,"mime-type":"image\/jpeg"}},"caption":"","image_meta":{"aperture":"0","credit":"","camera":"","caption":"","created_timestamp":"0","copyright":"","focal_length":"0","iso":"0","shutter_speed":"0","title":"","orientation":"0","keywords":[]},"_wp_attachment_metadata":"a:5:{s:5:\"width\";i:1320;s:6:\"height\";i:250;s:4:\"file\";s:15:\"Container-1.jpg\";s:5:\"sizes\";a:1:{s:9:\"thumbnail\";a:4:{s:4:\"file\";s:23:\"Container-1-150x150.jpg\";s:5:\"width\";i:150;s:6:\"height\";i:150;s:9:\"mime-type\";s:10:\"image\/jpeg\";}}s:10:\"image_meta\";a:12:{s:8:\"aperture\";s:1:\"0\";s:6:\"credit\";s:0:\"\";s:6:\"camera\";s:0:\"\";s:7:\"caption\";s:0:\"\";s:17:\"created_timestamp\";s:1:\"0\";s:9:\"copyright\";s:0:\"\";s:12:\"focal_length\";s:1:\"0\";s:3:\"iso\";s:1:\"0\";s:13:\"shutter_speed\";s:1:\"0\";s:5:\"title\";s:0:\"\";s:11:\"orientation\";s:1:\"0\";s:8:\"keywords\";a:0:{}}}","wpml_media_processed":"1","post_date_gmt":"2019-08-13 14:27:21","comment_status":"open","ping_status":"closed","post_password":"","post_name":"container-1","to_ping":"","pinged":"","post_modified":"2020-08-06 17:38:39","post_modified_gmt":"2020-08-06 15:38:39","post_content_filtered":"","guid":"https:\/\/www.4ps.be\/wp-content\/uploads\/sites\/3\/Container-1.jpg","menu_order":0,"post_mime_type":"image\/jpeg","comment_count":"0","filter":"raw"},"content":"<p>Enthousiast geworden na het verhaal van Kurt? En benieuwd naar de mogelijkheden binnen 4PS voor jou? Check dan onze vacatures! Of neem contact op met Valerie!<\/p>\n"},{"content_element_type":"vc_contact_details","title":"","contact_person":{"id":11834,"ID":11834,"object_type":"post","ImageClass":"Timber\\Image","PostClass":"Redkiwi\\WP\\Theme\\Core\\Models\\Post","TermClass":"Timber\\Term","custom":{"contact_person__name":"Valerie Vlieghe ","contact_person__function":"Corporate Recruiter ","contact_person__telephone_number":"+32 479 51 85 45","contact_person__email_address":"valerie.vlieghe@4ps.be"},"post_author":"9","post_content":"","post_date":"2022-10-03 14:55:01","post_excerpt":"","post_parent":0,"post_status":"publish","post_title":"Valerie Vlieghe","post_type":"contact_person","slug":"valerie-vlieghe","terms":[],"thumbnail":"https:\/\/www.4ps.be\/wp-content\/uploads\/sites\/3\/Valerie-new-2.jpg","post_type_labels":{"name":"Contact persons","singular_name":"Contact person","add_new":"Add New","add_new_item":"Add New Contact person","edit_item":"Edit Contact person","new_item":"New Contact person","view_item":"View Contact person","view_items":"Voir les articles","search_items":"Search Contact persons","not_found":"Aucune publication trouv\u00e9e.","not_found_in_trash":"Aucune publication trouv\u00e9e dans la corbeille.","parent_item_colon":"Parent Contact person:","all_items":"All Contact persons","archives":"Contact person Archives","attributes":"Attributs d\u2019articles","insert_into_item":"Ins\u00e9rer dans la publication","uploaded_to_this_item":"T\u00e9l\u00e9vers\u00e9s sur cette publication","featured_image":"Image mise en avant","set_featured_image":"D\u00e9finir l\u2019image mise en avant","remove_featured_image":"Supprimer l\u2019image mise en avant","use_featured_image":"Utiliser comme image mise en avant","filter_items_list":"Filter Contact persons list","filter_by_date":"Filtrer par date","items_list_navigation":"Contact persons list navigation","items_list":"Contact persons list","item_published":"Publication mise en ligne.","item_published_privately":"Publication mise en ligne en priv\u00e9.","item_reverted_to_draft":"Publication reconvertie en brouillon.","item_trashed":"Publication d\u00e9plac\u00e9e dans la corbeille.","item_scheduled":"Publication planifi\u00e9e.","item_updated":"Publication mise \u00e0 jour.","item_link":"Lien d\u2019article","item_link_description":"Un lien vers une publication.","menu_name":"Contact persons","name_admin_bar":"Contact person","update_item":"Update Contact person","template_name":"\u00c9l\u00e9ment unique\u00a0: Contact person"},"link":"https:\/\/www.4ps.be\/fr\/contact-persons\/valerie-vlieghe\/","excerpt":"","parent":null,"post_date_gmt":"2022-10-03 12:55:01","comment_status":"closed","ping_status":"closed","post_password":"","post_name":"valerie-vlieghe","to_ping":"","pinged":"","post_modified":"2022-10-03 16:49:18","post_modified_gmt":"2022-10-03 14:49:18","post_content_filtered":"","guid":"https:\/\/www.4ps.be\/?post_type=contact_person&#038;p=11834","menu_order":0,"post_mime_type":"","comment_count":"0","filter":"raw","status":"publish","template":"","relative_url":"contact-persons\/valerie-vlieghe\/","contact_person__name":"Valerie Vlieghe "},"image":"","content":""},{"content_element_type":"vc_text","title":"","content":"<p><strong><img class=\" wp-image-11994 aligncenter\" src=\"https:\/\/www.4ps.be\/wp-content\/uploads\/sites\/3\/FORMAT-VACATURES-POST-47.png\" alt=\"\" width=\"657\" height=\"343\" \/><\/strong><\/p>\n<p><strong>Hoe heb je het eerste jaar ervaren?<\/strong><br \/>\n\"Na \u00e9\u00e9n jaar werken bij 4PS neem ik graag de tijd om eens terug te blikken. Ik ben al geruime tijd vertrouwd met Business Central (en voorheen Navision), dus de basis had voor mij geen geheimen meer. Niettemin stelde ik al snel vast dat 4PS \u00e9cht een mooie, omvangrijke laag boven op de standaard Business Central omgeving heeft gebouwd en deze ook blijft ontwikkelen en optimaliseren. Het was en is voor mij nog steeds een boeiende uitdaging om de vele facetten van \u201c4PS Construct\u201d samen te brengen tot een geheel dat beantwoordt aan de noden van onze klanten. In eerste instantie binnen mijn specialisatie, maar zeker ook binnen het projectteam als geheel. Immers, om tot een succesvolle ERP-oplossing te komen moeten alle modules net als puzzelstukken in elkaar passen en verbonden zijn. Ik ben 4PS dan ook ontzettend dankbaar dat ik de mogelijkheid heb gekregen om geleidelijk te groeien.\"<\/p>\n<p><strong>Hoe zou je werken bij 4PS omschrijven?<\/strong><br \/>\n\"Werken bij 4PS ervaar ik als heel veel communicatie tussen alle betrokkenen. Je kan hierbij denken aan communicatie met klanten, collega\u2019s en externe partijen. Voor mij betekent communicatie goed luisteren en zelf ook het woord nemen. Ik geloof dat dit de basis is om tot de beste oplossingen te komen voor de uitdagingen waar onze klanten mee geconfronteerd worden.<br \/>\nE\u00e9n van de, naar mijn mening, mooiste Engelse spreekwoorden luidt: \u201cAll work and no play makes Jack a dull boy\u201d. Neen, de boog kan niet altijd gespannen zijn, en dat heeft 4PS goed begrepen. Er is ruimte voor ontspanning en plezier waardoor je de collega\u2019s ook eens van een andere kant leert kennen. Ook dit zit in het DNA van 4PS verankerd, en dat kan ik ten zeerste waarderen!\u201d<\/p>\n<p><strong>Hoe zie je de toekomst?<\/strong><br \/>\nIk kijk ook graag vooruit: de ICT-wereld, en alles hierrond, evolueert razendsnel. Ik wil me dan ook graag verder ontwikkelen en specialiseren binnen mijn domein, maar ook extra kennis opdoen om iets te betekenen in de nieuwe boeiende mogelijkheden die op ons pad komen. En om af te ronden: de missie van 4PS is \u201cMorgen weer net iets beter dan vandaag\u201d, mijn missie is \u201cmorgen weer iets meer part of 4PS dan vandaag\u201d.<\/p>\n"}],"_links":{"self":[{"href":"https:\/\/www.4ps.be\/fr\/wp-json\/wp\/v2\/pages\/14213","targetHints":{"allow":["GET"]}}],"collection":[{"href":"https:\/\/www.4ps.be\/fr\/wp-json\/wp\/v2\/pages"}],"about":[{"href":"https:\/\/www.4ps.be\/fr\/wp-json\/wp\/v2\/types\/page"}],"author":[{"embeddable":true,"href":"https:\/\/www.4ps.be\/fr\/wp-json\/wp\/v2\/users\/9"}],"replies":[{"embeddable":true,"href":"https:\/\/www.4ps.be\/fr\/wp-json\/wp\/v2\/comments?post=14213"}],"version-history":[{"count":0,"href":"https:\/\/www.4ps.be\/fr\/wp-json\/wp\/v2\/pages\/14213\/revisions"}],"wp:attachment":[{"href":"https:\/\/www.4ps.be\/fr\/wp-json\/wp\/v2\/media?parent=14213"}],"curies":[{"name":"wp","href":"https:\/\/api.w.org\/{rel}","templated":true}]}}