{"id":14229,"date":"2022-06-08T09:04:29","date_gmt":"2022-06-08T07:04:29","guid":{"rendered":"https:\/\/www.4ps.be\/brochure-download-microsoft-power-platform\/"},"modified":"2025-03-14T14:48:52","modified_gmt":"2025-03-14T13:48:52","slug":"brochure-download-microsoft-power-platform","status":"publish","type":"page","link":"https:\/\/www.4ps.be\/fr\/brochure-download-microsoft-power-platform\/","title":{"rendered":"T\u00e9l\u00e9charger la brochure Microsoft Power Platform"},"content":{"rendered":"<section class=\"block\">\n    <div class=\"ce ce-forms\">\n\n                    \n    <div class=\"row\">\n        <div class=\"column small-12 large-6\">\n            <div class=\"form-container\">\n\n                \n                                    [mautic_connector_form mautic_connector_environment_form_id=\"258\"]\n                \n            <\/div>\n        <\/div>\n        <div class=\"column small-12 large-6\">\n\n                            <p><img loading=\"lazy\" decoding=\"async\" class=\"alignnone wp-image-11538\" src=\"https:\/\/www.4ps.be\/wp-content\/uploads\/sites\/3\/Cover-brochure-microsoft-power-platform-BE.png\" alt=\"\" width=\"361\" height=\"512\" \/><\/p>\n\n            \n        <\/div>\n    <\/div>\n\n        \n    <\/div>\n<\/section>\n","protected":false},"excerpt":{"rendered":"[mautic_connector_form mautic_connector_environment_form_id=\"258\"]","protected":false},"author":19,"featured_media":0,"parent":0,"menu_order":0,"comment_status":"closed","ping_status":"closed","template":"","meta":{"_acf_changed":false,"footnotes":""},"class_list":["post-14229","page","type-page","status-publish","hentry"],"acf":[],"yoast_head":"<!-- This site is optimized with the Yoast SEO Premium plugin v25.5 (Yoast SEO v25.5) - https:\/\/yoast.com\/wordpress\/plugins\/seo\/ -->\n<title>T\u00e9l\u00e9charger la brochure Microsoft Power Platform - 4PS Belgi\u00eb<\/title>\n<meta name=\"description\" content=\"Verbind je software met 4PS Construct met de 4PS API. Download hier de brochure over de 4PS API.\" \/>\n<meta name=\"robots\" content=\"index, follow, max-snippet:-1, max-image-preview:large, max-video-preview:-1\" \/>\n<link rel=\"canonical\" href=\"https:\/\/www.4ps.be\/fr\/brochure-download-microsoft-power-platform\/\" \/>\n<meta property=\"og:locale\" content=\"fr_FR\" \/>\n<meta property=\"og:type\" content=\"article\" \/>\n<meta property=\"og:title\" content=\"T\u00e9l\u00e9charger la brochure Microsoft Power Platform\" \/>\n<meta property=\"og:url\" content=\"https:\/\/www.4ps.be\/fr\/brochure-download-microsoft-power-platform\/\" \/>\n<meta property=\"og:site_name\" content=\"4PS Belgi\u00eb\" \/>\n<meta property=\"article:modified_time\" content=\"2025-03-14T13:48:52+00:00\" \/>\n<meta property=\"og:image\" content=\"https:\/\/www.4ps.be\/wp-content\/uploads\/sites\/3\/Cover-brochure-microsoft-power-platform-BE.png\" \/>\n<meta name=\"twitter:card\" content=\"summary_large_image\" \/>\n<meta name=\"twitter:site\" content=\"@4psBelgium\" \/>\n<meta name=\"twitter:label1\" content=\"Dur\u00e9e de lecture estim\u00e9e\" \/>\n\t<meta name=\"twitter:data1\" content=\"1 minute\" \/>\n<script type=\"application\/ld+json\" class=\"yoast-schema-graph\">{\"@context\":\"https:\/\/schema.org\",\"@graph\":[{\"@type\":\"WebPage\",\"@id\":\"https:\/\/www.4ps.be\/fr\/brochure-download-microsoft-power-platform\/\",\"url\":\"https:\/\/www.4ps.be\/fr\/brochure-download-microsoft-power-platform\/\",\"name\":\"T\u00e9l\u00e9charger la brochure Microsoft Power Platform - 4PS Belgi\u00eb\",\"isPartOf\":{\"@id\":\"https:\/\/www.4ps.be\/fr\/#website\"},\"primaryImageOfPage\":{\"@id\":\"https:\/\/www.4ps.be\/fr\/brochure-download-microsoft-power-platform\/#primaryimage\"},\"image\":{\"@id\":\"https:\/\/www.4ps.be\/fr\/brochure-download-microsoft-power-platform\/#primaryimage\"},\"thumbnailUrl\":\"https:\/\/www.4ps.be\/wp-content\/uploads\/sites\/3\/Cover-brochure-microsoft-power-platform-BE.png\",\"datePublished\":\"2022-06-08T07:04:29+00:00\",\"dateModified\":\"2025-03-14T13:48:52+00:00\",\"description\":\"Verbind je software met 4PS Construct met de 4PS API. Download hier de brochure over de 4PS API.\",\"inLanguage\":\"fr-FR\",\"potentialAction\":[{\"@type\":\"ReadAction\",\"target\":[\"https:\/\/www.4ps.be\/fr\/brochure-download-microsoft-power-platform\/\"]}]},{\"@type\":\"ImageObject\",\"inLanguage\":\"fr-FR\",\"@id\":\"https:\/\/www.4ps.be\/fr\/brochure-download-microsoft-power-platform\/#primaryimage\",\"url\":\"https:\/\/www.4ps.be\/wp-content\/uploads\/sites\/3\/Cover-brochure-microsoft-power-platform-BE.png\",\"contentUrl\":\"https:\/\/www.4ps.be\/wp-content\/uploads\/sites\/3\/Cover-brochure-microsoft-power-platform-BE.png\"},{\"@type\":\"WebSite\",\"@id\":\"https:\/\/www.4ps.be\/fr\/#website\",\"url\":\"https:\/\/www.4ps.be\/fr\/\",\"name\":\"4PS Belgi\u00eb\",\"description\":\"\",\"publisher\":{\"@id\":\"https:\/\/www.4ps.be\/fr\/#organization\"},\"potentialAction\":[{\"@type\":\"SearchAction\",\"target\":{\"@type\":\"EntryPoint\",\"urlTemplate\":\"https:\/\/www.4ps.be\/fr\/?s={search_term_string}\"},\"query-input\":{\"@type\":\"PropertyValueSpecification\",\"valueRequired\":true,\"valueName\":\"search_term_string\"}}],\"inLanguage\":\"fr-FR\"},{\"@type\":\"Organization\",\"@id\":\"https:\/\/www.4ps.be\/fr\/#organization\",\"name\":\"4PS Belgi\u00eb\",\"url\":\"https:\/\/www.4ps.be\/fr\/\",\"logo\":{\"@type\":\"ImageObject\",\"inLanguage\":\"fr-FR\",\"@id\":\"https:\/\/www.4ps.be\/fr\/#\/schema\/logo\/image\/\",\"url\":\"https:\/\/www.4ps.be\/wp-content\/uploads\/sites\/3\/4PS_logo_RGB.jpg\",\"contentUrl\":\"https:\/\/www.4ps.be\/wp-content\/uploads\/sites\/3\/4PS_logo_RGB.jpg\",\"width\":859,\"height\":645,\"caption\":\"4PS Belgi\u00eb\"},\"image\":{\"@id\":\"https:\/\/www.4ps.be\/fr\/#\/schema\/logo\/image\/\"},\"sameAs\":[\"https:\/\/x.com\/4psBelgium\",\"https:\/\/www.linkedin.com\/company\/36159596\/\",\"https:\/\/www.youtube.com\/c\/4PSEde\"]}]}<\/script>\n<!-- \/ Yoast SEO Premium plugin. -->","yoast_head_json":{"title":"T\u00e9l\u00e9charger la brochure Microsoft Power Platform - 4PS Belgi\u00eb","description":"Verbind je software met 4PS Construct met de 4PS API. Download hier de brochure over de 4PS API.","robots":{"index":"index","follow":"follow","max-snippet":"max-snippet:-1","max-image-preview":"max-image-preview:large","max-video-preview":"max-video-preview:-1"},"canonical":"https:\/\/www.4ps.be\/fr\/brochure-download-microsoft-power-platform\/","og_locale":"fr_FR","og_type":"article","og_title":"T\u00e9l\u00e9charger la brochure Microsoft Power Platform","og_url":"https:\/\/www.4ps.be\/fr\/brochure-download-microsoft-power-platform\/","og_site_name":"4PS Belgi\u00eb","article_modified_time":"2025-03-14T13:48:52+00:00","og_image":[{"url":"https:\/\/www.4ps.be\/wp-content\/uploads\/sites\/3\/Cover-brochure-microsoft-power-platform-BE.png","type":"","width":"","height":""}],"twitter_card":"summary_large_image","twitter_site":"@4psBelgium","twitter_misc":{"Dur\u00e9e de lecture estim\u00e9e":"1 minute"},"schema":{"@context":"https:\/\/schema.org","@graph":[{"@type":"WebPage","@id":"https:\/\/www.4ps.be\/fr\/brochure-download-microsoft-power-platform\/","url":"https:\/\/www.4ps.be\/fr\/brochure-download-microsoft-power-platform\/","name":"T\u00e9l\u00e9charger la brochure Microsoft Power Platform - 4PS Belgi\u00eb","isPartOf":{"@id":"https:\/\/www.4ps.be\/fr\/#website"},"primaryImageOfPage":{"@id":"https:\/\/www.4ps.be\/fr\/brochure-download-microsoft-power-platform\/#primaryimage"},"image":{"@id":"https:\/\/www.4ps.be\/fr\/brochure-download-microsoft-power-platform\/#primaryimage"},"thumbnailUrl":"https:\/\/www.4ps.be\/wp-content\/uploads\/sites\/3\/Cover-brochure-microsoft-power-platform-BE.png","datePublished":"2022-06-08T07:04:29+00:00","dateModified":"2025-03-14T13:48:52+00:00","description":"Verbind je software met 4PS Construct met de 4PS API. Download hier de brochure over de 4PS API.","inLanguage":"fr-FR","potentialAction":[{"@type":"ReadAction","target":["https:\/\/www.4ps.be\/fr\/brochure-download-microsoft-power-platform\/"]}]},{"@type":"ImageObject","inLanguage":"fr-FR","@id":"https:\/\/www.4ps.be\/fr\/brochure-download-microsoft-power-platform\/#primaryimage","url":"https:\/\/www.4ps.be\/wp-content\/uploads\/sites\/3\/Cover-brochure-microsoft-power-platform-BE.png","contentUrl":"https:\/\/www.4ps.be\/wp-content\/uploads\/sites\/3\/Cover-brochure-microsoft-power-platform-BE.png"},{"@type":"WebSite","@id":"https:\/\/www.4ps.be\/fr\/#website","url":"https:\/\/www.4ps.be\/fr\/","name":"4PS Belgi\u00eb","description":"","publisher":{"@id":"https:\/\/www.4ps.be\/fr\/#organization"},"potentialAction":[{"@type":"SearchAction","target":{"@type":"EntryPoint","urlTemplate":"https:\/\/www.4ps.be\/fr\/?s={search_term_string}"},"query-input":{"@type":"PropertyValueSpecification","valueRequired":true,"valueName":"search_term_string"}}],"inLanguage":"fr-FR"},{"@type":"Organization","@id":"https:\/\/www.4ps.be\/fr\/#organization","name":"4PS Belgi\u00eb","url":"https:\/\/www.4ps.be\/fr\/","logo":{"@type":"ImageObject","inLanguage":"fr-FR","@id":"https:\/\/www.4ps.be\/fr\/#\/schema\/logo\/image\/","url":"https:\/\/www.4ps.be\/wp-content\/uploads\/sites\/3\/4PS_logo_RGB.jpg","contentUrl":"https:\/\/www.4ps.be\/wp-content\/uploads\/sites\/3\/4PS_logo_RGB.jpg","width":859,"height":645,"caption":"4PS Belgi\u00eb"},"image":{"@id":"https:\/\/www.4ps.be\/fr\/#\/schema\/logo\/image\/"},"sameAs":["https:\/\/x.com\/4psBelgium","https:\/\/www.linkedin.com\/company\/36159596\/","https:\/\/www.youtube.com\/c\/4PSEde"]}]}},"content_elements":[{"content_element_type":"vc_gravity_form","form_type":"mautic","form_id":"","mautic_form_id":"258","title":"","mautic_form":"[mautic_connector_form mautic_connector_environment_form_id=\"258\"]","content":"<p><img class=\"alignnone wp-image-11538\" src=\"https:\/\/www.4ps.be\/wp-content\/uploads\/sites\/3\/Cover-brochure-microsoft-power-platform-BE.png\" alt=\"\" width=\"361\" height=\"512\" \/><\/p>\n"}],"_links":{"self":[{"href":"https:\/\/www.4ps.be\/fr\/wp-json\/wp\/v2\/pages\/14229","targetHints":{"allow":["GET"]}}],"collection":[{"href":"https:\/\/www.4ps.be\/fr\/wp-json\/wp\/v2\/pages"}],"about":[{"href":"https:\/\/www.4ps.be\/fr\/wp-json\/wp\/v2\/types\/page"}],"author":[{"embeddable":true,"href":"https:\/\/www.4ps.be\/fr\/wp-json\/wp\/v2\/users\/19"}],"replies":[{"embeddable":true,"href":"https:\/\/www.4ps.be\/fr\/wp-json\/wp\/v2\/comments?post=14229"}],"version-history":[{"count":1,"href":"https:\/\/www.4ps.be\/fr\/wp-json\/wp\/v2\/pages\/14229\/revisions"}],"predecessor-version":[{"id":15244,"href":"https:\/\/www.4ps.be\/fr\/wp-json\/wp\/v2\/pages\/14229\/revisions\/15244"}],"wp:attachment":[{"href":"https:\/\/www.4ps.be\/fr\/wp-json\/wp\/v2\/media?parent=14229"}],"curies":[{"name":"wp","href":"https:\/\/api.w.org\/{rel}","templated":true}]}}