{"id":14246,"date":"2021-11-29T11:32:55","date_gmt":"2021-11-29T10:32:55","guid":{"rendered":"https:\/\/www.4ps.be\/bedankt-brochure-4ps-urenregistratie-tools\/"},"modified":"2021-11-29T11:32:55","modified_gmt":"2021-11-29T10:32:55","slug":"bedankt-brochure-4ps-urenregistratie-tools","status":"publish","type":"page","link":"https:\/\/www.4ps.be\/fr\/bedankt-brochure-4ps-urenregistratie-tools\/","title":{"rendered":"Bedankpagina brochure 4PS urenregistratie tools"},"content":{"rendered":"<section class=\"block\">\n    <div class=\"ce ce-text-with-media\">\n\n                    \n    <div class=\"row\">\n        <div class=\"column small-12 large-6\">\n\n            \n                <figure class=\"left\">\n                    <img decoding=\"async\" src=\"https:\/\/www.4ps.be\/wp-content\/uploads\/sites\/3\/4ps-urenregistratie-tools-website-1024x576-c-default.png\" alt=\"\"\/>\n\n                    \n                <\/figure>\n\n            \n        <\/div>\n        <div class=\"column small-12 large-6\">\n            <div class=\"content-holder\">\n                <div class=\"content\">\n\n                    \n                    \n                        <h2><a href=\"https:\/\/www.4ps.be\/wp-content\/uploads\/sites\/3\/4PSBE_Brochure_4PS_Urenregistratie.pdf\" >Alsjeblieft, de 4PS urenregistratie brochure<\/a><\/h2>\n\n                    \n                    \n                        <div class=\"wysiwyg\">\n\n                            <p>Met 4PS urenregistratie tools digitaliseer je de urenverantwoording. Medewerkers vullen hun uren in via de 4PS Uren App op hun smartphone of via het 4PS Urenportaal op hun tablet of laptop. Dankzij de volledige integratie met 4PS Construct zie je alle gewerkte uren direct in je ERP-pakket. Handig, gemakkelijk \u00e9n snel!<\/p>\n\n\n                        <\/div>\n\n                    \n                    \n                    \n                        <a href=\"https:\/\/www.4ps.be\/wp-content\/uploads\/sites\/3\/4PSBE_Brochure_4PS_Urenregistratie.pdf\" class=\"button with-icon icon-right arrow-right\"  target=\"_blank\"><span>Bekijk de brochure<\/span><\/a>\n\n                    \n                <\/div>\n            <\/div>\n        <\/div>\n    <\/div>\n\n        \n    <\/div>\n<\/section>\n","protected":false},"excerpt":{"rendered":"Alsjeblieft, de 4PS urenregistratie brochure Met 4PS urenregistratie tools digitaliseer je de urenverantwoording. Medewerkers vullen hun uren in via de 4PS Uren App op hun smartphone of via het 4PS Urenportaal op hun tablet of laptop. Dankzij de volledige integratie met 4PS Construct zie je alle gewerkte uren direct in je ERP-pakket. Handig, gemakkelijk \u00e9n [...]","protected":false},"author":19,"featured_media":0,"parent":0,"menu_order":0,"comment_status":"closed","ping_status":"closed","template":"","meta":{"_acf_changed":false,"footnotes":""},"class_list":["post-14246","page","type-page","status-publish","hentry"],"acf":[],"yoast_head":"<!-- This site is optimized with the Yoast SEO Premium plugin v25.5 (Yoast SEO v25.5) - https:\/\/yoast.com\/wordpress\/plugins\/seo\/ -->\n<title>Bedankpagina brochure 4PS urenregistratie tools - 4PS Belgi\u00eb<\/title>\n<meta name=\"robots\" content=\"index, follow, max-snippet:-1, max-image-preview:large, max-video-preview:-1\" \/>\n<link rel=\"canonical\" href=\"https:\/\/www.4ps.be\/fr\/bedankt-brochure-4ps-urenregistratie-tools\/\" \/>\n<meta property=\"og:locale\" content=\"fr_FR\" \/>\n<meta property=\"og:type\" content=\"article\" \/>\n<meta property=\"og:title\" content=\"Bedankpagina brochure 4PS urenregistratie tools\" \/>\n<meta property=\"og:url\" content=\"https:\/\/www.4ps.be\/fr\/bedankt-brochure-4ps-urenregistratie-tools\/\" \/>\n<meta property=\"og:site_name\" content=\"4PS Belgi\u00eb\" \/>\n<meta name=\"twitter:card\" content=\"summary_large_image\" \/>\n<meta name=\"twitter:site\" content=\"@4psBelgium\" \/>\n<meta name=\"twitter:label1\" content=\"Dur\u00e9e de lecture estim\u00e9e\" \/>\n\t<meta name=\"twitter:data1\" content=\"1 minute\" \/>\n<script type=\"application\/ld+json\" class=\"yoast-schema-graph\">{\"@context\":\"https:\/\/schema.org\",\"@graph\":[{\"@type\":\"WebPage\",\"@id\":\"https:\/\/www.4ps.be\/fr\/bedankt-brochure-4ps-urenregistratie-tools\/\",\"url\":\"https:\/\/www.4ps.be\/fr\/bedankt-brochure-4ps-urenregistratie-tools\/\",\"name\":\"Bedankpagina brochure 4PS urenregistratie tools - 4PS Belgi\u00eb\",\"isPartOf\":{\"@id\":\"https:\/\/www.4ps.be\/fr\/#website\"},\"datePublished\":\"2021-11-29T10:32:55+00:00\",\"inLanguage\":\"fr-FR\",\"potentialAction\":[{\"@type\":\"ReadAction\",\"target\":[\"https:\/\/www.4ps.be\/fr\/bedankt-brochure-4ps-urenregistratie-tools\/\"]}]},{\"@type\":\"WebSite\",\"@id\":\"https:\/\/www.4ps.be\/fr\/#website\",\"url\":\"https:\/\/www.4ps.be\/fr\/\",\"name\":\"4PS Belgi\u00eb\",\"description\":\"\",\"publisher\":{\"@id\":\"https:\/\/www.4ps.be\/fr\/#organization\"},\"potentialAction\":[{\"@type\":\"SearchAction\",\"target\":{\"@type\":\"EntryPoint\",\"urlTemplate\":\"https:\/\/www.4ps.be\/fr\/?s={search_term_string}\"},\"query-input\":{\"@type\":\"PropertyValueSpecification\",\"valueRequired\":true,\"valueName\":\"search_term_string\"}}],\"inLanguage\":\"fr-FR\"},{\"@type\":\"Organization\",\"@id\":\"https:\/\/www.4ps.be\/fr\/#organization\",\"name\":\"4PS Belgi\u00eb\",\"url\":\"https:\/\/www.4ps.be\/fr\/\",\"logo\":{\"@type\":\"ImageObject\",\"inLanguage\":\"fr-FR\",\"@id\":\"https:\/\/www.4ps.be\/fr\/#\/schema\/logo\/image\/\",\"url\":\"https:\/\/www.4ps.be\/wp-content\/uploads\/sites\/3\/4PS_logo_RGB.jpg\",\"contentUrl\":\"https:\/\/www.4ps.be\/wp-content\/uploads\/sites\/3\/4PS_logo_RGB.jpg\",\"width\":859,\"height\":645,\"caption\":\"4PS Belgi\u00eb\"},\"image\":{\"@id\":\"https:\/\/www.4ps.be\/fr\/#\/schema\/logo\/image\/\"},\"sameAs\":[\"https:\/\/x.com\/4psBelgium\",\"https:\/\/www.linkedin.com\/company\/36159596\/\",\"https:\/\/www.youtube.com\/c\/4PSEde\"]}]}<\/script>\n<!-- \/ Yoast SEO Premium plugin. -->","yoast_head_json":{"title":"Bedankpagina brochure 4PS urenregistratie tools - 4PS Belgi\u00eb","robots":{"index":"index","follow":"follow","max-snippet":"max-snippet:-1","max-image-preview":"max-image-preview:large","max-video-preview":"max-video-preview:-1"},"canonical":"https:\/\/www.4ps.be\/fr\/bedankt-brochure-4ps-urenregistratie-tools\/","og_locale":"fr_FR","og_type":"article","og_title":"Bedankpagina brochure 4PS urenregistratie tools","og_url":"https:\/\/www.4ps.be\/fr\/bedankt-brochure-4ps-urenregistratie-tools\/","og_site_name":"4PS Belgi\u00eb","twitter_card":"summary_large_image","twitter_site":"@4psBelgium","twitter_misc":{"Dur\u00e9e de lecture estim\u00e9e":"1 minute"},"schema":{"@context":"https:\/\/schema.org","@graph":[{"@type":"WebPage","@id":"https:\/\/www.4ps.be\/fr\/bedankt-brochure-4ps-urenregistratie-tools\/","url":"https:\/\/www.4ps.be\/fr\/bedankt-brochure-4ps-urenregistratie-tools\/","name":"Bedankpagina brochure 4PS urenregistratie tools - 4PS Belgi\u00eb","isPartOf":{"@id":"https:\/\/www.4ps.be\/fr\/#website"},"datePublished":"2021-11-29T10:32:55+00:00","inLanguage":"fr-FR","potentialAction":[{"@type":"ReadAction","target":["https:\/\/www.4ps.be\/fr\/bedankt-brochure-4ps-urenregistratie-tools\/"]}]},{"@type":"WebSite","@id":"https:\/\/www.4ps.be\/fr\/#website","url":"https:\/\/www.4ps.be\/fr\/","name":"4PS Belgi\u00eb","description":"","publisher":{"@id":"https:\/\/www.4ps.be\/fr\/#organization"},"potentialAction":[{"@type":"SearchAction","target":{"@type":"EntryPoint","urlTemplate":"https:\/\/www.4ps.be\/fr\/?s={search_term_string}"},"query-input":{"@type":"PropertyValueSpecification","valueRequired":true,"valueName":"search_term_string"}}],"inLanguage":"fr-FR"},{"@type":"Organization","@id":"https:\/\/www.4ps.be\/fr\/#organization","name":"4PS Belgi\u00eb","url":"https:\/\/www.4ps.be\/fr\/","logo":{"@type":"ImageObject","inLanguage":"fr-FR","@id":"https:\/\/www.4ps.be\/fr\/#\/schema\/logo\/image\/","url":"https:\/\/www.4ps.be\/wp-content\/uploads\/sites\/3\/4PS_logo_RGB.jpg","contentUrl":"https:\/\/www.4ps.be\/wp-content\/uploads\/sites\/3\/4PS_logo_RGB.jpg","width":859,"height":645,"caption":"4PS Belgi\u00eb"},"image":{"@id":"https:\/\/www.4ps.be\/fr\/#\/schema\/logo\/image\/"},"sameAs":["https:\/\/x.com\/4psBelgium","https:\/\/www.linkedin.com\/company\/36159596\/","https:\/\/www.youtube.com\/c\/4PSEde"]}]}},"content_elements":[{"content_element_type":"vc_text_with_media","element_label":"","title":{"url":"https:\/\/www.4ps.be\/wp-content\/uploads\/sites\/3\/4PSBE_Brochure_4PS_Urenregistratie.pdf","title":"Alsjeblieft, de 4PS urenregistratie brochure","target":"","rel":"","relative_url":"https:\/\/www.4ps.be\/wp-content\/uploads\/sites\/3\/4PSBE_Brochure_4PS_Urenregistratie.pdf"},"download":"","link":{"url":"https:\/\/www.4ps.be\/wp-content\/uploads\/sites\/3\/4PSBE_Brochure_4PS_Urenregistratie.pdf","title":"Bekijk de brochure","target":"_blank","rel":"","relative_url":"https:\/\/www.4ps.be\/wp-content\/uploads\/sites\/3\/4PSBE_Brochure_4PS_Urenregistratie.pdf"},"image":{"id":"11032","ID":"11032","object_type":"image","ImageClass":"Timber\\Image","PostClass":"Timber\\Post","TermClass":"Timber\\Term","custom":[],"post_author":"19","post_content":"","post_date":"2021-11-29 11:31:26","post_excerpt":"","post_parent":11030,"post_status":"inherit","post_title":"4ps-urenregistratie-tools-website","post_type":"attachment","slug":null,"abs_url":null,"file_loc":"\/home\/ploi\/www.4ps.co.uk\/public\/wp-content\/uploads\/sites\/3\/4ps-urenregistratie-tools-website.png","file":"4ps-urenregistratie-tools-website.png","sizes":{"thumbnail":{"file":"4ps-urenregistratie-tools-website-150x150.png","width":150,"height":150,"mime-type":"image\/png"}},"caption":"","image_meta":{"aperture":"0","credit":"","camera":"","caption":"","created_timestamp":"0","copyright":"","focal_length":"0","iso":"0","shutter_speed":"0","title":"","orientation":"0","keywords":[]},"_wp_attachment_metadata":"a:5:{s:5:\"width\";i:1275;s:6:\"height\";i:711;s:4:\"file\";s:37:\"4ps-urenregistratie-tools-website.png\";s:5:\"sizes\";a:1:{s:9:\"thumbnail\";a:4:{s:4:\"file\";s:45:\"4ps-urenregistratie-tools-website-150x150.png\";s:5:\"width\";i:150;s:6:\"height\";i:150;s:9:\"mime-type\";s:9:\"image\/png\";}}s:10:\"image_meta\";a:12:{s:8:\"aperture\";s:1:\"0\";s:6:\"credit\";s:0:\"\";s:6:\"camera\";s:0:\"\";s:7:\"caption\";s:0:\"\";s:17:\"created_timestamp\";s:1:\"0\";s:9:\"copyright\";s:0:\"\";s:12:\"focal_length\";s:1:\"0\";s:3:\"iso\";s:1:\"0\";s:13:\"shutter_speed\";s:1:\"0\";s:5:\"title\";s:0:\"\";s:11:\"orientation\";s:1:\"0\";s:8:\"keywords\";a:0:{}}}","wpml_media_processed":"1","post_date_gmt":"2021-11-29 10:31:26","comment_status":"closed","ping_status":"closed","post_password":"","post_name":"4ps-urenregistratie-tools-website","to_ping":"","pinged":"","post_modified":"2021-11-29 11:31:26","post_modified_gmt":"2021-11-29 10:31:26","post_content_filtered":"","guid":"https:\/\/www.4ps.be\/wp-content\/uploads\/sites\/3\/4ps-urenregistratie-tools-website.png","menu_order":0,"post_mime_type":"image\/png","comment_count":"0","filter":"raw"},"video":"","image_position":"left","content":"<p>Met 4PS urenregistratie tools digitaliseer je de urenverantwoording. Medewerkers vullen hun uren in via de 4PS Uren App op hun smartphone of via het 4PS Urenportaal op hun tablet of laptop. Dankzij de volledige integratie met 4PS Construct zie je alle gewerkte uren direct in je ERP-pakket. Handig, gemakkelijk \u00e9n snel!<\/p>\n"}],"_links":{"self":[{"href":"https:\/\/www.4ps.be\/fr\/wp-json\/wp\/v2\/pages\/14246","targetHints":{"allow":["GET"]}}],"collection":[{"href":"https:\/\/www.4ps.be\/fr\/wp-json\/wp\/v2\/pages"}],"about":[{"href":"https:\/\/www.4ps.be\/fr\/wp-json\/wp\/v2\/types\/page"}],"author":[{"embeddable":true,"href":"https:\/\/www.4ps.be\/fr\/wp-json\/wp\/v2\/users\/19"}],"replies":[{"embeddable":true,"href":"https:\/\/www.4ps.be\/fr\/wp-json\/wp\/v2\/comments?post=14246"}],"version-history":[{"count":0,"href":"https:\/\/www.4ps.be\/fr\/wp-json\/wp\/v2\/pages\/14246\/revisions"}],"wp:attachment":[{"href":"https:\/\/www.4ps.be\/fr\/wp-json\/wp\/v2\/media?parent=14246"}],"curies":[{"name":"wp","href":"https:\/\/api.w.org\/{rel}","templated":true}]}}