{"id":14250,"date":"2021-10-15T07:02:14","date_gmt":"2021-10-15T05:02:14","guid":{"rendered":"https:\/\/www.4ps.be\/voorwaarden\/"},"modified":"2025-03-13T17:00:12","modified_gmt":"2025-03-13T16:00:12","slug":"voorwaarden","status":"publish","type":"page","link":"https:\/\/www.4ps.be\/fr\/voorwaarden\/","title":{"rendered":"Conditions"},"content":{"rendered":"<section class=\"block\">\n    <div class=\"ce ce-text\">\n\n                    \n    <div class=\"row\">\n        <div class=\"column small-12\">\n            <div class=\"wysiwyg\">\n\n                \n                                    <h2>1. Conditions d&rsquo;utilisation du produit<\/h2>\n<p>Le document \u00ab\u00a0Product Terms\u00a0\u00bb d\u00e9crit la disponibilit\u00e9 des produits et des services professionnels dans le cadre des programmes de licences en volume de Microsoft (anciennement d\u00e9crits dans la \u00ab\u00a0Product List\u00a0\u00bb), ainsi que les droits d&rsquo;utilisation des produits logiciels (anciennement d\u00e9crits dans le \u00ab\u00a0PUR\u00a0\u00bb).<\/p>\n<p><a class=\"\" href=\"https:\/\/www.microsoft.com\/licensing\/docs\/view\/Licensing-Use-Rights\" target=\"_blank\" rel=\"noopener\">Lees hier de productvoorwaarden<\/a><\/p>\n<h2>2. Conditions de paiement<\/h2>\n<p>Nos conditions de paiement donnent un aper\u00e7u des modalit\u00e9s de paiement applicables lors de l&rsquo;utilisation de nos services. Nous vous recommandons de les lire attentivement. Si vous avez des questions, n&rsquo;h\u00e9sitez pas \u00e0 nous contacter.<\/p>\n<p><a href=\"https:\/\/www.4ps.be\/wp-content\/uploads\/sites\/3\/Betalingsvoorwaarden_4PS.pdf\">Bekijk hier onze Betalingsvoorwaarden.<\/a><\/p>\n<h2>3. Termes relatifs aux produits Microsoft<\/h2>\n<p>Les conditions g\u00e9n\u00e9rales des services en ligne s&rsquo;appliquent \u00e0 l&rsquo;utilisation des services en ligne par le client. La charte de protection des donn\u00e9es personnelles pour les services en ligne (GBO, d\u00e9crite ci-dessous) d\u00e9finit les obligations relatives au traitement et \u00e0 la s\u00e9curit\u00e9 des donn\u00e9es du client et des donn\u00e9es personnelles par les services en ligne. Les conditions g\u00e9n\u00e9rales des services en ligne s&rsquo;appliquent \u00e0 la fourniture des services professionnels. L&rsquo;utilisation de produits non Microsoft (tels que d\u00e9finis ci-dessous) est soumise \u00e0 des conditions g\u00e9n\u00e9rales distinctes, y compris \u00e0 des dispositions diff\u00e9rentes en mati\u00e8re de confidentialit\u00e9 et de s\u00e9curit\u00e9.<\/p>\n<p>Sur cette page web, s\u00e9lectionnez le programme \u00ab\u00a0Microsoft Customer Agreement\u00a0\u00bb.<\/p>\n<p>Les conditions g\u00e9n\u00e9rales s&rsquo;appliquent aux produits suivants :<\/p>\n<p>\u2013 Microsoft Azure<br \/>\n\u2013 Microsoft Power Platform<br \/>\n\u2013 Microsoft 365<br \/>\n\u2013 Microsoft Dynamics 365 Services<br \/>\n\u2013 Office 365 Services<\/p>\n<p><a class=\"\" href=\"https:\/\/www.microsoft.com\/licensing\/terms\/productoffering?programMoniker=MCA\" target=\"_blank\" rel=\"noopener\">Lees hier de Microsoft Customer Agreement<\/a><\/p>\n<h2>4. Conditions d&rsquo;utilisation des services en ligne<\/h2>\n<p>Les conditions relatives aux services en ligne s&rsquo;appliquent \u00e0 l&rsquo;utilisation des services en ligne par le client et le calendrier de protection des donn\u00e9es pour les services en ligne (GBO, d\u00e9crit ci-dessous) d\u00e9finit leurs obligations en ce qui concerne le traitement et la s\u00e9curit\u00e9 des donn\u00e9es du client et des donn\u00e9es \u00e0 caract\u00e8re personnel par les services en ligne. Les conditions g\u00e9n\u00e9rales des services en ligne s&rsquo;appliquent \u00e0 la fourniture des services professionnels. L&rsquo;utilisation de produits non Microsoft (tels que d\u00e9finis ci-dessous) est soumise \u00e0 des conditions g\u00e9n\u00e9rales distinctes, y compris \u00e0 des dispositions diff\u00e9rentes en mati\u00e8re de confidentialit\u00e9 et de s\u00e9curit\u00e9. En cas de conflit ou d&rsquo;incoh\u00e9rence entre les CGB et d&rsquo;autres conditions du contrat de licence en volume du client (y compris les conditions relatives aux produits ou les conditions relatives aux services en ligne).<\/p>\n<p><a class=\"\" href=\"https:\/\/www.4ps.be\/wp-content\/uploads\/sites\/3\/Microsoft-Volume-Licensing-februari-2021-Voorwaarden-voor-Online-Diensten.pdf\" target=\"_blank\" rel=\"noopener\">Lees hier de voorwaarden voor online diensten<\/a><\/p>\n<h2>5. Licence de logiciel et accord de maintenance de 4PS On-premises<\/h2>\n<p>Cet accord mentionne les conditions de licence et de maintenance de On-Premises (h\u00e9bergeur externe). Les informations confidentielles, la garantie et la limitation de responsabilit\u00e9, la force majeure, la dur\u00e9e et la r\u00e9siliation, la renonciation aux droits et bien d&rsquo;autres questions sont couvertes.<\/p>\n<p><a class=\"\" href=\"https:\/\/www.4ps.be\/wp-content\/uploads\/sites\/3\/On-Premise-4PS-Algemene-Voorwaarden-versie-mei-2022.pdf\" target=\"_blank\" rel=\"noopener\">Lees hier de licentie- en de onderhoudsvoorwaarden van On-premises<\/a><\/p>\n<h2>6. Accord de licence et de maintenance de logiciels Sur place, h\u00e9bergeur externe<\/h2>\n<p>Cet accord mentionne les conditions de licence et de maintenance de On-Premises. Les informations confidentielles, la garantie et la limitation de responsabilit\u00e9, la force majeure, la dur\u00e9e et la r\u00e9siliation, la renonciation aux droits et bien d&rsquo;autres questions sont couvertes.<\/p>\n<p><a class=\"\" href=\"https:\/\/www.4ps.be\/wp-content\/uploads\/sites\/3\/On-Premise-met-Externe-Host-4PS-Algemene-Voorwaarden-versie-mei-2022.pdf\" target=\"_blank\" rel=\"noopener\">Lees hier de licentie- en onderhoudsovereenkomst van On-Premises (externe hosting partij)<\/a><\/p>\n<h2>7. Conditions de licence et de maintenance du logiciel 4PS Cloud<\/h2>\n<p>Les conditions de licence et de maintenance du 4PS Cloud sont mentionn\u00e9es dans cet accord. Les informations confidentielles, la garantie et la limitation de responsabilit\u00e9, la force majeure, la dur\u00e9e et la r\u00e9siliation, la renonciation aux droits et bien d&rsquo;autres questions sont couvertes.<\/p>\n<p><a class=\"\" href=\"https:\/\/www.4ps.be\/wp-content\/uploads\/sites\/3\/4PS-Cloud-4PS-Belgium-4PS-Algemene-Voorwaarden-BE-versie-mei-2022.pdf\" target=\"_blank\" rel=\"noopener\">Lees hier de licentie- en onderhoudsvoorwaarden van de 4PS Cloud<\/a><\/p>\n<h2>8. Conditions de licence et de maintenance des logiciels Microsoft Cloud<\/h2>\n<p>Les conditions de licence et de maintenance du Cloud Microsoft sont mentionn\u00e9es dans cet accord. Les informations confidentielles, la garantie et la limitation de responsabilit\u00e9, la force majeure, la dur\u00e9e et la r\u00e9siliation, la renonciation aux droits et bien d&rsquo;autres questions sont couvertes.<\/p>\n<p><a href=\"https:\/\/www.4ps.be\/wp-content\/uploads\/sites\/3\/MS-Cloud-4PS-Algemene-Voorwaarden-versie-mei-2022.pdf\">Lees hier de licentie- en onderhoudsvoorwaarden van de Microsoft Cloud.<\/a><\/p>\n\n                \n            <\/div>\n        <\/div>\n    <\/div>\n\n        \n    <\/div>\n<\/section>\n","protected":false},"excerpt":{"rendered":"1. Conditions d'utilisation du produit Le document \"Product Terms\" d\u00e9crit la disponibilit\u00e9 des produits et des services professionnels dans le cadre des programmes de licences en volume de Microsoft (anciennement d\u00e9crits dans la \"Product List\"), ainsi que les droits d'utilisation des produits logiciels (anciennement d\u00e9crits dans le \"PUR\"). Lees hier de productvoorwaarden 2. Conditions de [...]","protected":false},"author":19,"featured_media":0,"parent":0,"menu_order":0,"comment_status":"closed","ping_status":"closed","template":"","meta":{"_acf_changed":false,"footnotes":""},"class_list":["post-14250","page","type-page","status-publish","hentry"],"acf":[],"yoast_head":"<!-- This site is optimized with the Yoast SEO Premium plugin v25.5 (Yoast SEO v25.5) - https:\/\/yoast.com\/wordpress\/plugins\/seo\/ -->\n<title>Conditions - 4PS Belgi\u00eb<\/title>\n<meta name=\"robots\" content=\"index, follow, max-snippet:-1, max-image-preview:large, max-video-preview:-1\" \/>\n<link rel=\"canonical\" href=\"https:\/\/www.4ps.be\/fr\/voorwaarden\/\" \/>\n<meta property=\"og:locale\" content=\"fr_FR\" \/>\n<meta property=\"og:type\" content=\"article\" \/>\n<meta property=\"og:title\" content=\"Conditions\" \/>\n<meta property=\"og:url\" content=\"https:\/\/www.4ps.be\/fr\/voorwaarden\/\" \/>\n<meta property=\"og:site_name\" content=\"4PS Belgi\u00eb\" \/>\n<meta property=\"article:modified_time\" content=\"2025-03-13T16:00:12+00:00\" \/>\n<meta name=\"twitter:card\" content=\"summary_large_image\" \/>\n<meta name=\"twitter:site\" content=\"@4psBelgium\" \/>\n<meta name=\"twitter:label1\" content=\"Dur\u00e9e de lecture estim\u00e9e\" \/>\n\t<meta name=\"twitter:data1\" content=\"4 minutes\" \/>\n<script type=\"application\/ld+json\" class=\"yoast-schema-graph\">{\"@context\":\"https:\/\/schema.org\",\"@graph\":[{\"@type\":\"WebPage\",\"@id\":\"https:\/\/www.4ps.be\/fr\/voorwaarden\/\",\"url\":\"https:\/\/www.4ps.be\/fr\/voorwaarden\/\",\"name\":\"Conditions - 4PS Belgi\u00eb\",\"isPartOf\":{\"@id\":\"https:\/\/www.4ps.be\/fr\/#website\"},\"datePublished\":\"2021-10-15T05:02:14+00:00\",\"dateModified\":\"2025-03-13T16:00:12+00:00\",\"inLanguage\":\"fr-FR\",\"potentialAction\":[{\"@type\":\"ReadAction\",\"target\":[\"https:\/\/www.4ps.be\/fr\/voorwaarden\/\"]}]},{\"@type\":\"WebSite\",\"@id\":\"https:\/\/www.4ps.be\/fr\/#website\",\"url\":\"https:\/\/www.4ps.be\/fr\/\",\"name\":\"4PS Belgi\u00eb\",\"description\":\"\",\"publisher\":{\"@id\":\"https:\/\/www.4ps.be\/fr\/#organization\"},\"potentialAction\":[{\"@type\":\"SearchAction\",\"target\":{\"@type\":\"EntryPoint\",\"urlTemplate\":\"https:\/\/www.4ps.be\/fr\/?s={search_term_string}\"},\"query-input\":{\"@type\":\"PropertyValueSpecification\",\"valueRequired\":true,\"valueName\":\"search_term_string\"}}],\"inLanguage\":\"fr-FR\"},{\"@type\":\"Organization\",\"@id\":\"https:\/\/www.4ps.be\/fr\/#organization\",\"name\":\"4PS Belgi\u00eb\",\"url\":\"https:\/\/www.4ps.be\/fr\/\",\"logo\":{\"@type\":\"ImageObject\",\"inLanguage\":\"fr-FR\",\"@id\":\"https:\/\/www.4ps.be\/fr\/#\/schema\/logo\/image\/\",\"url\":\"https:\/\/www.4ps.be\/wp-content\/uploads\/sites\/3\/4PS_logo_RGB.jpg\",\"contentUrl\":\"https:\/\/www.4ps.be\/wp-content\/uploads\/sites\/3\/4PS_logo_RGB.jpg\",\"width\":859,\"height\":645,\"caption\":\"4PS Belgi\u00eb\"},\"image\":{\"@id\":\"https:\/\/www.4ps.be\/fr\/#\/schema\/logo\/image\/\"},\"sameAs\":[\"https:\/\/x.com\/4psBelgium\",\"https:\/\/www.linkedin.com\/company\/36159596\/\",\"https:\/\/www.youtube.com\/c\/4PSEde\"]}]}<\/script>\n<!-- \/ Yoast SEO Premium plugin. -->","yoast_head_json":{"title":"Conditions - 4PS Belgi\u00eb","robots":{"index":"index","follow":"follow","max-snippet":"max-snippet:-1","max-image-preview":"max-image-preview:large","max-video-preview":"max-video-preview:-1"},"canonical":"https:\/\/www.4ps.be\/fr\/voorwaarden\/","og_locale":"fr_FR","og_type":"article","og_title":"Conditions","og_url":"https:\/\/www.4ps.be\/fr\/voorwaarden\/","og_site_name":"4PS Belgi\u00eb","article_modified_time":"2025-03-13T16:00:12+00:00","twitter_card":"summary_large_image","twitter_site":"@4psBelgium","twitter_misc":{"Dur\u00e9e de lecture estim\u00e9e":"4 minutes"},"schema":{"@context":"https:\/\/schema.org","@graph":[{"@type":"WebPage","@id":"https:\/\/www.4ps.be\/fr\/voorwaarden\/","url":"https:\/\/www.4ps.be\/fr\/voorwaarden\/","name":"Conditions - 4PS Belgi\u00eb","isPartOf":{"@id":"https:\/\/www.4ps.be\/fr\/#website"},"datePublished":"2021-10-15T05:02:14+00:00","dateModified":"2025-03-13T16:00:12+00:00","inLanguage":"fr-FR","potentialAction":[{"@type":"ReadAction","target":["https:\/\/www.4ps.be\/fr\/voorwaarden\/"]}]},{"@type":"WebSite","@id":"https:\/\/www.4ps.be\/fr\/#website","url":"https:\/\/www.4ps.be\/fr\/","name":"4PS Belgi\u00eb","description":"","publisher":{"@id":"https:\/\/www.4ps.be\/fr\/#organization"},"potentialAction":[{"@type":"SearchAction","target":{"@type":"EntryPoint","urlTemplate":"https:\/\/www.4ps.be\/fr\/?s={search_term_string}"},"query-input":{"@type":"PropertyValueSpecification","valueRequired":true,"valueName":"search_term_string"}}],"inLanguage":"fr-FR"},{"@type":"Organization","@id":"https:\/\/www.4ps.be\/fr\/#organization","name":"4PS Belgi\u00eb","url":"https:\/\/www.4ps.be\/fr\/","logo":{"@type":"ImageObject","inLanguage":"fr-FR","@id":"https:\/\/www.4ps.be\/fr\/#\/schema\/logo\/image\/","url":"https:\/\/www.4ps.be\/wp-content\/uploads\/sites\/3\/4PS_logo_RGB.jpg","contentUrl":"https:\/\/www.4ps.be\/wp-content\/uploads\/sites\/3\/4PS_logo_RGB.jpg","width":859,"height":645,"caption":"4PS Belgi\u00eb"},"image":{"@id":"https:\/\/www.4ps.be\/fr\/#\/schema\/logo\/image\/"},"sameAs":["https:\/\/x.com\/4psBelgium","https:\/\/www.linkedin.com\/company\/36159596\/","https:\/\/www.youtube.com\/c\/4PSEde"]}]}},"content_elements":[{"content_element_type":"vc_text","title":"","content":"<h2>1. Conditions d&rsquo;utilisation du produit<\/h2>\n<p>Le document \u00ab\u00a0Product Terms\u00a0\u00bb d\u00e9crit la disponibilit\u00e9 des produits et des services professionnels dans le cadre des programmes de licences en volume de Microsoft (anciennement d\u00e9crits dans la \u00ab\u00a0Product List\u00a0\u00bb), ainsi que les droits d&rsquo;utilisation des produits logiciels (anciennement d\u00e9crits dans le \u00ab\u00a0PUR\u00a0\u00bb).<\/p>\n<p><a class=\"\" href=\"https:\/\/www.microsoft.com\/licensing\/docs\/view\/Licensing-Use-Rights\" target=\"_blank\" rel=\"noopener\">Lees hier de productvoorwaarden<\/a><\/p>\n<h2>2. Conditions de paiement<\/h2>\n<p>Nos conditions de paiement donnent un aper\u00e7u des modalit\u00e9s de paiement applicables lors de l&rsquo;utilisation de nos services. Nous vous recommandons de les lire attentivement. Si vous avez des questions, n&rsquo;h\u00e9sitez pas \u00e0 nous contacter.<\/p>\n<p><a href=\"https:\/\/www.4ps.be\/wp-content\/uploads\/sites\/3\/Betalingsvoorwaarden_4PS.pdf\">Bekijk hier onze Betalingsvoorwaarden.<\/a><\/p>\n<h2>3. Termes relatifs aux produits Microsoft<\/h2>\n<p>Les conditions g\u00e9n\u00e9rales des services en ligne s&rsquo;appliquent \u00e0 l&rsquo;utilisation des services en ligne par le client. La charte de protection des donn\u00e9es personnelles pour les services en ligne (GBO, d\u00e9crite ci-dessous) d\u00e9finit les obligations relatives au traitement et \u00e0 la s\u00e9curit\u00e9 des donn\u00e9es du client et des donn\u00e9es personnelles par les services en ligne. Les conditions g\u00e9n\u00e9rales des services en ligne s&rsquo;appliquent \u00e0 la fourniture des services professionnels. L&rsquo;utilisation de produits non Microsoft (tels que d\u00e9finis ci-dessous) est soumise \u00e0 des conditions g\u00e9n\u00e9rales distinctes, y compris \u00e0 des dispositions diff\u00e9rentes en mati\u00e8re de confidentialit\u00e9 et de s\u00e9curit\u00e9.<\/p>\n<p>Sur cette page web, s\u00e9lectionnez le programme \u00ab\u00a0Microsoft Customer Agreement\u00a0\u00bb.<\/p>\n<p>Les conditions g\u00e9n\u00e9rales s&rsquo;appliquent aux produits suivants :<\/p>\n<p>\u2013 Microsoft Azure<br \/>\n\u2013 Microsoft Power Platform<br \/>\n\u2013 Microsoft 365<br \/>\n\u2013 Microsoft Dynamics 365 Services<br \/>\n\u2013 Office 365 Services<\/p>\n<p><a class=\"\" href=\"https:\/\/www.microsoft.com\/licensing\/terms\/productoffering?programMoniker=MCA\" target=\"_blank\" rel=\"noopener\">Lees hier de Microsoft Customer Agreement<\/a><\/p>\n<h2>4. Conditions d&rsquo;utilisation des services en ligne<\/h2>\n<p>Les conditions relatives aux services en ligne s&rsquo;appliquent \u00e0 l&rsquo;utilisation des services en ligne par le client et le calendrier de protection des donn\u00e9es pour les services en ligne (GBO, d\u00e9crit ci-dessous) d\u00e9finit leurs obligations en ce qui concerne le traitement et la s\u00e9curit\u00e9 des donn\u00e9es du client et des donn\u00e9es \u00e0 caract\u00e8re personnel par les services en ligne. Les conditions g\u00e9n\u00e9rales des services en ligne s&rsquo;appliquent \u00e0 la fourniture des services professionnels. L&rsquo;utilisation de produits non Microsoft (tels que d\u00e9finis ci-dessous) est soumise \u00e0 des conditions g\u00e9n\u00e9rales distinctes, y compris \u00e0 des dispositions diff\u00e9rentes en mati\u00e8re de confidentialit\u00e9 et de s\u00e9curit\u00e9. En cas de conflit ou d&rsquo;incoh\u00e9rence entre les CGB et d&rsquo;autres conditions du contrat de licence en volume du client (y compris les conditions relatives aux produits ou les conditions relatives aux services en ligne).<\/p>\n<p><a class=\"\" href=\"https:\/\/www.4ps.be\/wp-content\/uploads\/sites\/3\/Microsoft-Volume-Licensing-februari-2021-Voorwaarden-voor-Online-Diensten.pdf\" target=\"_blank\" rel=\"noopener\">Lees hier de voorwaarden voor online diensten<\/a><\/p>\n<h2>5. Licence de logiciel et accord de maintenance de 4PS On-premises<\/h2>\n<p>Cet accord mentionne les conditions de licence et de maintenance de On-Premises (h\u00e9bergeur externe). Les informations confidentielles, la garantie et la limitation de responsabilit\u00e9, la force majeure, la dur\u00e9e et la r\u00e9siliation, la renonciation aux droits et bien d&rsquo;autres questions sont couvertes.<\/p>\n<p><a class=\"\" href=\"https:\/\/www.4ps.be\/wp-content\/uploads\/sites\/3\/On-Premise-4PS-Algemene-Voorwaarden-versie-mei-2022.pdf\" target=\"_blank\" rel=\"noopener\">Lees hier de licentie- en de onderhoudsvoorwaarden van On-premises<\/a><\/p>\n<h2>6. Accord de licence et de maintenance de logiciels Sur place, h\u00e9bergeur externe<\/h2>\n<p>Cet accord mentionne les conditions de licence et de maintenance de On-Premises. Les informations confidentielles, la garantie et la limitation de responsabilit\u00e9, la force majeure, la dur\u00e9e et la r\u00e9siliation, la renonciation aux droits et bien d&rsquo;autres questions sont couvertes.<\/p>\n<p><a class=\"\" href=\"https:\/\/www.4ps.be\/wp-content\/uploads\/sites\/3\/On-Premise-met-Externe-Host-4PS-Algemene-Voorwaarden-versie-mei-2022.pdf\" target=\"_blank\" rel=\"noopener\">Lees hier de licentie- en onderhoudsovereenkomst van On-Premises (externe hosting partij)<\/a><\/p>\n<h2>7. Conditions de licence et de maintenance du logiciel 4PS Cloud<\/h2>\n<p>Les conditions de licence et de maintenance du 4PS Cloud sont mentionn\u00e9es dans cet accord. Les informations confidentielles, la garantie et la limitation de responsabilit\u00e9, la force majeure, la dur\u00e9e et la r\u00e9siliation, la renonciation aux droits et bien d&rsquo;autres questions sont couvertes.<\/p>\n<p><a class=\"\" href=\"https:\/\/www.4ps.be\/wp-content\/uploads\/sites\/3\/4PS-Cloud-4PS-Belgium-4PS-Algemene-Voorwaarden-BE-versie-mei-2022.pdf\" target=\"_blank\" rel=\"noopener\">Lees hier de licentie- en onderhoudsvoorwaarden van de 4PS Cloud<\/a><\/p>\n<h2>8. Conditions de licence et de maintenance des logiciels Microsoft Cloud<\/h2>\n<p>Les conditions de licence et de maintenance du Cloud Microsoft sont mentionn\u00e9es dans cet accord. Les informations confidentielles, la garantie et la limitation de responsabilit\u00e9, la force majeure, la dur\u00e9e et la r\u00e9siliation, la renonciation aux droits et bien d&rsquo;autres questions sont couvertes.<\/p>\n<p><a href=\"https:\/\/www.4ps.be\/wp-content\/uploads\/sites\/3\/MS-Cloud-4PS-Algemene-Voorwaarden-versie-mei-2022.pdf\">Lees hier de licentie- en onderhoudsvoorwaarden van de Microsoft Cloud.<\/a><\/p>\n"},{"content_element_type":"vc_text","title":"","content":"<h2>1. Conditions d'utilisation du produit<\/h2>\n<p>Le document \"Product Terms\" d\u00e9crit la disponibilit\u00e9 des produits et des services professionnels dans le cadre des programmes de licences en volume de Microsoft (anciennement d\u00e9crits dans la \"Product List\"), ainsi que les droits d'utilisation des produits logiciels (anciennement d\u00e9crits dans le \"PUR\").<\/p>\n<p><a class=\"\" href=\"https:\/\/www.microsoft.com\/licensing\/docs\/view\/Licensing-Use-Rights\" target=\"_blank\" rel=\"noopener\">Lees hier de productvoorwaarden<\/a><\/p>\n<h2>2. Conditions de paiement<\/h2>\n<p>Nos conditions de paiement donnent un aper\u00e7u des modalit\u00e9s de paiement applicables lors de l'utilisation de nos services. Nous vous recommandons de les lire attentivement. Si vous avez des questions, n'h\u00e9sitez pas \u00e0 nous contacter.<\/p>\n<p><a href=\"https:\/\/www.4ps.be\/wp-content\/uploads\/sites\/3\/Betalingsvoorwaarden_4PS.pdf\">Bekijk hier onze Betalingsvoorwaarden.<\/a><\/p>\n<h2>3. Termes relatifs aux produits Microsoft<\/h2>\n<p>Les conditions g\u00e9n\u00e9rales des services en ligne s'appliquent \u00e0 l'utilisation des services en ligne par le client. La charte de protection des donn\u00e9es personnelles pour les services en ligne (GBO, d\u00e9crite ci-dessous) d\u00e9finit les obligations relatives au traitement et \u00e0 la s\u00e9curit\u00e9 des donn\u00e9es du client et des donn\u00e9es personnelles par les services en ligne. Les conditions g\u00e9n\u00e9rales des services en ligne s'appliquent \u00e0 la fourniture des services professionnels. L'utilisation de produits non Microsoft (tels que d\u00e9finis ci-dessous) est soumise \u00e0 des conditions g\u00e9n\u00e9rales distinctes, y compris \u00e0 des dispositions diff\u00e9rentes en mati\u00e8re de confidentialit\u00e9 et de s\u00e9curit\u00e9.<\/p>\n<p>Sur cette page web, s\u00e9lectionnez le programme \"Microsoft Customer Agreement\".<\/p>\n<p>Les conditions g\u00e9n\u00e9rales s'appliquent aux produits suivants :<\/p>\n<p>\u2013 Microsoft Azure<br \/>\n\u2013 Microsoft Power Platform<br \/>\n\u2013 Microsoft 365<br \/>\n\u2013 Microsoft Dynamics 365 Services<br \/>\n\u2013 Office 365 Services<\/p>\n<p><a class=\"\" href=\"https:\/\/www.microsoft.com\/licensing\/terms\/productoffering?programMoniker=MCA\" target=\"_blank\" rel=\"noopener\">Lees hier de Microsoft Customer Agreement<\/a><\/p>\n<h2>4. Conditions d'utilisation des services en ligne<\/h2>\n<p>Les conditions relatives aux services en ligne s'appliquent \u00e0 l'utilisation des services en ligne par le client et le calendrier de protection des donn\u00e9es pour les services en ligne (GBO, d\u00e9crit ci-dessous) d\u00e9finit leurs obligations en ce qui concerne le traitement et la s\u00e9curit\u00e9 des donn\u00e9es du client et des donn\u00e9es \u00e0 caract\u00e8re personnel par les services en ligne. Les conditions g\u00e9n\u00e9rales des services en ligne s'appliquent \u00e0 la fourniture des services professionnels. L'utilisation de produits non Microsoft (tels que d\u00e9finis ci-dessous) est soumise \u00e0 des conditions g\u00e9n\u00e9rales distinctes, y compris \u00e0 des dispositions diff\u00e9rentes en mati\u00e8re de confidentialit\u00e9 et de s\u00e9curit\u00e9. En cas de conflit ou d'incoh\u00e9rence entre les CGB et d'autres conditions du contrat de licence en volume du client (y compris les conditions relatives aux produits ou les conditions relatives aux services en ligne).<\/p>\n<p><a class=\"\" href=\"https:\/\/www.4ps.be\/wp-content\/uploads\/sites\/3\/Microsoft-Volume-Licensing-februari-2021-Voorwaarden-voor-Online-Diensten.pdf\" target=\"_blank\" rel=\"noopener\">Lees hier de voorwaarden voor online diensten<\/a><\/p>\n<h2>5. Licence de logiciel et accord de maintenance de 4PS On-premises<\/h2>\n<p>Cet accord mentionne les conditions de licence et de maintenance de On-Premises (h\u00e9bergeur externe). Les informations confidentielles, la garantie et la limitation de responsabilit\u00e9, la force majeure, la dur\u00e9e et la r\u00e9siliation, la renonciation aux droits et bien d'autres questions sont couvertes.<\/p>\n<p><a class=\"\" href=\"https:\/\/www.4ps.be\/wp-content\/uploads\/sites\/3\/On-Premise-4PS-Algemene-Voorwaarden-versie-mei-2022.pdf\" target=\"_blank\" rel=\"noopener\">Lees hier de licentie- en de onderhoudsvoorwaarden van On-premises<\/a><\/p>\n<h2>6. Accord de licence et de maintenance de logiciels Sur place, h\u00e9bergeur externe<\/h2>\n<p>Cet accord mentionne les conditions de licence et de maintenance de On-Premises. Les informations confidentielles, la garantie et la limitation de responsabilit\u00e9, la force majeure, la dur\u00e9e et la r\u00e9siliation, la renonciation aux droits et bien d'autres questions sont couvertes.<\/p>\n<p><a class=\"\" href=\"https:\/\/www.4ps.be\/wp-content\/uploads\/sites\/3\/On-Premise-met-Externe-Host-4PS-Algemene-Voorwaarden-versie-mei-2022.pdf\" target=\"_blank\" rel=\"noopener\">Lees hier de licentie- en onderhoudsovereenkomst van On-Premises (externe hosting partij)<\/a><\/p>\n<h2>7. Conditions de licence et de maintenance du logiciel 4PS Cloud<\/h2>\n<p>Les conditions de licence et de maintenance du 4PS Cloud sont mentionn\u00e9es dans cet accord. Les informations confidentielles, la garantie et la limitation de responsabilit\u00e9, la force majeure, la dur\u00e9e et la r\u00e9siliation, la renonciation aux droits et bien d'autres questions sont couvertes.<\/p>\n<p><a class=\"\" href=\"https:\/\/www.4ps.be\/wp-content\/uploads\/sites\/3\/4PS-Cloud-4PS-Belgium-4PS-Algemene-Voorwaarden-BE-versie-mei-2022.pdf\" target=\"_blank\" rel=\"noopener\">Lees hier de licentie- en onderhoudsvoorwaarden van de 4PS Cloud<\/a><\/p>\n<h2>8. Conditions de licence et de maintenance des logiciels Microsoft Cloud<\/h2>\n<p>Les conditions de licence et de maintenance du Cloud Microsoft sont mentionn\u00e9es dans cet accord. Les informations confidentielles, la garantie et la limitation de responsabilit\u00e9, la force majeure, la dur\u00e9e et la r\u00e9siliation, la renonciation aux droits et bien d'autres questions sont couvertes.<\/p>\n<p><a href=\"https:\/\/www.4ps.be\/wp-content\/uploads\/sites\/3\/MS-Cloud-4PS-Algemene-Voorwaarden-versie-mei-2022.pdf\">Lees hier de licentie- en onderhoudsvoorwaarden van de Microsoft Cloud.<\/a><\/p>\n"}],"_links":{"self":[{"href":"https:\/\/www.4ps.be\/fr\/wp-json\/wp\/v2\/pages\/14250","targetHints":{"allow":["GET"]}}],"collection":[{"href":"https:\/\/www.4ps.be\/fr\/wp-json\/wp\/v2\/pages"}],"about":[{"href":"https:\/\/www.4ps.be\/fr\/wp-json\/wp\/v2\/types\/page"}],"author":[{"embeddable":true,"href":"https:\/\/www.4ps.be\/fr\/wp-json\/wp\/v2\/users\/19"}],"replies":[{"embeddable":true,"href":"https:\/\/www.4ps.be\/fr\/wp-json\/wp\/v2\/comments?post=14250"}],"version-history":[{"count":2,"href":"https:\/\/www.4ps.be\/fr\/wp-json\/wp\/v2\/pages\/14250\/revisions"}],"predecessor-version":[{"id":15210,"href":"https:\/\/www.4ps.be\/fr\/wp-json\/wp\/v2\/pages\/14250\/revisions\/15210"}],"wp:attachment":[{"href":"https:\/\/www.4ps.be\/fr\/wp-json\/wp\/v2\/media?parent=14250"}],"curies":[{"name":"wp","href":"https:\/\/api.w.org\/{rel}","templated":true}]}}