{"id":14281,"date":"2021-06-18T13:17:35","date_gmt":"2021-06-18T11:17:35","guid":{"rendered":"https:\/\/www.4ps.be\/webinar-data-je-bouwbedrijf-verder-helpt-power-bi\/"},"modified":"2021-06-18T13:17:35","modified_gmt":"2021-06-18T11:17:35","slug":"webinar-data-je-bouwbedrijf-verder-helpt-power-bi","status":"publish","type":"page","link":"https:\/\/www.4ps.be\/fr\/webinar-data-je-bouwbedrijf-verder-helpt-power-bi\/","title":{"rendered":"Webinar: Hoe inzicht in data je bouwbedrijf verder helpt"},"content":{"rendered":"<section class=\"block\">\n    <div class=\"ce ce-content-tab-container\">\n\n                    \n    <div class=\"row\">\n        <div class=\"column small-12 large-4\">\n                                                <h2><a href=\"#\">Aan de slag met Microsoft Power BI<\/a><\/h2>\n                            \n                                                <p class=\"tab-intro\"><strong>Wil je data in je bedrijf omzetten naar visuele dashboards en heldere rapportages? In deze webinar vertellen onze specialisten hoe je het maximale haalt uit Microsoft Power BI en hoe je Power BI aan het werk zet in jouw bouw- of projectgeori\u00ebnteerd bedrijf.<\/strong><\/p>\n                            \n                            <ul class=\"accordion\" data-accordion data-faq-schema\n                    itemscope itemtype=\"https:\/\/schema.org\/FAQPage\">\n                    <li\n    class=\"accordion-item\"\n    data-accordion-item\n    itemscope itemprop=\"mainEntity\" itemtype=\"https:\/\/schema.org\/Question\"  ><br \/>\n      <a href=\"#\" class=\"accordion-title\"><br \/>\n        <span itemprop=\"name\">Digitale mogelijkheden<\/span><br \/>\n      <\/a><\/p>\n<div\n        class=\"accordion-content\"\n        data-tab-content\n        itemscope itemprop=\"acceptedAnswer\" itemtype=\"https:\/\/schema.org\/Answer\"      ><\/p>\n<div class=\"short-content wysiwyg\" itemprop=\"text\">\n<p>Kennis van de digitale mogelijkheden voor bouw- en projectgeori\u00ebnteerde bedrijven.<\/p>\n<\/p><\/div>\n<div class=\"long-content hide-for-large\">\n<figure class=\"media-holder\">\n                      <img decoding=\"async\" src=\"https:\/\/www.4ps.be\/wp-content\/uploads\/sites\/3\/4PSBE_Banner-Webinar-PowerBI-3sprekers-terugkijken-900x500-c-default.png\" alt=\"\" \/><\/p>\n<p>                                                <a href=\"https:\/\/vimeo.com\/566171843\" data-popup=\"video\" class=\"button with-icon icon-left play-round\"><br \/>\n                            Lire la vid\u00e9o<br \/>\n                          <\/a><br \/>\n                                        <\/figure>\n<\/p><\/div><\/div>\n<\/li>\n<li\n    class=\"accordion-item\"\n    data-accordion-item\n    itemscope itemprop=\"mainEntity\" itemtype=\"https:\/\/schema.org\/Question\"  ><br \/>\n      <a href=\"#\" class=\"accordion-title\"><br \/>\n        <span itemprop=\"name\">Toegevoegde waarde Microsoft Power Platform<\/span><br \/>\n      <\/a><\/p>\n<div\n        class=\"accordion-content\"\n        data-tab-content\n        itemscope itemprop=\"acceptedAnswer\" itemtype=\"https:\/\/schema.org\/Answer\"      ><\/p>\n<div class=\"short-content wysiwyg\" itemprop=\"text\">\n<p>Inzicht in de mogelijkheden van Microsoft Power BI en de toegevoegde waarde voor je bedrijf;<\/p>\n<\/p><\/div>\n<div class=\"long-content hide-for-large\">\n<figure class=\"media-holder\">\n                      <img decoding=\"async\" src=\"https:\/\/www.4ps.be\/wp-content\/uploads\/sites\/3\/4PSBE_Banner-Webinar-PowerBI-3sprekers-nobutton-900x500-c-default.png\" alt=\"\" \/><\/p>\n<p>                                                <a href=\"https:\/\/vimeo.com\/566171843\" data-popup=\"video\" class=\"button with-icon icon-left play-round\"><br \/>\n                            Lire la vid\u00e9o<br \/>\n                          <\/a><br \/>\n                                        <\/figure>\n<\/p><\/div><\/div>\n<\/li>\n<li\n    class=\"accordion-item\"\n    data-accordion-item\n    itemscope itemprop=\"mainEntity\" itemtype=\"https:\/\/schema.org\/Question\"  ><br \/>\n      <a href=\"#\" class=\"accordion-title\"><br \/>\n        <span itemprop=\"name\">Voorbeelden<\/span><br \/>\n      <\/a><\/p>\n<div\n        class=\"accordion-content\"\n        data-tab-content\n        itemscope itemprop=\"acceptedAnswer\" itemtype=\"https:\/\/schema.org\/Answer\"      ><\/p>\n<div class=\"short-content wysiwyg\" itemprop=\"text\">\n<p>Voorbeelden gezien van het maken van rapportages en dashboards met Power BI.<\/p>\n<\/p><\/div>\n<div class=\"long-content hide-for-large\">\n<figure class=\"media-holder\">\n                      <img decoding=\"async\" src=\"https:\/\/www.4ps.be\/wp-content\/uploads\/sites\/3\/4PSBE_Banner-Webinar-PowerBI-3sprekers-nobutton-900x500-c-default.png\" alt=\"\" \/><\/p>\n<p>                                                <a href=\"https:\/\/vimeo.com\/566171843\" data-popup=\"video\" class=\"button with-icon icon-left play-round\"><br \/>\n                            Lire la vid\u00e9o<br \/>\n                          <\/a><br \/>\n                                        <\/figure>\n<\/p><\/div><\/div>\n<\/li>\n\n                <\/ul>\n\n                                <script>\n                (function () {\n                  if (window.__4psFaqPageDedupeInit) return;\n                  window.__4psFaqPageDedupeInit = true;\n\n                  function stripSchemaTree(root) {\n                    if (!root) return;\n                    \/\/ Remove schema attributes on root + all descendants\n                    if (root.removeAttribute) {\n                      root.removeAttribute('itemscope');\n                      root.removeAttribute('itemtype');\n                      root.removeAttribute('itemprop');\n                    }\n                    if (root.querySelectorAll) {\n                      root.querySelectorAll('[itemscope],[itemtype],[itemprop]').forEach(function (n) {\n                        n.removeAttribute('itemscope');\n                        n.removeAttribute('itemtype');\n                        n.removeAttribute('itemprop');\n                      });\n                    }\n                  }\n\n                  function dedupeFaqPage() {\n                    var pages = document.querySelectorAll('[itemscope][itemtype=\"https:\/\/schema.org\/FAQPage\"]');\n                    if (!pages || pages.length <= 1) return;\n\n                    \/\/ Keep the first FAQPage; strip schema from the rest to avoid duplicate FAQPage.\n                    for (var i = 1; i < pages.length; i++) {\n                      stripSchemaTree(pages[i]);\n                    }\n                  }\n\n                  \/\/ Run now and after any JS-driven DOM duplication\n                  if (document.readyState === 'loading') {\n                    document.addEventListener('DOMContentLoaded', dedupeFaqPage);\n                  } else {\n                    dedupeFaqPage();\n                  }\n\n                  var obs = new MutationObserver(function () { dedupeFaqPage(); });\n                  obs.observe(document.documentElement, { subtree: true, childList: true });\n                })();\n                <\/script>\n            \n        <\/div>\n        <div class=\"column small-12 large-8 show-for-large\">\n            <div data-accordion-sidecontent class=\"sidecontent\"><\/div>\n        <\/div>\n    <\/div>\n\n        \n    <\/div>\n<\/section>\n","protected":false},"excerpt":{"rendered":"Aan de slag met Microsoft Power BI Wil je data in je bedrijf omzetten naar visuele dashboards en heldere rapportages? In deze webinar vertellen onze specialisten hoe je het maximale haalt uit Microsoft Power BI en hoe je Power BI aan het werk zet in jouw bouw- of projectgeori\u00ebnteerd bedrijf. Digitale mogelijkheden Kennis van de [...]","protected":false},"author":19,"featured_media":0,"parent":0,"menu_order":0,"comment_status":"closed","ping_status":"closed","template":"","meta":{"_acf_changed":false,"footnotes":""},"class_list":["post-14281","page","type-page","status-publish","hentry"],"acf":[],"yoast_head":"<!-- This site is optimized with the Yoast SEO Premium plugin v25.5 (Yoast SEO v25.5) - https:\/\/yoast.com\/wordpress\/plugins\/seo\/ -->\n<title>Webinar: Hoe inzicht in data je bouwbedrijf verder helpt - 4PS Belgi\u00eb<\/title>\n<meta name=\"robots\" content=\"index, follow, max-snippet:-1, max-image-preview:large, max-video-preview:-1\" \/>\n<link rel=\"canonical\" href=\"https:\/\/www.4ps.be\/fr\/webinar-data-je-bouwbedrijf-verder-helpt-power-bi\/\" \/>\n<meta property=\"og:locale\" content=\"fr_FR\" \/>\n<meta property=\"og:type\" content=\"article\" \/>\n<meta property=\"og:title\" content=\"Webinar: Hoe inzicht in data je bouwbedrijf verder helpt\" \/>\n<meta property=\"og:url\" content=\"https:\/\/www.4ps.be\/fr\/webinar-data-je-bouwbedrijf-verder-helpt-power-bi\/\" \/>\n<meta property=\"og:site_name\" content=\"4PS Belgi\u00eb\" \/>\n<meta name=\"twitter:card\" content=\"summary_large_image\" \/>\n<meta name=\"twitter:site\" content=\"@4psBelgium\" \/>\n<meta name=\"twitter:label1\" content=\"Dur\u00e9e de lecture estim\u00e9e\" \/>\n\t<meta name=\"twitter:data1\" content=\"1 minute\" \/>\n<script type=\"application\/ld+json\" class=\"yoast-schema-graph\">{\"@context\":\"https:\/\/schema.org\",\"@graph\":[{\"@type\":\"WebPage\",\"@id\":\"https:\/\/www.4ps.be\/fr\/webinar-data-je-bouwbedrijf-verder-helpt-power-bi\/\",\"url\":\"https:\/\/www.4ps.be\/fr\/webinar-data-je-bouwbedrijf-verder-helpt-power-bi\/\",\"name\":\"Webinar: Hoe inzicht in data je bouwbedrijf verder helpt - 4PS Belgi\u00eb\",\"isPartOf\":{\"@id\":\"https:\/\/www.4ps.be\/fr\/#website\"},\"datePublished\":\"2021-06-18T11:17:35+00:00\",\"inLanguage\":\"fr-FR\",\"potentialAction\":[{\"@type\":\"ReadAction\",\"target\":[\"https:\/\/www.4ps.be\/fr\/webinar-data-je-bouwbedrijf-verder-helpt-power-bi\/\"]}]},{\"@type\":\"WebSite\",\"@id\":\"https:\/\/www.4ps.be\/fr\/#website\",\"url\":\"https:\/\/www.4ps.be\/fr\/\",\"name\":\"4PS Belgi\u00eb\",\"description\":\"\",\"publisher\":{\"@id\":\"https:\/\/www.4ps.be\/fr\/#organization\"},\"potentialAction\":[{\"@type\":\"SearchAction\",\"target\":{\"@type\":\"EntryPoint\",\"urlTemplate\":\"https:\/\/www.4ps.be\/fr\/?s={search_term_string}\"},\"query-input\":{\"@type\":\"PropertyValueSpecification\",\"valueRequired\":true,\"valueName\":\"search_term_string\"}}],\"inLanguage\":\"fr-FR\"},{\"@type\":\"Organization\",\"@id\":\"https:\/\/www.4ps.be\/fr\/#organization\",\"name\":\"4PS Belgi\u00eb\",\"url\":\"https:\/\/www.4ps.be\/fr\/\",\"logo\":{\"@type\":\"ImageObject\",\"inLanguage\":\"fr-FR\",\"@id\":\"https:\/\/www.4ps.be\/fr\/#\/schema\/logo\/image\/\",\"url\":\"https:\/\/www.4ps.be\/wp-content\/uploads\/sites\/3\/4PS_logo_RGB.jpg\",\"contentUrl\":\"https:\/\/www.4ps.be\/wp-content\/uploads\/sites\/3\/4PS_logo_RGB.jpg\",\"width\":859,\"height\":645,\"caption\":\"4PS Belgi\u00eb\"},\"image\":{\"@id\":\"https:\/\/www.4ps.be\/fr\/#\/schema\/logo\/image\/\"},\"sameAs\":[\"https:\/\/x.com\/4psBelgium\",\"https:\/\/www.linkedin.com\/company\/36159596\/\",\"https:\/\/www.youtube.com\/c\/4PSEde\"]}]}<\/script>\n<!-- \/ Yoast SEO Premium plugin. -->","yoast_head_json":{"title":"Webinar: Hoe inzicht in data je bouwbedrijf verder helpt - 4PS Belgi\u00eb","robots":{"index":"index","follow":"follow","max-snippet":"max-snippet:-1","max-image-preview":"max-image-preview:large","max-video-preview":"max-video-preview:-1"},"canonical":"https:\/\/www.4ps.be\/fr\/webinar-data-je-bouwbedrijf-verder-helpt-power-bi\/","og_locale":"fr_FR","og_type":"article","og_title":"Webinar: Hoe inzicht in data je bouwbedrijf verder helpt","og_url":"https:\/\/www.4ps.be\/fr\/webinar-data-je-bouwbedrijf-verder-helpt-power-bi\/","og_site_name":"4PS Belgi\u00eb","twitter_card":"summary_large_image","twitter_site":"@4psBelgium","twitter_misc":{"Dur\u00e9e de lecture estim\u00e9e":"1 minute"},"schema":{"@context":"https:\/\/schema.org","@graph":[{"@type":"WebPage","@id":"https:\/\/www.4ps.be\/fr\/webinar-data-je-bouwbedrijf-verder-helpt-power-bi\/","url":"https:\/\/www.4ps.be\/fr\/webinar-data-je-bouwbedrijf-verder-helpt-power-bi\/","name":"Webinar: Hoe inzicht in data je bouwbedrijf verder helpt - 4PS Belgi\u00eb","isPartOf":{"@id":"https:\/\/www.4ps.be\/fr\/#website"},"datePublished":"2021-06-18T11:17:35+00:00","inLanguage":"fr-FR","potentialAction":[{"@type":"ReadAction","target":["https:\/\/www.4ps.be\/fr\/webinar-data-je-bouwbedrijf-verder-helpt-power-bi\/"]}]},{"@type":"WebSite","@id":"https:\/\/www.4ps.be\/fr\/#website","url":"https:\/\/www.4ps.be\/fr\/","name":"4PS Belgi\u00eb","description":"","publisher":{"@id":"https:\/\/www.4ps.be\/fr\/#organization"},"potentialAction":[{"@type":"SearchAction","target":{"@type":"EntryPoint","urlTemplate":"https:\/\/www.4ps.be\/fr\/?s={search_term_string}"},"query-input":{"@type":"PropertyValueSpecification","valueRequired":true,"valueName":"search_term_string"}}],"inLanguage":"fr-FR"},{"@type":"Organization","@id":"https:\/\/www.4ps.be\/fr\/#organization","name":"4PS Belgi\u00eb","url":"https:\/\/www.4ps.be\/fr\/","logo":{"@type":"ImageObject","inLanguage":"fr-FR","@id":"https:\/\/www.4ps.be\/fr\/#\/schema\/logo\/image\/","url":"https:\/\/www.4ps.be\/wp-content\/uploads\/sites\/3\/4PS_logo_RGB.jpg","contentUrl":"https:\/\/www.4ps.be\/wp-content\/uploads\/sites\/3\/4PS_logo_RGB.jpg","width":859,"height":645,"caption":"4PS Belgi\u00eb"},"image":{"@id":"https:\/\/www.4ps.be\/fr\/#\/schema\/logo\/image\/"},"sameAs":["https:\/\/x.com\/4psBelgium","https:\/\/www.linkedin.com\/company\/36159596\/","https:\/\/www.youtube.com\/c\/4PSEde"]}]}},"content_elements":[{"content_element_type":"vc_content_tab_item","title":"Digitale mogelijkheden","image":{"id":"10307","ID":"10307","object_type":"image","ImageClass":"Timber\\Image","PostClass":"Timber\\Post","TermClass":"Timber\\Term","custom":[],"post_author":"19","post_content":"","post_date":"2021-06-23 08:13:10","post_excerpt":"","post_parent":10290,"post_status":"inherit","post_title":"4PSBE_Banner-Webinar-PowerBI-3sprekers-terugkijken","post_type":"attachment","slug":null,"abs_url":null,"file_loc":"\/home\/ploi\/www.4ps.co.uk\/public\/wp-content\/uploads\/sites\/3\/4PSBE_Banner-Webinar-PowerBI-3sprekers-terugkijken.png","file":"4PSBE_Banner-Webinar-PowerBI-3sprekers-terugkijken.png","sizes":{"thumbnail":{"file":"4PSBE_Banner-Webinar-PowerBI-3sprekers-terugkijken-150x150.png","width":150,"height":150,"mime-type":"image\/png"}},"caption":"","image_meta":{"aperture":"0","credit":"","camera":"","caption":"","created_timestamp":"0","copyright":"","focal_length":"0","iso":"0","shutter_speed":"0","title":"","orientation":"0","keywords":[]},"_wp_attachment_metadata":"a:5:{s:5:\"width\";i:1275;s:6:\"height\";i:711;s:4:\"file\";s:54:\"4PSBE_Banner-Webinar-PowerBI-3sprekers-terugkijken.png\";s:5:\"sizes\";a:1:{s:9:\"thumbnail\";a:4:{s:4:\"file\";s:62:\"4PSBE_Banner-Webinar-PowerBI-3sprekers-terugkijken-150x150.png\";s:5:\"width\";i:150;s:6:\"height\";i:150;s:9:\"mime-type\";s:9:\"image\/png\";}}s:10:\"image_meta\";a:12:{s:8:\"aperture\";s:1:\"0\";s:6:\"credit\";s:0:\"\";s:6:\"camera\";s:0:\"\";s:7:\"caption\";s:0:\"\";s:17:\"created_timestamp\";s:1:\"0\";s:9:\"copyright\";s:0:\"\";s:12:\"focal_length\";s:1:\"0\";s:3:\"iso\";s:1:\"0\";s:13:\"shutter_speed\";s:1:\"0\";s:5:\"title\";s:0:\"\";s:11:\"orientation\";s:1:\"0\";s:8:\"keywords\";a:0:{}}}","_wp_attachment_image_alt":"banner webinar Power BI terugkijken","wpml_media_processed":"1","post_date_gmt":"2021-06-23 06:13:10","comment_status":"closed","ping_status":"closed","post_password":"","post_name":"4psbe_banner-webinar-powerbi-3sprekers-terugkijken","to_ping":"","pinged":"","post_modified":"2021-06-23 08:13:27","post_modified_gmt":"2021-06-23 06:13:27","post_content_filtered":"","guid":"https:\/\/www.4ps.be\/wp-content\/uploads\/sites\/3\/4PSBE_Banner-Webinar-PowerBI-3sprekers-terugkijken.png","menu_order":0,"post_mime_type":"image\/png","comment_count":"0","filter":"raw"},"video_link":"https:\/\/vimeo.com\/566171843","content":"<p>Kennis van de digitale mogelijkheden voor bouw- en projectgeori\u00ebnteerde bedrijven.<\/p>\n"},{"content_element_type":"vc_content_tab_item","title":"Toegevoegde waarde Microsoft Power Platform","image":{"id":"10163","ID":"10163","object_type":"image","ImageClass":"Timber\\Image","PostClass":"Timber\\Post","TermClass":"Timber\\Term","custom":[],"post_author":"19","post_content":"","post_date":"2021-05-25 15:04:14","post_excerpt":"","post_parent":10148,"post_status":"inherit","post_title":"4PSBE_Banner-Webinar-PowerBI-3sprekers-nobutton","post_type":"attachment","slug":null,"abs_url":null,"file_loc":"\/home\/ploi\/www.4ps.co.uk\/public\/wp-content\/uploads\/sites\/3\/4PSBE_Banner-Webinar-PowerBI-3sprekers-nobutton.png","file":"4PSBE_Banner-Webinar-PowerBI-3sprekers-nobutton.png","sizes":{"thumbnail":{"file":"4PSBE_Banner-Webinar-PowerBI-3sprekers-nobutton-150x150.png","width":150,"height":150,"mime-type":"image\/png"}},"caption":"","image_meta":{"aperture":"0","credit":"","camera":"","caption":"","created_timestamp":"0","copyright":"","focal_length":"0","iso":"0","shutter_speed":"0","title":"","orientation":"0","keywords":[]},"_wp_attachment_metadata":"a:5:{s:5:\"width\";i:1275;s:6:\"height\";i:711;s:4:\"file\";s:51:\"4PSBE_Banner-Webinar-PowerBI-3sprekers-nobutton.png\";s:5:\"sizes\";a:1:{s:9:\"thumbnail\";a:4:{s:4:\"file\";s:59:\"4PSBE_Banner-Webinar-PowerBI-3sprekers-nobutton-150x150.png\";s:5:\"width\";i:150;s:6:\"height\";i:150;s:9:\"mime-type\";s:9:\"image\/png\";}}s:10:\"image_meta\";a:12:{s:8:\"aperture\";s:1:\"0\";s:6:\"credit\";s:0:\"\";s:6:\"camera\";s:0:\"\";s:7:\"caption\";s:0:\"\";s:17:\"created_timestamp\";s:1:\"0\";s:9:\"copyright\";s:0:\"\";s:12:\"focal_length\";s:1:\"0\";s:3:\"iso\";s:1:\"0\";s:13:\"shutter_speed\";s:1:\"0\";s:5:\"title\";s:0:\"\";s:11:\"orientation\";s:1:\"0\";s:8:\"keywords\";a:0:{}}}","wpml_media_processed":"1","post_date_gmt":"2021-05-25 13:04:14","comment_status":"closed","ping_status":"closed","post_password":"","post_name":"4psbe_banner-webinar-powerbi-3sprekers-nobutton","to_ping":"","pinged":"","post_modified":"2021-05-25 15:04:14","post_modified_gmt":"2021-05-25 13:04:14","post_content_filtered":"","guid":"https:\/\/www.4ps.be\/wp-content\/uploads\/sites\/3\/4PSBE_Banner-Webinar-PowerBI-3sprekers-nobutton.png","menu_order":0,"post_mime_type":"image\/png","comment_count":"0","filter":"raw"},"video_link":"https:\/\/vimeo.com\/566171843","content":"<p>Inzicht in de mogelijkheden van Microsoft Power BI en de toegevoegde waarde voor je bedrijf;<\/p>\n"},{"content_element_type":"vc_content_tab_item","title":"Voorbeelden","image":{"id":"10163","ID":"10163","object_type":"image","ImageClass":"Timber\\Image","PostClass":"Timber\\Post","TermClass":"Timber\\Term","custom":[],"post_author":"19","post_content":"","post_date":"2021-05-25 15:04:14","post_excerpt":"","post_parent":10148,"post_status":"inherit","post_title":"4PSBE_Banner-Webinar-PowerBI-3sprekers-nobutton","post_type":"attachment","slug":null,"abs_url":null,"file_loc":"\/home\/ploi\/www.4ps.co.uk\/public\/wp-content\/uploads\/sites\/3\/4PSBE_Banner-Webinar-PowerBI-3sprekers-nobutton.png","file":"4PSBE_Banner-Webinar-PowerBI-3sprekers-nobutton.png","sizes":{"thumbnail":{"file":"4PSBE_Banner-Webinar-PowerBI-3sprekers-nobutton-150x150.png","width":150,"height":150,"mime-type":"image\/png"}},"caption":"","image_meta":{"aperture":"0","credit":"","camera":"","caption":"","created_timestamp":"0","copyright":"","focal_length":"0","iso":"0","shutter_speed":"0","title":"","orientation":"0","keywords":[]},"_wp_attachment_metadata":"a:5:{s:5:\"width\";i:1275;s:6:\"height\";i:711;s:4:\"file\";s:51:\"4PSBE_Banner-Webinar-PowerBI-3sprekers-nobutton.png\";s:5:\"sizes\";a:1:{s:9:\"thumbnail\";a:4:{s:4:\"file\";s:59:\"4PSBE_Banner-Webinar-PowerBI-3sprekers-nobutton-150x150.png\";s:5:\"width\";i:150;s:6:\"height\";i:150;s:9:\"mime-type\";s:9:\"image\/png\";}}s:10:\"image_meta\";a:12:{s:8:\"aperture\";s:1:\"0\";s:6:\"credit\";s:0:\"\";s:6:\"camera\";s:0:\"\";s:7:\"caption\";s:0:\"\";s:17:\"created_timestamp\";s:1:\"0\";s:9:\"copyright\";s:0:\"\";s:12:\"focal_length\";s:1:\"0\";s:3:\"iso\";s:1:\"0\";s:13:\"shutter_speed\";s:1:\"0\";s:5:\"title\";s:0:\"\";s:11:\"orientation\";s:1:\"0\";s:8:\"keywords\";a:0:{}}}","wpml_media_processed":"1","post_date_gmt":"2021-05-25 13:04:14","comment_status":"closed","ping_status":"closed","post_password":"","post_name":"4psbe_banner-webinar-powerbi-3sprekers-nobutton","to_ping":"","pinged":"","post_modified":"2021-05-25 15:04:14","post_modified_gmt":"2021-05-25 13:04:14","post_content_filtered":"","guid":"https:\/\/www.4ps.be\/wp-content\/uploads\/sites\/3\/4PSBE_Banner-Webinar-PowerBI-3sprekers-nobutton.png","menu_order":0,"post_mime_type":"image\/png","comment_count":"0","filter":"raw"},"video_link":"https:\/\/vimeo.com\/566171843","content":"<p>Voorbeelden gezien van het maken van rapportages en dashboards met Power BI.<\/p>\n"},{"content_element_type":"vc_content_tab_container","title":{"url":"#","title":"Aan de slag met Microsoft Power BI","target":"","rel":"","relative_url":"#"},"intro":"Wil je data in je bedrijf omzetten naar visuele dashboards en heldere rapportages? In deze webinar vertellen onze specialisten hoe je het maximale haalt uit Microsoft Power BI en hoe je Power BI aan het werk zet in jouw bouw- of projectgeori\u00ebnteerd bedrijf.","font_weight":"normal","content":"<li\n    class=\"accordion-item\"\n    data-accordion-item\n    itemscope itemprop=\"mainEntity\" itemtype=\"https:\/\/schema.org\/Question\"  ><br \/>\n      <a href=\"#\" class=\"accordion-title\"><br \/>\n        <span itemprop=\"name\">Digitale mogelijkheden<\/span><br \/>\n      <\/a><\/p>\n<div\n        class=\"accordion-content\"\n        data-tab-content\n        itemscope itemprop=\"acceptedAnswer\" itemtype=\"https:\/\/schema.org\/Answer\"      ><\/p>\n<div class=\"short-content wysiwyg\" itemprop=\"text\">\n<p>Kennis van de digitale mogelijkheden voor bouw- en projectgeori\u00ebnteerde bedrijven.<\/p>\n<\/p><\/div>\n<div class=\"long-content hide-for-large\">\n<figure class=\"media-holder\">\n                      <img src=\"https:\/\/www.4ps.be\/wp-content\/uploads\/sites\/3\/4PSBE_Banner-Webinar-PowerBI-3sprekers-terugkijken-900x500-c-default.png\" alt=\"\" \/><\/p>\n<p>                                                <a href=\"https:\/\/vimeo.com\/566171843\" data-popup=\"video\" class=\"button with-icon icon-left play-round\"><br \/>\n                            Lire la vid\u00e9o<br \/>\n                          <\/a><br \/>\n                                        <\/figure>\n<\/p><\/div>\n<\/p><\/div>\n<\/li>\n<li\n    class=\"accordion-item\"\n    data-accordion-item\n    itemscope itemprop=\"mainEntity\" itemtype=\"https:\/\/schema.org\/Question\"  ><br \/>\n      <a href=\"#\" class=\"accordion-title\"><br \/>\n        <span itemprop=\"name\">Toegevoegde waarde Microsoft Power Platform<\/span><br \/>\n      <\/a><\/p>\n<div\n        class=\"accordion-content\"\n        data-tab-content\n        itemscope itemprop=\"acceptedAnswer\" itemtype=\"https:\/\/schema.org\/Answer\"      ><\/p>\n<div class=\"short-content wysiwyg\" itemprop=\"text\">\n<p>Inzicht in de mogelijkheden van Microsoft Power BI en de toegevoegde waarde voor je bedrijf;<\/p>\n<\/p><\/div>\n<div class=\"long-content hide-for-large\">\n<figure class=\"media-holder\">\n                      <img src=\"https:\/\/www.4ps.be\/wp-content\/uploads\/sites\/3\/4PSBE_Banner-Webinar-PowerBI-3sprekers-nobutton-900x500-c-default.png\" alt=\"\" \/><\/p>\n<p>                                                <a href=\"https:\/\/vimeo.com\/566171843\" data-popup=\"video\" class=\"button with-icon icon-left play-round\"><br \/>\n                            Lire la vid\u00e9o<br \/>\n                          <\/a><br \/>\n                                        <\/figure>\n<\/p><\/div>\n<\/p><\/div>\n<\/li>\n<li\n    class=\"accordion-item\"\n    data-accordion-item\n    itemscope itemprop=\"mainEntity\" itemtype=\"https:\/\/schema.org\/Question\"  ><br \/>\n      <a href=\"#\" class=\"accordion-title\"><br \/>\n        <span itemprop=\"name\">Voorbeelden<\/span><br \/>\n      <\/a><\/p>\n<div\n        class=\"accordion-content\"\n        data-tab-content\n        itemscope itemprop=\"acceptedAnswer\" itemtype=\"https:\/\/schema.org\/Answer\"      ><\/p>\n<div class=\"short-content wysiwyg\" itemprop=\"text\">\n<p>Voorbeelden gezien van het maken van rapportages en dashboards met Power BI.<\/p>\n<\/p><\/div>\n<div class=\"long-content hide-for-large\">\n<figure class=\"media-holder\">\n                      <img src=\"https:\/\/www.4ps.be\/wp-content\/uploads\/sites\/3\/4PSBE_Banner-Webinar-PowerBI-3sprekers-nobutton-900x500-c-default.png\" alt=\"\" \/><\/p>\n<p>                                                <a href=\"https:\/\/vimeo.com\/566171843\" data-popup=\"video\" class=\"button with-icon icon-left play-round\"><br \/>\n                            Lire la vid\u00e9o<br \/>\n                          <\/a><br \/>\n                                        <\/figure>\n<\/p><\/div>\n<\/p><\/div>\n<\/li>\n"}],"_links":{"self":[{"href":"https:\/\/www.4ps.be\/fr\/wp-json\/wp\/v2\/pages\/14281","targetHints":{"allow":["GET"]}}],"collection":[{"href":"https:\/\/www.4ps.be\/fr\/wp-json\/wp\/v2\/pages"}],"about":[{"href":"https:\/\/www.4ps.be\/fr\/wp-json\/wp\/v2\/types\/page"}],"author":[{"embeddable":true,"href":"https:\/\/www.4ps.be\/fr\/wp-json\/wp\/v2\/users\/19"}],"replies":[{"embeddable":true,"href":"https:\/\/www.4ps.be\/fr\/wp-json\/wp\/v2\/comments?post=14281"}],"version-history":[{"count":0,"href":"https:\/\/www.4ps.be\/fr\/wp-json\/wp\/v2\/pages\/14281\/revisions"}],"wp:attachment":[{"href":"https:\/\/www.4ps.be\/fr\/wp-json\/wp\/v2\/media?parent=14281"}],"curies":[{"name":"wp","href":"https:\/\/api.w.org\/{rel}","templated":true}]}}