{"id":14301,"date":"2021-04-21T13:02:00","date_gmt":"2021-04-21T11:02:00","guid":{"rendered":"https:\/\/www.4ps.be\/webinar-new-release-coming-whats-in-it-for-you-2\/"},"modified":"2021-04-21T13:02:00","modified_gmt":"2021-04-21T11:02:00","slug":"webinar-new-release-coming-whats-in-it-for-you-2","status":"publish","type":"page","link":"https:\/\/www.4ps.be\/fr\/webinar-new-release-coming-whats-in-it-for-you-2\/","title":{"rendered":"New release coming, what&rsquo;s in it for you?"},"content":{"rendered":"<section class=\"block\">\n    <div class=\"ce ce-content-tab-container\">\n\n                    \n    <div class=\"row\">\n        <div class=\"column small-12 large-4\">\n                                                <h2><a href=\"#\">New release coming, what's in it for you?<\/a><\/h2>\n                            \n                                                <p class=\"tab-intro\"><strong>In deze webinar nemen we u mee in alle nieuwe features die met de Spring 2021 release beschikbaar komen. Diverse onderwerpen wisselen elkaar in rap tempo af, van service en onderhoud, financieel, planning, uren verantwoording, projecten, materieel tot aan de apps en Control.<\/strong><\/p>\n                            \n                            <ul class=\"accordion\" data-accordion data-faq-schema\n                    itemscope itemtype=\"https:\/\/schema.org\/FAQPage\">\n                    <li\n    class=\"accordion-item\"\n    data-accordion-item\n    itemscope itemprop=\"mainEntity\" itemtype=\"https:\/\/schema.org\/Question\"  ><br \/>\n      <a href=\"#\" class=\"accordion-title\"><br \/>\n        <span itemprop=\"name\">Praktijkvoorbeelden<\/span><br \/>\n      <\/a><\/p>\n<div\n        class=\"accordion-content\"\n        data-tab-content\n        itemscope itemprop=\"acceptedAnswer\" itemtype=\"https:\/\/schema.org\/Answer\"      ><\/p>\n<div class=\"short-content wysiwyg\" itemprop=\"text\">\n<p>Verschillende praktijkvoorbeelden uit de branche<\/p>\n<\/p><\/div>\n<div class=\"long-content hide-for-large\">\n<figure class=\"media-holder\">\n                      <img decoding=\"async\" src=\"https:\/\/www.4ps.be\/wp-content\/uploads\/sites\/3\/4PSNL_Banner-Webinar-klanten-newreleases-nobutton-900x500-c-default.png\" alt=\"\" \/><\/p>\n<p>                                                <a href=\"https:\/\/vimeo.com\/539238005\" data-popup=\"video\" class=\"button with-icon icon-left play-round\"><br \/>\n                            Lire la vid\u00e9o<br \/>\n                          <\/a><br \/>\n                                        <\/figure>\n<\/p><\/div><\/div>\n<\/li>\n<li\n    class=\"accordion-item\"\n    data-accordion-item\n    itemscope itemprop=\"mainEntity\" itemtype=\"https:\/\/schema.org\/Question\"  ><br \/>\n      <a href=\"#\" class=\"accordion-title\"><br \/>\n        <span itemprop=\"name\">Nieuwste ontwikkelingen<\/span><br \/>\n      <\/a><\/p>\n<div\n        class=\"accordion-content\"\n        data-tab-content\n        itemscope itemprop=\"acceptedAnswer\" itemtype=\"https:\/\/schema.org\/Answer\"      ><\/p>\n<div class=\"short-content wysiwyg\" itemprop=\"text\">\n<p>Inzicht in de nieuwste ontwikkelingen<\/p>\n<\/p><\/div>\n<div class=\"long-content hide-for-large\">\n<figure class=\"media-holder\">\n                      <img decoding=\"async\" src=\"https:\/\/www.4ps.be\/wp-content\/uploads\/sites\/3\/4PSNL_Banner-Webinar-klanten-newreleases-nobutton-900x500-c-default.png\" alt=\"\" \/><\/p>\n<p>                                                <a href=\"https:\/\/vimeo.com\/539238005\" data-popup=\"video\" class=\"button with-icon icon-left play-round\"><br \/>\n                            Lire la vid\u00e9o<br \/>\n                          <\/a><br \/>\n                                        <\/figure>\n<\/p><\/div><\/div>\n<\/li>\n<li\n    class=\"accordion-item\"\n    data-accordion-item\n    itemscope itemprop=\"mainEntity\" itemtype=\"https:\/\/schema.org\/Question\"  ><br \/>\n      <a href=\"#\" class=\"accordion-title\"><br \/>\n        <span itemprop=\"name\">Voordelen<\/span><br \/>\n      <\/a><\/p>\n<div\n        class=\"accordion-content\"\n        data-tab-content\n        itemscope itemprop=\"acceptedAnswer\" itemtype=\"https:\/\/schema.org\/Answer\"      ><\/p>\n<div class=\"short-content wysiwyg\" itemprop=\"text\">\n<p>De voordelen van een ge\u00efntegreerde softwareoplossing<\/p>\n<\/p><\/div>\n<div class=\"long-content hide-for-large\">\n<figure class=\"media-holder\">\n                      <img decoding=\"async\" src=\"https:\/\/www.4ps.be\/wp-content\/uploads\/sites\/3\/4PSNL_Banner-Webinar-klanten-newreleases-nobutton-900x500-c-default.png\" alt=\"\" \/><\/p>\n<p>                                                <a href=\"https:\/\/vimeo.com\/539238005\" data-popup=\"video\" class=\"button with-icon icon-left play-round\"><br \/>\n                            Lire la vid\u00e9o<br \/>\n                          <\/a><br \/>\n                                        <\/figure>\n<\/p><\/div><\/div>\n<\/li>\n\n                <\/ul>\n\n                                <script>\n                (function () {\n                  if (window.__4psFaqPageDedupeInit) return;\n                  window.__4psFaqPageDedupeInit = true;\n\n                  function stripSchemaTree(root) {\n                    if (!root) return;\n                    \/\/ Remove schema attributes on root + all descendants\n                    if (root.removeAttribute) {\n                      root.removeAttribute('itemscope');\n                      root.removeAttribute('itemtype');\n                      root.removeAttribute('itemprop');\n                    }\n                    if (root.querySelectorAll) {\n                      root.querySelectorAll('[itemscope],[itemtype],[itemprop]').forEach(function (n) {\n                        n.removeAttribute('itemscope');\n                        n.removeAttribute('itemtype');\n                        n.removeAttribute('itemprop');\n                      });\n                    }\n                  }\n\n                  function dedupeFaqPage() {\n                    var pages = document.querySelectorAll('[itemscope][itemtype=\"https:\/\/schema.org\/FAQPage\"]');\n                    if (!pages || pages.length <= 1) return;\n\n                    \/\/ Keep the first FAQPage; strip schema from the rest to avoid duplicate FAQPage.\n                    for (var i = 1; i < pages.length; i++) {\n                      stripSchemaTree(pages[i]);\n                    }\n                  }\n\n                  \/\/ Run now and after any JS-driven DOM duplication\n                  if (document.readyState === 'loading') {\n                    document.addEventListener('DOMContentLoaded', dedupeFaqPage);\n                  } else {\n                    dedupeFaqPage();\n                  }\n\n                  var obs = new MutationObserver(function () { dedupeFaqPage(); });\n                  obs.observe(document.documentElement, { subtree: true, childList: true });\n                })();\n                <\/script>\n            \n        <\/div>\n        <div class=\"column small-12 large-8 show-for-large\">\n            <div data-accordion-sidecontent class=\"sidecontent\"><\/div>\n        <\/div>\n    <\/div>\n\n        \n    <\/div>\n<\/section>\n","protected":false},"excerpt":{"rendered":"New release coming, what's in it for you? In deze webinar nemen we u mee in alle nieuwe features die met de Spring 2021 release beschikbaar komen. Diverse onderwerpen wisselen elkaar in rap tempo af, van service en onderhoud, financieel, planning, uren verantwoording, projecten, materieel tot aan de apps en Control. Praktijkvoorbeelden Verschillende praktijkvoorbeelden uit [...]","protected":false},"author":12,"featured_media":0,"parent":0,"menu_order":0,"comment_status":"closed","ping_status":"closed","template":"","meta":{"_acf_changed":false,"footnotes":""},"class_list":["post-14301","page","type-page","status-publish","hentry"],"acf":[],"yoast_head":"<!-- This site is optimized with the Yoast SEO Premium plugin v25.5 (Yoast SEO v25.5) - https:\/\/yoast.com\/wordpress\/plugins\/seo\/ -->\n<title>New release coming, what&#039;s in it for you? - 4PS Belgi\u00eb<\/title>\n<meta name=\"robots\" content=\"index, follow, max-snippet:-1, max-image-preview:large, max-video-preview:-1\" \/>\n<link rel=\"canonical\" href=\"https:\/\/www.4ps.be\/fr\/webinar-new-release-coming-whats-in-it-for-you-2\/\" \/>\n<meta property=\"og:locale\" content=\"fr_FR\" \/>\n<meta property=\"og:type\" content=\"article\" \/>\n<meta property=\"og:title\" content=\"New release coming, what&#039;s in it for you?\" \/>\n<meta property=\"og:url\" content=\"https:\/\/www.4ps.be\/fr\/webinar-new-release-coming-whats-in-it-for-you-2\/\" \/>\n<meta property=\"og:site_name\" content=\"4PS Belgi\u00eb\" \/>\n<meta name=\"twitter:card\" content=\"summary_large_image\" \/>\n<meta name=\"twitter:site\" content=\"@4psBelgium\" \/>\n<meta name=\"twitter:label1\" content=\"Dur\u00e9e de lecture estim\u00e9e\" \/>\n\t<meta name=\"twitter:data1\" content=\"1 minute\" \/>\n<script type=\"application\/ld+json\" class=\"yoast-schema-graph\">{\"@context\":\"https:\/\/schema.org\",\"@graph\":[{\"@type\":\"WebPage\",\"@id\":\"https:\/\/www.4ps.be\/fr\/webinar-new-release-coming-whats-in-it-for-you-2\/\",\"url\":\"https:\/\/www.4ps.be\/fr\/webinar-new-release-coming-whats-in-it-for-you-2\/\",\"name\":\"New release coming, what's in it for you? - 4PS Belgi\u00eb\",\"isPartOf\":{\"@id\":\"https:\/\/www.4ps.be\/fr\/#website\"},\"datePublished\":\"2021-04-21T11:02:00+00:00\",\"inLanguage\":\"fr-FR\",\"potentialAction\":[{\"@type\":\"ReadAction\",\"target\":[\"https:\/\/www.4ps.be\/fr\/webinar-new-release-coming-whats-in-it-for-you-2\/\"]}]},{\"@type\":\"WebSite\",\"@id\":\"https:\/\/www.4ps.be\/fr\/#website\",\"url\":\"https:\/\/www.4ps.be\/fr\/\",\"name\":\"4PS Belgi\u00eb\",\"description\":\"\",\"publisher\":{\"@id\":\"https:\/\/www.4ps.be\/fr\/#organization\"},\"potentialAction\":[{\"@type\":\"SearchAction\",\"target\":{\"@type\":\"EntryPoint\",\"urlTemplate\":\"https:\/\/www.4ps.be\/fr\/?s={search_term_string}\"},\"query-input\":{\"@type\":\"PropertyValueSpecification\",\"valueRequired\":true,\"valueName\":\"search_term_string\"}}],\"inLanguage\":\"fr-FR\"},{\"@type\":\"Organization\",\"@id\":\"https:\/\/www.4ps.be\/fr\/#organization\",\"name\":\"4PS Belgi\u00eb\",\"url\":\"https:\/\/www.4ps.be\/fr\/\",\"logo\":{\"@type\":\"ImageObject\",\"inLanguage\":\"fr-FR\",\"@id\":\"https:\/\/www.4ps.be\/fr\/#\/schema\/logo\/image\/\",\"url\":\"https:\/\/www.4ps.be\/wp-content\/uploads\/sites\/3\/4PS_logo_RGB.jpg\",\"contentUrl\":\"https:\/\/www.4ps.be\/wp-content\/uploads\/sites\/3\/4PS_logo_RGB.jpg\",\"width\":859,\"height\":645,\"caption\":\"4PS Belgi\u00eb\"},\"image\":{\"@id\":\"https:\/\/www.4ps.be\/fr\/#\/schema\/logo\/image\/\"},\"sameAs\":[\"https:\/\/x.com\/4psBelgium\",\"https:\/\/www.linkedin.com\/company\/36159596\/\",\"https:\/\/www.youtube.com\/c\/4PSEde\"]}]}<\/script>\n<!-- \/ Yoast SEO Premium plugin. -->","yoast_head_json":{"title":"New release coming, what's in it for you? - 4PS Belgi\u00eb","robots":{"index":"index","follow":"follow","max-snippet":"max-snippet:-1","max-image-preview":"max-image-preview:large","max-video-preview":"max-video-preview:-1"},"canonical":"https:\/\/www.4ps.be\/fr\/webinar-new-release-coming-whats-in-it-for-you-2\/","og_locale":"fr_FR","og_type":"article","og_title":"New release coming, what's in it for you?","og_url":"https:\/\/www.4ps.be\/fr\/webinar-new-release-coming-whats-in-it-for-you-2\/","og_site_name":"4PS Belgi\u00eb","twitter_card":"summary_large_image","twitter_site":"@4psBelgium","twitter_misc":{"Dur\u00e9e de lecture estim\u00e9e":"1 minute"},"schema":{"@context":"https:\/\/schema.org","@graph":[{"@type":"WebPage","@id":"https:\/\/www.4ps.be\/fr\/webinar-new-release-coming-whats-in-it-for-you-2\/","url":"https:\/\/www.4ps.be\/fr\/webinar-new-release-coming-whats-in-it-for-you-2\/","name":"New release coming, what's in it for you? - 4PS Belgi\u00eb","isPartOf":{"@id":"https:\/\/www.4ps.be\/fr\/#website"},"datePublished":"2021-04-21T11:02:00+00:00","inLanguage":"fr-FR","potentialAction":[{"@type":"ReadAction","target":["https:\/\/www.4ps.be\/fr\/webinar-new-release-coming-whats-in-it-for-you-2\/"]}]},{"@type":"WebSite","@id":"https:\/\/www.4ps.be\/fr\/#website","url":"https:\/\/www.4ps.be\/fr\/","name":"4PS Belgi\u00eb","description":"","publisher":{"@id":"https:\/\/www.4ps.be\/fr\/#organization"},"potentialAction":[{"@type":"SearchAction","target":{"@type":"EntryPoint","urlTemplate":"https:\/\/www.4ps.be\/fr\/?s={search_term_string}"},"query-input":{"@type":"PropertyValueSpecification","valueRequired":true,"valueName":"search_term_string"}}],"inLanguage":"fr-FR"},{"@type":"Organization","@id":"https:\/\/www.4ps.be\/fr\/#organization","name":"4PS Belgi\u00eb","url":"https:\/\/www.4ps.be\/fr\/","logo":{"@type":"ImageObject","inLanguage":"fr-FR","@id":"https:\/\/www.4ps.be\/fr\/#\/schema\/logo\/image\/","url":"https:\/\/www.4ps.be\/wp-content\/uploads\/sites\/3\/4PS_logo_RGB.jpg","contentUrl":"https:\/\/www.4ps.be\/wp-content\/uploads\/sites\/3\/4PS_logo_RGB.jpg","width":859,"height":645,"caption":"4PS Belgi\u00eb"},"image":{"@id":"https:\/\/www.4ps.be\/fr\/#\/schema\/logo\/image\/"},"sameAs":["https:\/\/x.com\/4psBelgium","https:\/\/www.linkedin.com\/company\/36159596\/","https:\/\/www.youtube.com\/c\/4PSEde"]}]}},"content_elements":[{"content_element_type":"vc_content_tab_item","title":"Praktijkvoorbeelden","image":{"id":"9930","ID":"9930","object_type":"image","ImageClass":"Timber\\Image","PostClass":"Timber\\Post","TermClass":"Timber\\Term","custom":[],"post_author":"12","post_content":"","post_date":"2021-04-21 13:01:06","post_excerpt":"","post_parent":9929,"post_status":"inherit","post_title":"4PSNL_Banner-Webinar-klanten-newreleases-nobutton","post_type":"attachment","slug":null,"abs_url":null,"file_loc":"\/home\/ploi\/www.4ps.co.uk\/public\/wp-content\/uploads\/sites\/3\/4PSNL_Banner-Webinar-klanten-newreleases-nobutton.png","file":"4PSNL_Banner-Webinar-klanten-newreleases-nobutton.png","sizes":{"thumbnail":{"file":"4PSNL_Banner-Webinar-klanten-newreleases-nobutton-150x150.png","width":150,"height":150,"mime-type":"image\/png"}},"caption":"","image_meta":{"aperture":"0","credit":"","camera":"","caption":"","created_timestamp":"0","copyright":"","focal_length":"0","iso":"0","shutter_speed":"0","title":"","orientation":"0","keywords":[]},"_wp_attachment_metadata":"a:5:{s:5:\"width\";i:1275;s:6:\"height\";i:711;s:4:\"file\";s:53:\"4PSNL_Banner-Webinar-klanten-newreleases-nobutton.png\";s:5:\"sizes\";a:1:{s:9:\"thumbnail\";a:4:{s:4:\"file\";s:61:\"4PSNL_Banner-Webinar-klanten-newreleases-nobutton-150x150.png\";s:5:\"width\";i:150;s:6:\"height\";i:150;s:9:\"mime-type\";s:9:\"image\/png\";}}s:10:\"image_meta\";a:12:{s:8:\"aperture\";s:1:\"0\";s:6:\"credit\";s:0:\"\";s:6:\"camera\";s:0:\"\";s:7:\"caption\";s:0:\"\";s:17:\"created_timestamp\";s:1:\"0\";s:9:\"copyright\";s:0:\"\";s:12:\"focal_length\";s:1:\"0\";s:3:\"iso\";s:1:\"0\";s:13:\"shutter_speed\";s:1:\"0\";s:5:\"title\";s:0:\"\";s:11:\"orientation\";s:1:\"0\";s:8:\"keywords\";a:0:{}}}","wpml_media_processed":"1","post_date_gmt":"2021-04-21 11:01:06","comment_status":"closed","ping_status":"closed","post_password":"","post_name":"4psnl_banner-webinar-klanten-newreleases-nobutton","to_ping":"","pinged":"","post_modified":"2021-04-21 13:01:06","post_modified_gmt":"2021-04-21 11:01:06","post_content_filtered":"","guid":"https:\/\/www.4ps.be\/wp-content\/uploads\/sites\/3\/4PSNL_Banner-Webinar-klanten-newreleases-nobutton.png","menu_order":0,"post_mime_type":"image\/png","comment_count":"0","filter":"raw"},"video_link":"https:\/\/vimeo.com\/539238005","content":"<p>Verschillende praktijkvoorbeelden uit de branche<\/p>\n"},{"content_element_type":"vc_content_tab_item","title":"Nieuwste ontwikkelingen","image":{"id":"9930","ID":"9930","object_type":"image","ImageClass":"Timber\\Image","PostClass":"Timber\\Post","TermClass":"Timber\\Term","custom":[],"post_author":"12","post_content":"","post_date":"2021-04-21 13:01:06","post_excerpt":"","post_parent":9929,"post_status":"inherit","post_title":"4PSNL_Banner-Webinar-klanten-newreleases-nobutton","post_type":"attachment","slug":null,"abs_url":null,"file_loc":"\/home\/ploi\/www.4ps.co.uk\/public\/wp-content\/uploads\/sites\/3\/4PSNL_Banner-Webinar-klanten-newreleases-nobutton.png","file":"4PSNL_Banner-Webinar-klanten-newreleases-nobutton.png","sizes":{"thumbnail":{"file":"4PSNL_Banner-Webinar-klanten-newreleases-nobutton-150x150.png","width":150,"height":150,"mime-type":"image\/png"}},"caption":"","image_meta":{"aperture":"0","credit":"","camera":"","caption":"","created_timestamp":"0","copyright":"","focal_length":"0","iso":"0","shutter_speed":"0","title":"","orientation":"0","keywords":[]},"_wp_attachment_metadata":"a:5:{s:5:\"width\";i:1275;s:6:\"height\";i:711;s:4:\"file\";s:53:\"4PSNL_Banner-Webinar-klanten-newreleases-nobutton.png\";s:5:\"sizes\";a:1:{s:9:\"thumbnail\";a:4:{s:4:\"file\";s:61:\"4PSNL_Banner-Webinar-klanten-newreleases-nobutton-150x150.png\";s:5:\"width\";i:150;s:6:\"height\";i:150;s:9:\"mime-type\";s:9:\"image\/png\";}}s:10:\"image_meta\";a:12:{s:8:\"aperture\";s:1:\"0\";s:6:\"credit\";s:0:\"\";s:6:\"camera\";s:0:\"\";s:7:\"caption\";s:0:\"\";s:17:\"created_timestamp\";s:1:\"0\";s:9:\"copyright\";s:0:\"\";s:12:\"focal_length\";s:1:\"0\";s:3:\"iso\";s:1:\"0\";s:13:\"shutter_speed\";s:1:\"0\";s:5:\"title\";s:0:\"\";s:11:\"orientation\";s:1:\"0\";s:8:\"keywords\";a:0:{}}}","wpml_media_processed":"1","post_date_gmt":"2021-04-21 11:01:06","comment_status":"closed","ping_status":"closed","post_password":"","post_name":"4psnl_banner-webinar-klanten-newreleases-nobutton","to_ping":"","pinged":"","post_modified":"2021-04-21 13:01:06","post_modified_gmt":"2021-04-21 11:01:06","post_content_filtered":"","guid":"https:\/\/www.4ps.be\/wp-content\/uploads\/sites\/3\/4PSNL_Banner-Webinar-klanten-newreleases-nobutton.png","menu_order":0,"post_mime_type":"image\/png","comment_count":"0","filter":"raw"},"video_link":"https:\/\/vimeo.com\/539238005","content":"<p>Inzicht in de nieuwste ontwikkelingen<\/p>\n"},{"content_element_type":"vc_content_tab_item","title":"Voordelen","image":{"id":"9930","ID":"9930","object_type":"image","ImageClass":"Timber\\Image","PostClass":"Timber\\Post","TermClass":"Timber\\Term","custom":[],"post_author":"12","post_content":"","post_date":"2021-04-21 13:01:06","post_excerpt":"","post_parent":9929,"post_status":"inherit","post_title":"4PSNL_Banner-Webinar-klanten-newreleases-nobutton","post_type":"attachment","slug":null,"abs_url":null,"file_loc":"\/home\/ploi\/www.4ps.co.uk\/public\/wp-content\/uploads\/sites\/3\/4PSNL_Banner-Webinar-klanten-newreleases-nobutton.png","file":"4PSNL_Banner-Webinar-klanten-newreleases-nobutton.png","sizes":{"thumbnail":{"file":"4PSNL_Banner-Webinar-klanten-newreleases-nobutton-150x150.png","width":150,"height":150,"mime-type":"image\/png"}},"caption":"","image_meta":{"aperture":"0","credit":"","camera":"","caption":"","created_timestamp":"0","copyright":"","focal_length":"0","iso":"0","shutter_speed":"0","title":"","orientation":"0","keywords":[]},"_wp_attachment_metadata":"a:5:{s:5:\"width\";i:1275;s:6:\"height\";i:711;s:4:\"file\";s:53:\"4PSNL_Banner-Webinar-klanten-newreleases-nobutton.png\";s:5:\"sizes\";a:1:{s:9:\"thumbnail\";a:4:{s:4:\"file\";s:61:\"4PSNL_Banner-Webinar-klanten-newreleases-nobutton-150x150.png\";s:5:\"width\";i:150;s:6:\"height\";i:150;s:9:\"mime-type\";s:9:\"image\/png\";}}s:10:\"image_meta\";a:12:{s:8:\"aperture\";s:1:\"0\";s:6:\"credit\";s:0:\"\";s:6:\"camera\";s:0:\"\";s:7:\"caption\";s:0:\"\";s:17:\"created_timestamp\";s:1:\"0\";s:9:\"copyright\";s:0:\"\";s:12:\"focal_length\";s:1:\"0\";s:3:\"iso\";s:1:\"0\";s:13:\"shutter_speed\";s:1:\"0\";s:5:\"title\";s:0:\"\";s:11:\"orientation\";s:1:\"0\";s:8:\"keywords\";a:0:{}}}","wpml_media_processed":"1","post_date_gmt":"2021-04-21 11:01:06","comment_status":"closed","ping_status":"closed","post_password":"","post_name":"4psnl_banner-webinar-klanten-newreleases-nobutton","to_ping":"","pinged":"","post_modified":"2021-04-21 13:01:06","post_modified_gmt":"2021-04-21 11:01:06","post_content_filtered":"","guid":"https:\/\/www.4ps.be\/wp-content\/uploads\/sites\/3\/4PSNL_Banner-Webinar-klanten-newreleases-nobutton.png","menu_order":0,"post_mime_type":"image\/png","comment_count":"0","filter":"raw"},"video_link":"https:\/\/vimeo.com\/539238005","content":"<p>De voordelen van een ge\u00efntegreerde softwareoplossing<\/p>\n"},{"content_element_type":"vc_content_tab_container","title":{"url":"#","title":"New release coming, what's in it for you?","target":"","rel":"","relative_url":"#"},"intro":"In deze webinar nemen we u mee in alle nieuwe features die met de Spring 2021 release beschikbaar komen. Diverse onderwerpen wisselen elkaar in rap tempo af, van service en onderhoud, financieel, planning, uren verantwoording, projecten, materieel tot aan de apps en Control.","font_weight":"normal","content":"<li\n    class=\"accordion-item\"\n    data-accordion-item\n    itemscope itemprop=\"mainEntity\" itemtype=\"https:\/\/schema.org\/Question\"  ><br \/>\n      <a href=\"#\" class=\"accordion-title\"><br \/>\n        <span itemprop=\"name\">Praktijkvoorbeelden<\/span><br \/>\n      <\/a><\/p>\n<div\n        class=\"accordion-content\"\n        data-tab-content\n        itemscope itemprop=\"acceptedAnswer\" itemtype=\"https:\/\/schema.org\/Answer\"      ><\/p>\n<div class=\"short-content wysiwyg\" itemprop=\"text\">\n<p>Verschillende praktijkvoorbeelden uit de branche<\/p>\n<\/p><\/div>\n<div class=\"long-content hide-for-large\">\n<figure class=\"media-holder\">\n                      <img src=\"https:\/\/www.4ps.be\/wp-content\/uploads\/sites\/3\/4PSNL_Banner-Webinar-klanten-newreleases-nobutton-900x500-c-default.png\" alt=\"\" \/><\/p>\n<p>                                                <a href=\"https:\/\/vimeo.com\/539238005\" data-popup=\"video\" class=\"button with-icon icon-left play-round\"><br \/>\n                            Lire la vid\u00e9o<br \/>\n                          <\/a><br \/>\n                                        <\/figure>\n<\/p><\/div>\n<\/p><\/div>\n<\/li>\n<li\n    class=\"accordion-item\"\n    data-accordion-item\n    itemscope itemprop=\"mainEntity\" itemtype=\"https:\/\/schema.org\/Question\"  ><br \/>\n      <a href=\"#\" class=\"accordion-title\"><br \/>\n        <span itemprop=\"name\">Nieuwste ontwikkelingen<\/span><br \/>\n      <\/a><\/p>\n<div\n        class=\"accordion-content\"\n        data-tab-content\n        itemscope itemprop=\"acceptedAnswer\" itemtype=\"https:\/\/schema.org\/Answer\"      ><\/p>\n<div class=\"short-content wysiwyg\" itemprop=\"text\">\n<p>Inzicht in de nieuwste ontwikkelingen<\/p>\n<\/p><\/div>\n<div class=\"long-content hide-for-large\">\n<figure class=\"media-holder\">\n                      <img src=\"https:\/\/www.4ps.be\/wp-content\/uploads\/sites\/3\/4PSNL_Banner-Webinar-klanten-newreleases-nobutton-900x500-c-default.png\" alt=\"\" \/><\/p>\n<p>                                                <a href=\"https:\/\/vimeo.com\/539238005\" data-popup=\"video\" class=\"button with-icon icon-left play-round\"><br \/>\n                            Lire la vid\u00e9o<br \/>\n                          <\/a><br \/>\n                                        <\/figure>\n<\/p><\/div>\n<\/p><\/div>\n<\/li>\n<li\n    class=\"accordion-item\"\n    data-accordion-item\n    itemscope itemprop=\"mainEntity\" itemtype=\"https:\/\/schema.org\/Question\"  ><br \/>\n      <a href=\"#\" class=\"accordion-title\"><br \/>\n        <span itemprop=\"name\">Voordelen<\/span><br \/>\n      <\/a><\/p>\n<div\n        class=\"accordion-content\"\n        data-tab-content\n        itemscope itemprop=\"acceptedAnswer\" itemtype=\"https:\/\/schema.org\/Answer\"      ><\/p>\n<div class=\"short-content wysiwyg\" itemprop=\"text\">\n<p>De voordelen van een ge\u00efntegreerde softwareoplossing<\/p>\n<\/p><\/div>\n<div class=\"long-content hide-for-large\">\n<figure class=\"media-holder\">\n                      <img src=\"https:\/\/www.4ps.be\/wp-content\/uploads\/sites\/3\/4PSNL_Banner-Webinar-klanten-newreleases-nobutton-900x500-c-default.png\" alt=\"\" \/><\/p>\n<p>                                                <a href=\"https:\/\/vimeo.com\/539238005\" data-popup=\"video\" class=\"button with-icon icon-left play-round\"><br \/>\n                            Lire la vid\u00e9o<br \/>\n                          <\/a><br \/>\n                                        <\/figure>\n<\/p><\/div>\n<\/p><\/div>\n<\/li>\n"}],"_links":{"self":[{"href":"https:\/\/www.4ps.be\/fr\/wp-json\/wp\/v2\/pages\/14301","targetHints":{"allow":["GET"]}}],"collection":[{"href":"https:\/\/www.4ps.be\/fr\/wp-json\/wp\/v2\/pages"}],"about":[{"href":"https:\/\/www.4ps.be\/fr\/wp-json\/wp\/v2\/types\/page"}],"author":[{"embeddable":true,"href":"https:\/\/www.4ps.be\/fr\/wp-json\/wp\/v2\/users\/12"}],"replies":[{"embeddable":true,"href":"https:\/\/www.4ps.be\/fr\/wp-json\/wp\/v2\/comments?post=14301"}],"version-history":[{"count":0,"href":"https:\/\/www.4ps.be\/fr\/wp-json\/wp\/v2\/pages\/14301\/revisions"}],"wp:attachment":[{"href":"https:\/\/www.4ps.be\/fr\/wp-json\/wp\/v2\/media?parent=14301"}],"curies":[{"name":"wp","href":"https:\/\/api.w.org\/{rel}","templated":true}]}}