{"id":14334,"date":"2020-12-09T14:41:04","date_gmt":"2020-12-09T13:41:04","guid":{"rendered":"https:\/\/www.4ps.be\/aanvraag-doel-van-het-jaar\/"},"modified":"2020-12-09T14:41:04","modified_gmt":"2020-12-09T13:41:04","slug":"aanvraag-doel-van-het-jaar","status":"publish","type":"page","link":"https:\/\/www.4ps.be\/fr\/aanvraag-doel-van-het-jaar\/","title":{"rendered":"Aanvraag Doel van het jaar"},"content":{"rendered":"<section class=\"block\">\n    <div class=\"ce ce-text-with-media\">\n\n                    \n    <div class=\"row\">\n        <div class=\"column small-12 large-6\">\n\n            \n                <figure class=\"left\">\n                    <img decoding=\"async\" src=\"https:\/\/www.4ps.be\/wp-content\/uploads\/sites\/3\/GOAL-1024x576-c-default.png\" alt=\"\"\/>\n\n                    \n                <\/figure>\n\n            \n        <\/div>\n        <div class=\"column small-12 large-6\">\n            <div class=\"content-holder\">\n                <div class=\"content\">\n\n                    \n                    \n                        <h2><a href=\"#\" >Waar moet het doel van het jaar aan voldoen?<\/a><\/h2>\n\n                    \n                    \n                        <div class=\"wysiwyg\">\n\n                            <p>1. Het doel moet te maken hebben met People, Planet of Profit. Dit houdt in dat het steunen van dit doel voordelig moet zijn voor de mensheid, de natuur, of dat 4PS er winst uit haalt.<\/p>\n<p>2. Een doel moet tevens aansluiten bij de Kern- en Merkwaarden van 4PS. De kernwaarden zijn &lsquo;hart volgen&rsquo;, &lsquo;verdiepen&rsquo;, en &lsquo;vernieuwen&rsquo;. De merkwaarden zijn: &lsquo;bewust&rsquo;, &lsquo;duurzaam&rsquo;, en &lsquo;vooroplopen&rsquo;. Benieuwd wat deze kernwaarden zijn? Lees het in ons <a href=\"https:\/\/www.4ps.be\/wp-content\/uploads\/sites\/3\/4PS_Brandbook_2020.pdf\">brandbook<\/a>.<\/p>\n<p>3. Het is tevens belangrijk dat het doel niet alleen nationaal, maar ook internationaal van belang is. Dit omdat 4PS een internationaal bedrijf is.<\/p>\n\n\n                        <\/div>\n\n                    \n                    \n                    \n                <\/div>\n            <\/div>\n        <\/div>\n    <\/div>\n\n        \n    <\/div>\n<\/section>\n<section class=\"block\">\n    <div class=\"ce ce-forms\">\n\n                    \n    <div class=\"row\">\n        <div class=\"column small-12 large-6\">\n            <div class=\"form-container\">\n\n                \n                                    \n                \n            <\/div>\n        <\/div>\n        <div class=\"column small-12 large-6\">\n\n            \n        <\/div>\n    <\/div>\n\n        \n    <\/div>\n<\/section>\n","protected":false},"excerpt":{"rendered":"Waar moet het doel van het jaar aan voldoen? 1. Het doel moet te maken hebben met People, Planet of Profit. Dit houdt in dat het steunen van dit doel voordelig moet zijn voor de mensheid, de natuur, of dat 4PS er winst uit haalt. 2. Een doel moet tevens aansluiten bij de Kern- en [...]","protected":false},"author":12,"featured_media":0,"parent":0,"menu_order":0,"comment_status":"closed","ping_status":"closed","template":"","meta":{"_acf_changed":false,"footnotes":""},"class_list":["post-14334","page","type-page","status-publish","hentry"],"acf":[],"yoast_head":"<!-- This site is optimized with the Yoast SEO Premium plugin v25.5 (Yoast SEO v25.5) - https:\/\/yoast.com\/wordpress\/plugins\/seo\/ -->\n<title>Aanvraag Doel van het jaar - 4PS Belgi\u00eb<\/title>\n<meta name=\"robots\" content=\"index, follow, max-snippet:-1, max-image-preview:large, max-video-preview:-1\" \/>\n<link rel=\"canonical\" href=\"https:\/\/www.4ps.be\/fr\/aanvraag-doel-van-het-jaar\/\" \/>\n<meta property=\"og:locale\" content=\"fr_FR\" \/>\n<meta property=\"og:type\" content=\"article\" \/>\n<meta property=\"og:title\" content=\"Aanvraag Doel van het jaar\" \/>\n<meta property=\"og:url\" content=\"https:\/\/www.4ps.be\/fr\/aanvraag-doel-van-het-jaar\/\" \/>\n<meta property=\"og:site_name\" content=\"4PS Belgi\u00eb\" \/>\n<meta name=\"twitter:card\" content=\"summary_large_image\" \/>\n<meta name=\"twitter:site\" content=\"@4psBelgium\" \/>\n<meta name=\"twitter:label1\" content=\"Dur\u00e9e de lecture estim\u00e9e\" \/>\n\t<meta name=\"twitter:data1\" content=\"1 minute\" \/>\n<script type=\"application\/ld+json\" class=\"yoast-schema-graph\">{\"@context\":\"https:\/\/schema.org\",\"@graph\":[{\"@type\":\"WebPage\",\"@id\":\"https:\/\/www.4ps.be\/fr\/aanvraag-doel-van-het-jaar\/\",\"url\":\"https:\/\/www.4ps.be\/fr\/aanvraag-doel-van-het-jaar\/\",\"name\":\"Aanvraag Doel van het jaar - 4PS Belgi\u00eb\",\"isPartOf\":{\"@id\":\"https:\/\/www.4ps.be\/fr\/#website\"},\"datePublished\":\"2020-12-09T13:41:04+00:00\",\"inLanguage\":\"fr-FR\",\"potentialAction\":[{\"@type\":\"ReadAction\",\"target\":[\"https:\/\/www.4ps.be\/fr\/aanvraag-doel-van-het-jaar\/\"]}]},{\"@type\":\"WebSite\",\"@id\":\"https:\/\/www.4ps.be\/fr\/#website\",\"url\":\"https:\/\/www.4ps.be\/fr\/\",\"name\":\"4PS Belgi\u00eb\",\"description\":\"\",\"publisher\":{\"@id\":\"https:\/\/www.4ps.be\/fr\/#organization\"},\"potentialAction\":[{\"@type\":\"SearchAction\",\"target\":{\"@type\":\"EntryPoint\",\"urlTemplate\":\"https:\/\/www.4ps.be\/fr\/?s={search_term_string}\"},\"query-input\":{\"@type\":\"PropertyValueSpecification\",\"valueRequired\":true,\"valueName\":\"search_term_string\"}}],\"inLanguage\":\"fr-FR\"},{\"@type\":\"Organization\",\"@id\":\"https:\/\/www.4ps.be\/fr\/#organization\",\"name\":\"4PS Belgi\u00eb\",\"url\":\"https:\/\/www.4ps.be\/fr\/\",\"logo\":{\"@type\":\"ImageObject\",\"inLanguage\":\"fr-FR\",\"@id\":\"https:\/\/www.4ps.be\/fr\/#\/schema\/logo\/image\/\",\"url\":\"https:\/\/www.4ps.be\/wp-content\/uploads\/sites\/3\/4PS_logo_RGB.jpg\",\"contentUrl\":\"https:\/\/www.4ps.be\/wp-content\/uploads\/sites\/3\/4PS_logo_RGB.jpg\",\"width\":859,\"height\":645,\"caption\":\"4PS Belgi\u00eb\"},\"image\":{\"@id\":\"https:\/\/www.4ps.be\/fr\/#\/schema\/logo\/image\/\"},\"sameAs\":[\"https:\/\/x.com\/4psBelgium\",\"https:\/\/www.linkedin.com\/company\/36159596\/\",\"https:\/\/www.youtube.com\/c\/4PSEde\"]}]}<\/script>\n<!-- \/ Yoast SEO Premium plugin. -->","yoast_head_json":{"title":"Aanvraag Doel van het jaar - 4PS Belgi\u00eb","robots":{"index":"index","follow":"follow","max-snippet":"max-snippet:-1","max-image-preview":"max-image-preview:large","max-video-preview":"max-video-preview:-1"},"canonical":"https:\/\/www.4ps.be\/fr\/aanvraag-doel-van-het-jaar\/","og_locale":"fr_FR","og_type":"article","og_title":"Aanvraag Doel van het jaar","og_url":"https:\/\/www.4ps.be\/fr\/aanvraag-doel-van-het-jaar\/","og_site_name":"4PS Belgi\u00eb","twitter_card":"summary_large_image","twitter_site":"@4psBelgium","twitter_misc":{"Dur\u00e9e de lecture estim\u00e9e":"1 minute"},"schema":{"@context":"https:\/\/schema.org","@graph":[{"@type":"WebPage","@id":"https:\/\/www.4ps.be\/fr\/aanvraag-doel-van-het-jaar\/","url":"https:\/\/www.4ps.be\/fr\/aanvraag-doel-van-het-jaar\/","name":"Aanvraag Doel van het jaar - 4PS Belgi\u00eb","isPartOf":{"@id":"https:\/\/www.4ps.be\/fr\/#website"},"datePublished":"2020-12-09T13:41:04+00:00","inLanguage":"fr-FR","potentialAction":[{"@type":"ReadAction","target":["https:\/\/www.4ps.be\/fr\/aanvraag-doel-van-het-jaar\/"]}]},{"@type":"WebSite","@id":"https:\/\/www.4ps.be\/fr\/#website","url":"https:\/\/www.4ps.be\/fr\/","name":"4PS Belgi\u00eb","description":"","publisher":{"@id":"https:\/\/www.4ps.be\/fr\/#organization"},"potentialAction":[{"@type":"SearchAction","target":{"@type":"EntryPoint","urlTemplate":"https:\/\/www.4ps.be\/fr\/?s={search_term_string}"},"query-input":{"@type":"PropertyValueSpecification","valueRequired":true,"valueName":"search_term_string"}}],"inLanguage":"fr-FR"},{"@type":"Organization","@id":"https:\/\/www.4ps.be\/fr\/#organization","name":"4PS Belgi\u00eb","url":"https:\/\/www.4ps.be\/fr\/","logo":{"@type":"ImageObject","inLanguage":"fr-FR","@id":"https:\/\/www.4ps.be\/fr\/#\/schema\/logo\/image\/","url":"https:\/\/www.4ps.be\/wp-content\/uploads\/sites\/3\/4PS_logo_RGB.jpg","contentUrl":"https:\/\/www.4ps.be\/wp-content\/uploads\/sites\/3\/4PS_logo_RGB.jpg","width":859,"height":645,"caption":"4PS Belgi\u00eb"},"image":{"@id":"https:\/\/www.4ps.be\/fr\/#\/schema\/logo\/image\/"},"sameAs":["https:\/\/x.com\/4psBelgium","https:\/\/www.linkedin.com\/company\/36159596\/","https:\/\/www.youtube.com\/c\/4PSEde"]}]}},"content_elements":[{"content_element_type":"vc_text_with_media","element_label":"","title":{"url":"#","title":"Waar moet het doel van het jaar aan voldoen?","target":"","rel":"","relative_url":"#"},"download":"","link":"","image":{"id":"9086","ID":"9086","object_type":"image","ImageClass":"Timber\\Image","PostClass":"Timber\\Post","TermClass":"Timber\\Term","custom":[],"post_author":"12","post_content":"","post_date":"2020-12-09 14:24:47","post_excerpt":"","post_parent":9080,"post_status":"inherit","post_title":"GOAL","post_type":"attachment","slug":null,"abs_url":null,"file_loc":"\/home\/ploi\/www.4ps.co.uk\/public\/wp-content\/uploads\/sites\/3\/GOAL.png","file":"GOAL.png","sizes":{"thumbnail":{"file":"GOAL-150x150.png","width":150,"height":150,"mime-type":"image\/png"}},"caption":"","image_meta":{"aperture":"0","credit":"","camera":"","caption":"","created_timestamp":"0","copyright":"","focal_length":"0","iso":"0","shutter_speed":"0","title":"","orientation":"0","keywords":[]},"_wp_attachment_metadata":"a:5:{s:5:\"width\";i:833;s:6:\"height\";i:462;s:4:\"file\";s:8:\"GOAL.png\";s:5:\"sizes\";a:1:{s:9:\"thumbnail\";a:4:{s:4:\"file\";s:16:\"GOAL-150x150.png\";s:5:\"width\";i:150;s:6:\"height\";i:150;s:9:\"mime-type\";s:9:\"image\/png\";}}s:10:\"image_meta\";a:12:{s:8:\"aperture\";s:1:\"0\";s:6:\"credit\";s:0:\"\";s:6:\"camera\";s:0:\"\";s:7:\"caption\";s:0:\"\";s:17:\"created_timestamp\";s:1:\"0\";s:9:\"copyright\";s:0:\"\";s:12:\"focal_length\";s:1:\"0\";s:3:\"iso\";s:1:\"0\";s:13:\"shutter_speed\";s:1:\"0\";s:5:\"title\";s:0:\"\";s:11:\"orientation\";s:1:\"0\";s:8:\"keywords\";a:0:{}}}","wpml_media_processed":"1","post_date_gmt":"2020-12-09 13:24:47","comment_status":"closed","ping_status":"closed","post_password":"","post_name":"goal","to_ping":"","pinged":"","post_modified":"2020-12-09 14:24:47","post_modified_gmt":"2020-12-09 13:24:47","post_content_filtered":"","guid":"https:\/\/www.4ps.be\/wp-content\/uploads\/sites\/3\/GOAL.png","menu_order":0,"post_mime_type":"image\/png","comment_count":"0","filter":"raw"},"video":"","image_position":"left","content":"<p>1. Het doel moet te maken hebben met People, Planet of Profit. Dit houdt in dat het steunen van dit doel voordelig moet zijn voor de mensheid, de natuur, of dat 4PS er winst uit haalt.<\/p>\n<p>2. Een doel moet tevens aansluiten bij de Kern- en Merkwaarden van 4PS. De kernwaarden zijn &lsquo;hart volgen&rsquo;, &lsquo;verdiepen&rsquo;, en &lsquo;vernieuwen&rsquo;. De merkwaarden zijn: &lsquo;bewust&rsquo;, &lsquo;duurzaam&rsquo;, en &lsquo;vooroplopen&rsquo;. Benieuwd wat deze kernwaarden zijn? Lees het in ons <a href=\"https:\/\/www.4ps.be\/wp-content\/uploads\/sites\/3\/4PS_Brandbook_2020.pdf\">brandbook<\/a>.<\/p>\n<p>3. Het is tevens belangrijk dat het doel niet alleen nationaal, maar ook internationaal van belang is. Dit omdat 4PS een internationaal bedrijf is.<\/p>\n"},{"content_element_type":"vc_gravity_form","form_type":"gravity","form_id":"89","mautic_form_id":"-1","title":"","content":""},{"content_element_type":"vc_text_with_media","element_label":"","title":{"url":"#","title":"Waar moet het doel van het jaar aan voldoen?","target":"","rel":"","relative_url":"#"},"download":"","link":"","image":{"id":"9086","ID":"9086","object_type":"image","ImageClass":"Timber\\Image","PostClass":"Timber\\Post","TermClass":"Timber\\Term","custom":[],"post_author":"12","post_content":"","post_date":"2020-12-09 14:24:47","post_excerpt":"","post_parent":9080,"post_status":"inherit","post_title":"GOAL","post_type":"attachment","slug":null,"abs_url":null,"file_loc":"\/home\/ploi\/www.4ps.co.uk\/public\/wp-content\/uploads\/sites\/3\/GOAL.png","file":"GOAL.png","sizes":{"thumbnail":{"file":"GOAL-150x150.png","width":150,"height":150,"mime-type":"image\/png"}},"caption":"","image_meta":{"aperture":"0","credit":"","camera":"","caption":"","created_timestamp":"0","copyright":"","focal_length":"0","iso":"0","shutter_speed":"0","title":"","orientation":"0","keywords":[]},"_wp_attachment_metadata":"a:5:{s:5:\"width\";i:833;s:6:\"height\";i:462;s:4:\"file\";s:8:\"GOAL.png\";s:5:\"sizes\";a:1:{s:9:\"thumbnail\";a:4:{s:4:\"file\";s:16:\"GOAL-150x150.png\";s:5:\"width\";i:150;s:6:\"height\";i:150;s:9:\"mime-type\";s:9:\"image\/png\";}}s:10:\"image_meta\";a:12:{s:8:\"aperture\";s:1:\"0\";s:6:\"credit\";s:0:\"\";s:6:\"camera\";s:0:\"\";s:7:\"caption\";s:0:\"\";s:17:\"created_timestamp\";s:1:\"0\";s:9:\"copyright\";s:0:\"\";s:12:\"focal_length\";s:1:\"0\";s:3:\"iso\";s:1:\"0\";s:13:\"shutter_speed\";s:1:\"0\";s:5:\"title\";s:0:\"\";s:11:\"orientation\";s:1:\"0\";s:8:\"keywords\";a:0:{}}}","wpml_media_processed":"1","post_date_gmt":"2020-12-09 13:24:47","comment_status":"closed","ping_status":"closed","post_password":"","post_name":"goal","to_ping":"","pinged":"","post_modified":"2020-12-09 14:24:47","post_modified_gmt":"2020-12-09 13:24:47","post_content_filtered":"","guid":"https:\/\/www.4ps.be\/wp-content\/uploads\/sites\/3\/GOAL.png","menu_order":0,"post_mime_type":"image\/png","comment_count":"0","filter":"raw"},"video":"","image_position":"left","content":"<p>1. Het doel moet te maken hebben met People, Planet of Profit. Dit houdt in dat het steunen van dit doel voordelig moet zijn voor de mensheid, de natuur, of dat 4PS er winst uit haalt.<\/p>\n<p>2. Een doel moet tevens aansluiten bij de Kern- en Merkwaarden van 4PS. De kernwaarden zijn 'hart volgen', 'verdiepen', en 'vernieuwen'. De merkwaarden zijn: 'bewust', 'duurzaam', en 'vooroplopen'. Benieuwd wat deze kernwaarden zijn? Lees het in ons <a href=\"https:\/\/www.4ps.be\/wp-content\/uploads\/sites\/3\/4PS_Brandbook_2020.pdf\">brandbook<\/a>.<\/p>\n<p>3. Het is tevens belangrijk dat het doel niet alleen nationaal, maar ook internationaal van belang is. Dit omdat 4PS een internationaal bedrijf is.<\/p>\n"}],"_links":{"self":[{"href":"https:\/\/www.4ps.be\/fr\/wp-json\/wp\/v2\/pages\/14334","targetHints":{"allow":["GET"]}}],"collection":[{"href":"https:\/\/www.4ps.be\/fr\/wp-json\/wp\/v2\/pages"}],"about":[{"href":"https:\/\/www.4ps.be\/fr\/wp-json\/wp\/v2\/types\/page"}],"author":[{"embeddable":true,"href":"https:\/\/www.4ps.be\/fr\/wp-json\/wp\/v2\/users\/12"}],"replies":[{"embeddable":true,"href":"https:\/\/www.4ps.be\/fr\/wp-json\/wp\/v2\/comments?post=14334"}],"version-history":[{"count":0,"href":"https:\/\/www.4ps.be\/fr\/wp-json\/wp\/v2\/pages\/14334\/revisions"}],"wp:attachment":[{"href":"https:\/\/www.4ps.be\/fr\/wp-json\/wp\/v2\/media?parent=14334"}],"curies":[{"name":"wp","href":"https:\/\/api.w.org\/{rel}","templated":true}]}}