{"id":14368,"date":"2020-09-16T08:16:45","date_gmt":"2020-09-16T06:16:45","guid":{"rendered":"https:\/\/www.4ps.be\/webinar-cloud-first-dwvd\/"},"modified":"2020-09-16T08:16:45","modified_gmt":"2020-09-16T06:16:45","slug":"webinar-cloud-first-dwvd","status":"publish","type":"page","link":"https:\/\/www.4ps.be\/fr\/webinar-cloud-first-dwvd\/","title":{"rendered":"Webinar: Cloud first"},"content":{"rendered":"<section class=\"block\">\n    <div class=\"ce ce-text\">\n\n                    \n    <div class=\"row\">\n        <div class=\"column small-12\">\n            <div class=\"wysiwyg\">\n\n                \n                                    <h2>Transitie naar de cloud<\/h2>\n<p>Cloud betekent voor ons het ontzorgen van onze klanten, meegaan met de tijd in moderne oplossingen en het bieden van kansen. De cloud geeft de mogelijkheid om gebruik te maken van koppelingen met derden en toepassingen zoals bijvoorbeeld het Microsoft Power Platform. Toepassingen die je in staat stellen meer te bereiken.<\/p>\n<p>Hoewel het thema \u201cTransitie naar de cloud\u201d een aantal jaren geleden bijna onbespreekbaar was, staat het nu in vrijwel ieders strategische ICT-plan. Meegevoerd door de tijd, de volwassenheid van de \u201ccloud\u201d en de veranderingen in de wereld die de digitale transformatie hebben versneld, is een cloudstrategie niet meer weg te denken. Ook niet bij ons. Zowel 4PS Construct als onze apps en portalen zijn volledig als SaaS-dienst beschikbaar. In deze webinar vertellen we je hier graag meer over.<\/p>\n\n                \n            <\/div>\n        <\/div>\n    <\/div>\n\n        \n    <\/div>\n<\/section>\n<section class=\"block\">\n    <div class=\"ce ce-text-with-media\">\n\n                    \n    <div class=\"row\">\n        <div class=\"column small-12 large-6\">\n\n            \n                <figure class=\"left\">\n                    <img decoding=\"async\" src=\"https:\/\/www.4ps.be\/wp-content\/uploads\/sites\/3\/4PSNL_Banner-DWVD-Webinar-Woensdag-Cloudfirst-programma-1024x576-c-default.png\" alt=\"\"\/>\n\n                    \n                <\/figure>\n\n            \n        <\/div>\n        <div class=\"column small-12 large-6\">\n            <div class=\"content-holder\">\n                <div class=\"content\">\n\n                    \n                    \n                    \n                        <div class=\"wysiwyg\">\n\n                            <p><span data-contrast=\"auto\"><strong>Doelgroep:<\/strong> bouw- en projectgeori\u00ebnteerde bedrijven<\/span><\/p>\n<p><span data-contrast=\"auto\"><strong>Datum:<\/strong> woensdag 10 november<\/span><span data-ccp-props=\"{&quot;201341983&quot;:0,&quot;335559739&quot;:160,&quot;335559740&quot;:259}\">\u00a0<\/span><\/p>\n<p><span data-contrast=\"auto\"><strong>Tijd:<\/strong> van 14:00\u00a0tot 15:30 uur | inclusief gelegenheid voor vragen<\/span><span data-ccp-props=\"{&quot;201341983&quot;:0,&quot;335559739&quot;:160,&quot;335559740&quot;:259}\">\u00a0<\/span><\/p>\n<p><span data-contrast=\"auto\"><strong>Locatie:<\/strong> online<\/span><span data-ccp-props=\"{&quot;201341983&quot;:0,&quot;335559739&quot;:160,&quot;335559740&quot;:259}\">\u00a0<\/span><\/p>\n<p><span data-contrast=\"auto\"><strong>Kosten:<\/strong> geen<\/span><span data-ccp-props=\"{&quot;201341983&quot;:0,&quot;335559739&quot;:160,&quot;335559740&quot;:259}\">\u00a0<\/span><\/p>\n<p><span data-contrast=\"auto\"><strong>Interesse:<\/strong> Meld je <a href=\"https:\/\/www.4ps.nl\/event-de-week-van-digitalisering\/\">hier<\/a> aan!<\/span><span data-ccp-props=\"{&quot;201341983&quot;:0,&quot;335559739&quot;:160,&quot;335559740&quot;:259}\">\u00a0<\/span><\/p>\n\n\n                        <\/div>\n\n                    \n                    \n                    \n                <\/div>\n            <\/div>\n        <\/div>\n    <\/div>\n\n        \n    <\/div>\n<\/section>\n<section class=\"block\">\n    <div class=\"ce ce-text\">\n\n                    \n    <div class=\"row\">\n        <div class=\"column small-12\">\n            <div class=\"wysiwyg\">\n\n                \n                    <h2>Wat mag je verwachten?<\/h2>\n\n                \n                                    <ul>\n<li>De cloudstrategie van 4PS<\/li>\n<li>Klantverhalen over de cloud<\/li>\n<li>Mogelijkheden rondom documentbeheer<\/li>\n<\/ul>\n<h2>Programma<\/h2>\n<p><span data-contrast=\"auto\">14:00 tot 14:20 uur | Cloudstrategie en verschillende smaken<\/span><\/p>\n<p><span data-contrast=\"auto\">14:20 tot 14:50 | Verschillende klanten aan tafel<\/span><\/p>\n<p><span data-contrast=\"auto\">14:50 tot 15:00 uur | <\/span><span data-ccp-props=\"{&quot;201341983&quot;:0,&quot;335559739&quot;:160,&quot;335559740&quot;:259}\">Mogelijkheden op het gebied van documentbeheer i.c.m. de cloud\u00a0\u00a0\u00a0<\/span><\/p>\n<p><span data-contrast=\"auto\">15:00 tot 15:30 uur | Ruimte voor vragen<\/span><span data-contrast=\"auto\">\u00a0<\/span><\/p>\n<p><a class=\"button\" href=\"https:\/\/www.4ps.nl\/event-de-week-van-digitalisering\/\">Meld je aan<\/a><\/p>\n\n                \n            <\/div>\n        <\/div>\n    <\/div>\n\n        \n    <\/div>\n<\/section>\n<section class=\"block\">\n    <div class=\"ce ce-call-to-action\">\n\n                    \n    <div class=\"row\">\n        <div class=\"column small-12\">\n            <div class=\"image-wrapper\" style=\"background-image: url(https:\/\/www.4ps.be\/wp-content\/uploads\/sites\/3\/Background.png)\">\n                <div class=\"row\">\n\n                    \n                    <div class=\"column small-12 medium-10 medium-offset-1 large-8 large-offset-2\">\n                        <div class=\"content\">\n\n                            \n                                <h2><a href=\"https:\/\/www.4ps.be\/actueel\/week-van-digitalisering-2021\/\">De week van Digitalisering<\/a><\/h2>\n\n                            \n                                                            <p>Bekijk het volledige webinar-programma van &lsquo;De week van Digitalisering&rsquo;<\/p>\n\n                            \n                            \n                                <div class=\"button-wrapper\">\n                                    <a href=\"https:\/\/www.4ps.be\/actueel\/week-van-digitalisering-2021\/\" class=\"button dark with-icon icon-right arrow-right\"><span>Bekijk programma<\/span><\/a>\n                                <\/div>\n\n                            \n                            \n                            \n                        <\/div>\n                    <\/div>\n                <\/div>\n            <\/div>\n        <\/div>\n    <\/div>\n\n        \n    <\/div>\n<\/section>\n","protected":false},"excerpt":{"rendered":"Transitie naar de cloud Cloud betekent voor ons het ontzorgen van onze klanten, meegaan met de tijd in moderne oplossingen en het bieden van kansen. De cloud geeft de mogelijkheid om gebruik te maken van koppelingen met derden en toepassingen zoals bijvoorbeeld het Microsoft Power Platform. Toepassingen die je in staat stellen meer te bereiken. [...]","protected":false},"author":19,"featured_media":0,"parent":0,"menu_order":0,"comment_status":"closed","ping_status":"closed","template":"","meta":{"_acf_changed":false,"footnotes":""},"class_list":["post-14368","page","type-page","status-publish","hentry"],"acf":[],"yoast_head":"<!-- This site is optimized with the Yoast SEO Premium plugin v25.5 (Yoast SEO v25.5) - https:\/\/yoast.com\/wordpress\/plugins\/seo\/ -->\n<title>Webinar: Cloud first - 4PS Belgi\u00eb<\/title>\n<meta name=\"robots\" content=\"index, follow, max-snippet:-1, max-image-preview:large, max-video-preview:-1\" \/>\n<link rel=\"canonical\" href=\"https:\/\/www.4ps.be\/fr\/webinar-cloud-first-dwvd\/\" \/>\n<meta property=\"og:locale\" content=\"fr_FR\" \/>\n<meta property=\"og:type\" content=\"article\" \/>\n<meta property=\"og:title\" content=\"Webinar: Cloud first\" \/>\n<meta property=\"og:url\" content=\"https:\/\/www.4ps.be\/fr\/webinar-cloud-first-dwvd\/\" \/>\n<meta property=\"og:site_name\" content=\"4PS Belgi\u00eb\" \/>\n<meta name=\"twitter:card\" content=\"summary_large_image\" \/>\n<meta name=\"twitter:site\" content=\"@4psBelgium\" \/>\n<meta name=\"twitter:label1\" content=\"Dur\u00e9e de lecture estim\u00e9e\" \/>\n\t<meta name=\"twitter:data1\" content=\"1 minute\" \/>\n<script type=\"application\/ld+json\" class=\"yoast-schema-graph\">{\"@context\":\"https:\/\/schema.org\",\"@graph\":[{\"@type\":\"WebPage\",\"@id\":\"https:\/\/www.4ps.be\/fr\/webinar-cloud-first-dwvd\/\",\"url\":\"https:\/\/www.4ps.be\/fr\/webinar-cloud-first-dwvd\/\",\"name\":\"Webinar: Cloud first - 4PS Belgi\u00eb\",\"isPartOf\":{\"@id\":\"https:\/\/www.4ps.be\/fr\/#website\"},\"datePublished\":\"2020-09-16T06:16:45+00:00\",\"inLanguage\":\"fr-FR\",\"potentialAction\":[{\"@type\":\"ReadAction\",\"target\":[\"https:\/\/www.4ps.be\/fr\/webinar-cloud-first-dwvd\/\"]}]},{\"@type\":\"WebSite\",\"@id\":\"https:\/\/www.4ps.be\/fr\/#website\",\"url\":\"https:\/\/www.4ps.be\/fr\/\",\"name\":\"4PS Belgi\u00eb\",\"description\":\"\",\"publisher\":{\"@id\":\"https:\/\/www.4ps.be\/fr\/#organization\"},\"potentialAction\":[{\"@type\":\"SearchAction\",\"target\":{\"@type\":\"EntryPoint\",\"urlTemplate\":\"https:\/\/www.4ps.be\/fr\/?s={search_term_string}\"},\"query-input\":{\"@type\":\"PropertyValueSpecification\",\"valueRequired\":true,\"valueName\":\"search_term_string\"}}],\"inLanguage\":\"fr-FR\"},{\"@type\":\"Organization\",\"@id\":\"https:\/\/www.4ps.be\/fr\/#organization\",\"name\":\"4PS Belgi\u00eb\",\"url\":\"https:\/\/www.4ps.be\/fr\/\",\"logo\":{\"@type\":\"ImageObject\",\"inLanguage\":\"fr-FR\",\"@id\":\"https:\/\/www.4ps.be\/fr\/#\/schema\/logo\/image\/\",\"url\":\"https:\/\/www.4ps.be\/wp-content\/uploads\/sites\/3\/4PS_logo_RGB.jpg\",\"contentUrl\":\"https:\/\/www.4ps.be\/wp-content\/uploads\/sites\/3\/4PS_logo_RGB.jpg\",\"width\":859,\"height\":645,\"caption\":\"4PS Belgi\u00eb\"},\"image\":{\"@id\":\"https:\/\/www.4ps.be\/fr\/#\/schema\/logo\/image\/\"},\"sameAs\":[\"https:\/\/x.com\/4psBelgium\",\"https:\/\/www.linkedin.com\/company\/36159596\/\",\"https:\/\/www.youtube.com\/c\/4PSEde\"]}]}<\/script>\n<!-- \/ Yoast SEO Premium plugin. -->","yoast_head_json":{"title":"Webinar: Cloud first - 4PS Belgi\u00eb","robots":{"index":"index","follow":"follow","max-snippet":"max-snippet:-1","max-image-preview":"max-image-preview:large","max-video-preview":"max-video-preview:-1"},"canonical":"https:\/\/www.4ps.be\/fr\/webinar-cloud-first-dwvd\/","og_locale":"fr_FR","og_type":"article","og_title":"Webinar: Cloud first","og_url":"https:\/\/www.4ps.be\/fr\/webinar-cloud-first-dwvd\/","og_site_name":"4PS Belgi\u00eb","twitter_card":"summary_large_image","twitter_site":"@4psBelgium","twitter_misc":{"Dur\u00e9e de lecture estim\u00e9e":"1 minute"},"schema":{"@context":"https:\/\/schema.org","@graph":[{"@type":"WebPage","@id":"https:\/\/www.4ps.be\/fr\/webinar-cloud-first-dwvd\/","url":"https:\/\/www.4ps.be\/fr\/webinar-cloud-first-dwvd\/","name":"Webinar: Cloud first - 4PS Belgi\u00eb","isPartOf":{"@id":"https:\/\/www.4ps.be\/fr\/#website"},"datePublished":"2020-09-16T06:16:45+00:00","inLanguage":"fr-FR","potentialAction":[{"@type":"ReadAction","target":["https:\/\/www.4ps.be\/fr\/webinar-cloud-first-dwvd\/"]}]},{"@type":"WebSite","@id":"https:\/\/www.4ps.be\/fr\/#website","url":"https:\/\/www.4ps.be\/fr\/","name":"4PS Belgi\u00eb","description":"","publisher":{"@id":"https:\/\/www.4ps.be\/fr\/#organization"},"potentialAction":[{"@type":"SearchAction","target":{"@type":"EntryPoint","urlTemplate":"https:\/\/www.4ps.be\/fr\/?s={search_term_string}"},"query-input":{"@type":"PropertyValueSpecification","valueRequired":true,"valueName":"search_term_string"}}],"inLanguage":"fr-FR"},{"@type":"Organization","@id":"https:\/\/www.4ps.be\/fr\/#organization","name":"4PS Belgi\u00eb","url":"https:\/\/www.4ps.be\/fr\/","logo":{"@type":"ImageObject","inLanguage":"fr-FR","@id":"https:\/\/www.4ps.be\/fr\/#\/schema\/logo\/image\/","url":"https:\/\/www.4ps.be\/wp-content\/uploads\/sites\/3\/4PS_logo_RGB.jpg","contentUrl":"https:\/\/www.4ps.be\/wp-content\/uploads\/sites\/3\/4PS_logo_RGB.jpg","width":859,"height":645,"caption":"4PS Belgi\u00eb"},"image":{"@id":"https:\/\/www.4ps.be\/fr\/#\/schema\/logo\/image\/"},"sameAs":["https:\/\/x.com\/4psBelgium","https:\/\/www.linkedin.com\/company\/36159596\/","https:\/\/www.youtube.com\/c\/4PSEde"]}]}},"content_elements":[{"content_element_type":"vc_text","title":"","content":"<h2>Transitie naar de cloud<\/h2>\n<p>Cloud betekent voor ons het ontzorgen van onze klanten, meegaan met de tijd in moderne oplossingen en het bieden van kansen. De cloud geeft de mogelijkheid om gebruik te maken van koppelingen met derden en toepassingen zoals bijvoorbeeld het Microsoft Power Platform. Toepassingen die je in staat stellen meer te bereiken.<\/p>\n<p>Hoewel het thema \u201cTransitie naar de cloud\u201d een aantal jaren geleden bijna onbespreekbaar was, staat het nu in vrijwel ieders strategische ICT-plan. Meegevoerd door de tijd, de volwassenheid van de \u201ccloud\u201d en de veranderingen in de wereld die de digitale transformatie hebben versneld, is een cloudstrategie niet meer weg te denken. Ook niet bij ons. Zowel 4PS Construct als onze apps en portalen zijn volledig als SaaS-dienst beschikbaar. In deze webinar vertellen we je hier graag meer over.<\/p>\n"},{"content_element_type":"vc_text_with_media","element_label":"","title":"","download":"","link":"","image":{"id":"10673","ID":"10673","object_type":"image","ImageClass":"Timber\\Image","PostClass":"Timber\\Post","TermClass":"Timber\\Term","custom":[],"post_author":"19","post_content":"","post_date":"2021-08-23 15:57:07","post_excerpt":"","post_parent":10325,"post_status":"inherit","post_title":"4PSNL_Banner-DWVD-Webinar-Woensdag-Cloudfirst-programma","post_type":"attachment","slug":null,"abs_url":null,"file_loc":"\/home\/ploi\/www.4ps.co.uk\/public\/wp-content\/uploads\/sites\/3\/4PSNL_Banner-DWVD-Webinar-Woensdag-Cloudfirst-programma.png","file":"4PSNL_Banner-DWVD-Webinar-Woensdag-Cloudfirst-programma.png","sizes":{"thumbnail":{"file":"4PSNL_Banner-DWVD-Webinar-Woensdag-Cloudfirst-programma-150x150.png","width":150,"height":150,"mime-type":"image\/png"}},"caption":"","image_meta":{"aperture":"0","credit":"","camera":"","caption":"","created_timestamp":"0","copyright":"","focal_length":"0","iso":"0","shutter_speed":"0","title":"","orientation":"0","keywords":[]},"_wp_attachment_metadata":"a:5:{s:5:\"width\";i:1275;s:6:\"height\";i:711;s:4:\"file\";s:59:\"4PSNL_Banner-DWVD-Webinar-Woensdag-Cloudfirst-programma.png\";s:5:\"sizes\";a:1:{s:9:\"thumbnail\";a:4:{s:4:\"file\";s:67:\"4PSNL_Banner-DWVD-Webinar-Woensdag-Cloudfirst-programma-150x150.png\";s:5:\"width\";i:150;s:6:\"height\";i:150;s:9:\"mime-type\";s:9:\"image\/png\";}}s:10:\"image_meta\";a:12:{s:8:\"aperture\";s:1:\"0\";s:6:\"credit\";s:0:\"\";s:6:\"camera\";s:0:\"\";s:7:\"caption\";s:0:\"\";s:17:\"created_timestamp\";s:1:\"0\";s:9:\"copyright\";s:0:\"\";s:12:\"focal_length\";s:1:\"0\";s:3:\"iso\";s:1:\"0\";s:13:\"shutter_speed\";s:1:\"0\";s:5:\"title\";s:0:\"\";s:11:\"orientation\";s:1:\"0\";s:8:\"keywords\";a:0:{}}}","wpml_media_processed":"1","post_date_gmt":"2021-08-23 13:57:07","comment_status":"closed","ping_status":"closed","post_password":"","post_name":"4psnl_banner-dwvd-webinar-woensdag-cloudfirst-programma","to_ping":"","pinged":"","post_modified":"2021-08-23 15:57:07","post_modified_gmt":"2021-08-23 13:57:07","post_content_filtered":"","guid":"https:\/\/www.4ps.be\/wp-content\/uploads\/sites\/3\/4PSNL_Banner-DWVD-Webinar-Woensdag-Cloudfirst-programma.png","menu_order":0,"post_mime_type":"image\/png","comment_count":"0","filter":"raw"},"video":"","image_position":"left","content":"<p><span data-contrast=\"auto\"><strong>Doelgroep:<\/strong> bouw- en projectgeori\u00ebnteerde bedrijven<\/span><\/p>\n<p><span data-contrast=\"auto\"><strong>Datum:<\/strong> woensdag 10 november<\/span><span data-ccp-props=\"{&quot;201341983&quot;:0,&quot;335559739&quot;:160,&quot;335559740&quot;:259}\">\u00a0<\/span><\/p>\n<p><span data-contrast=\"auto\"><strong>Tijd:<\/strong> van 14:00\u00a0tot 15:30 uur | inclusief gelegenheid voor vragen<\/span><span data-ccp-props=\"{&quot;201341983&quot;:0,&quot;335559739&quot;:160,&quot;335559740&quot;:259}\">\u00a0<\/span><\/p>\n<p><span data-contrast=\"auto\"><strong>Locatie:<\/strong> online<\/span><span data-ccp-props=\"{&quot;201341983&quot;:0,&quot;335559739&quot;:160,&quot;335559740&quot;:259}\">\u00a0<\/span><\/p>\n<p><span data-contrast=\"auto\"><strong>Kosten:<\/strong> geen<\/span><span data-ccp-props=\"{&quot;201341983&quot;:0,&quot;335559739&quot;:160,&quot;335559740&quot;:259}\">\u00a0<\/span><\/p>\n<p><span data-contrast=\"auto\"><strong>Interesse:<\/strong> Meld je <a href=\"https:\/\/www.4ps.nl\/event-de-week-van-digitalisering\/\">hier<\/a> aan!<\/span><span data-ccp-props=\"{&quot;201341983&quot;:0,&quot;335559739&quot;:160,&quot;335559740&quot;:259}\">\u00a0<\/span><\/p>\n"},{"content_element_type":"vc_text","title":"Wat mag je verwachten?","content":"<ul>\n<li>De cloudstrategie van 4PS<\/li>\n<li>Klantverhalen over de cloud<\/li>\n<li>Mogelijkheden rondom documentbeheer<\/li>\n<\/ul>\n<h2>Programma<\/h2>\n<p><span data-contrast=\"auto\">14:00 tot 14:20 uur | Cloudstrategie en verschillende smaken<\/span><\/p>\n<p><span data-contrast=\"auto\">14:20 tot 14:50 | Verschillende klanten aan tafel<\/span><\/p>\n<p><span data-contrast=\"auto\">14:50 tot 15:00 uur | <\/span><span data-ccp-props=\"{&quot;201341983&quot;:0,&quot;335559739&quot;:160,&quot;335559740&quot;:259}\">Mogelijkheden op het gebied van documentbeheer i.c.m. de cloud\u00a0\u00a0\u00a0<\/span><\/p>\n<p><span data-contrast=\"auto\">15:00 tot 15:30 uur | Ruimte voor vragen<\/span><span data-contrast=\"auto\">\u00a0<\/span><\/p>\n<p><a class=\"button\" href=\"https:\/\/www.4ps.nl\/event-de-week-van-digitalisering\/\">Meld je aan<\/a><\/p>\n"},{"content_element_type":"vc_call_to_action","title":{"url":"https:\/\/www.4ps.be\/actueel\/week-van-digitalisering-2021\/","title":"De week van Digitalisering","target":"","rel":"","relative_url":"https:\/\/www.4ps.be\/actueel\/week-van-digitalisering-2021\/"},"image":"","image_shape":"","button_type":"link","link":{"url":"https:\/\/www.4ps.be\/actueel\/week-van-digitalisering-2021\/","title":"Bekijk programma","target":"","rel":"","relative_url":"https:\/\/www.4ps.be\/actueel\/week-van-digitalisering-2021\/"},"download":"","popup_text_field":"","download_text_field":"","background_image":{"id":"3289","ID":"3289","object_type":"image","ImageClass":"Timber\\Image","PostClass":"Timber\\Post","TermClass":"Timber\\Term","custom":[],"post_author":"1","post_content":"","post_date":"2019-08-13 16:27:21","post_excerpt":"","post_parent":0,"post_status":"inherit","post_title":"Background","post_type":"attachment","slug":null,"abs_url":null,"file_loc":"\/home\/ploi\/www.4ps.co.uk\/public\/wp-content\/uploads\/sites\/3\/Background.png","file":"Background.png","sizes":{"thumbnail":{"file":"Background-150x150.png","width":150,"height":150,"mime-type":"image\/png"}},"caption":"","image_meta":{"aperture":"0","credit":"","camera":"","caption":"","created_timestamp":"0","copyright":"","focal_length":"0","iso":"0","shutter_speed":"0","title":"","orientation":"0","keywords":[]},"_wp_attachment_metadata":"a:5:{s:5:\"width\";i:1440;s:6:\"height\";i:407;s:4:\"file\";s:14:\"Background.png\";s:5:\"sizes\";a:1:{s:9:\"thumbnail\";a:4:{s:4:\"file\";s:22:\"Background-150x150.png\";s:5:\"width\";i:150;s:6:\"height\";i:150;s:9:\"mime-type\";s:9:\"image\/png\";}}s:10:\"image_meta\";a:12:{s:8:\"aperture\";s:1:\"0\";s:6:\"credit\";s:0:\"\";s:6:\"camera\";s:0:\"\";s:7:\"caption\";s:0:\"\";s:17:\"created_timestamp\";s:1:\"0\";s:9:\"copyright\";s:0:\"\";s:12:\"focal_length\";s:1:\"0\";s:3:\"iso\";s:1:\"0\";s:13:\"shutter_speed\";s:1:\"0\";s:5:\"title\";s:0:\"\";s:11:\"orientation\";s:1:\"0\";s:8:\"keywords\";a:0:{}}}","wpml_media_processed":"1","post_date_gmt":"2019-08-13 14:27:21","comment_status":"open","ping_status":"closed","post_password":"","post_name":"background","to_ping":"","pinged":"","post_modified":"2019-08-13 16:27:21","post_modified_gmt":"2019-08-13 14:27:21","post_content_filtered":"","guid":"https:\/\/www.4ps.be\/wp-content\/uploads\/sites\/3\/Background.png","menu_order":0,"post_mime_type":"image\/png","comment_count":"0","filter":"raw"},"content":"<p>Bekijk het volledige webinar-programma van &lsquo;De week van Digitalisering&rsquo;<\/p>\n"},{"content_element_type":"vc_call_to_action","title":{"url":"https:\/\/www.4ps.be\/actueel\/week-van-digitalisering-2021\/","title":"De week van Digitalisering","target":"","rel":"","relative_url":"https:\/\/www.4ps.be\/actueel\/week-van-digitalisering-2021\/"},"image":"","image_shape":"","button_type":"link","link":{"url":"https:\/\/www.4ps.be\/actueel\/week-van-digitalisering-2021\/","title":"Bekijk programma","target":"","rel":"","relative_url":"https:\/\/www.4ps.be\/actueel\/week-van-digitalisering-2021\/"},"download":"","popup_text_field":"","download_text_field":"","background_image":{"id":"3289","ID":"3289","object_type":"image","ImageClass":"Timber\\Image","PostClass":"Timber\\Post","TermClass":"Timber\\Term","custom":[],"post_author":"1","post_content":"","post_date":"2019-08-13 16:27:21","post_excerpt":"","post_parent":0,"post_status":"inherit","post_title":"Background","post_type":"attachment","slug":null,"abs_url":null,"file_loc":"\/home\/ploi\/www.4ps.co.uk\/public\/wp-content\/uploads\/sites\/3\/Background.png","file":"Background.png","sizes":{"thumbnail":{"file":"Background-150x150.png","width":150,"height":150,"mime-type":"image\/png"}},"caption":"","image_meta":{"aperture":"0","credit":"","camera":"","caption":"","created_timestamp":"0","copyright":"","focal_length":"0","iso":"0","shutter_speed":"0","title":"","orientation":"0","keywords":[]},"_wp_attachment_metadata":"a:5:{s:5:\"width\";i:1440;s:6:\"height\";i:407;s:4:\"file\";s:14:\"Background.png\";s:5:\"sizes\";a:1:{s:9:\"thumbnail\";a:4:{s:4:\"file\";s:22:\"Background-150x150.png\";s:5:\"width\";i:150;s:6:\"height\";i:150;s:9:\"mime-type\";s:9:\"image\/png\";}}s:10:\"image_meta\";a:12:{s:8:\"aperture\";s:1:\"0\";s:6:\"credit\";s:0:\"\";s:6:\"camera\";s:0:\"\";s:7:\"caption\";s:0:\"\";s:17:\"created_timestamp\";s:1:\"0\";s:9:\"copyright\";s:0:\"\";s:12:\"focal_length\";s:1:\"0\";s:3:\"iso\";s:1:\"0\";s:13:\"shutter_speed\";s:1:\"0\";s:5:\"title\";s:0:\"\";s:11:\"orientation\";s:1:\"0\";s:8:\"keywords\";a:0:{}}}","wpml_media_processed":"1","post_date_gmt":"2019-08-13 14:27:21","comment_status":"open","ping_status":"closed","post_password":"","post_name":"background","to_ping":"","pinged":"","post_modified":"2019-08-13 16:27:21","post_modified_gmt":"2019-08-13 14:27:21","post_content_filtered":"","guid":"https:\/\/www.4ps.be\/wp-content\/uploads\/sites\/3\/Background.png","menu_order":0,"post_mime_type":"image\/png","comment_count":"0","filter":"raw"},"content":"<p>Bekijk het volledige webinar-programma van 'De week van Digitalisering'<\/p>\n"}],"_links":{"self":[{"href":"https:\/\/www.4ps.be\/fr\/wp-json\/wp\/v2\/pages\/14368","targetHints":{"allow":["GET"]}}],"collection":[{"href":"https:\/\/www.4ps.be\/fr\/wp-json\/wp\/v2\/pages"}],"about":[{"href":"https:\/\/www.4ps.be\/fr\/wp-json\/wp\/v2\/types\/page"}],"author":[{"embeddable":true,"href":"https:\/\/www.4ps.be\/fr\/wp-json\/wp\/v2\/users\/19"}],"replies":[{"embeddable":true,"href":"https:\/\/www.4ps.be\/fr\/wp-json\/wp\/v2\/comments?post=14368"}],"version-history":[{"count":0,"href":"https:\/\/www.4ps.be\/fr\/wp-json\/wp\/v2\/pages\/14368\/revisions"}],"wp:attachment":[{"href":"https:\/\/www.4ps.be\/fr\/wp-json\/wp\/v2\/media?parent=14368"}],"curies":[{"name":"wp","href":"https:\/\/api.w.org\/{rel}","templated":true}]}}