{"id":14375,"date":"2020-08-23T16:11:15","date_gmt":"2020-08-23T14:11:15","guid":{"rendered":"https:\/\/www.4ps.be\/webinar-mobilititeit-bouw-dwvd\/"},"modified":"2020-08-23T16:11:15","modified_gmt":"2020-08-23T14:11:15","slug":"webinar-mobilititeit-bouw-dwvd","status":"publish","type":"page","link":"https:\/\/www.4ps.be\/fr\/webinar-mobilititeit-bouw-dwvd\/","title":{"rendered":"Webinar: Mobiliteit in de bouwnijverheid"},"content":{"rendered":"<section class=\"block\">\n    <div class=\"ce ce-text\">\n\n                    \n    <div class=\"row\">\n        <div class=\"column small-12\">\n            <div class=\"wysiwyg\">\n\n                \n                                    <h2>Altijd up-to-date op locatie<\/h2>\n<p><span data-contrast=\"auto\">Vanuit de \u201cAchieve more\u201d visie kan het thema mobiliteit uiteraard niet ontbreken tijdens De Week van Digitalisering. Middels onze apps ontsluiten we functionaliteit en data daar waar het nodig is. Zowel online als offline, specifiek toegespitst op een type eindgebruiker en volledig ge\u00efntegreerd met 4PS Construct. Dat is hoe we middels mobiliteit de medewerkers op locatie in staat stellen meer te bereiken.<\/span><\/p>\n\n                \n            <\/div>\n        <\/div>\n    <\/div>\n\n        \n    <\/div>\n<\/section>\n<section class=\"block\">\n    <div class=\"ce ce-text-with-media\">\n\n                    \n    <div class=\"row\">\n        <div class=\"column small-12 large-6\">\n\n            \n                <figure class=\"left\">\n                    <img decoding=\"async\" src=\"https:\/\/www.4ps.be\/wp-content\/uploads\/sites\/3\/4PSNL_Banner-DWVD-webinar-Dinsdag-programma-1024x576-c-default.png\" alt=\"\"\/>\n\n                    \n                <\/figure>\n\n            \n        <\/div>\n        <div class=\"column small-12 large-6\">\n            <div class=\"content-holder\">\n                <div class=\"content\">\n\n                    \n                    \n                    \n                        <div class=\"wysiwyg\">\n\n                            <p><span data-contrast=\"auto\"><strong>Doelgroep:<\/strong> bouw- en projectgeori\u00ebnteerde bedrijven<\/span><\/p>\n<p><span data-contrast=\"auto\"><strong>Datum:<\/strong> dinsdag 9 november<\/span><span data-ccp-props=\"{&quot;201341983&quot;:0,&quot;335559739&quot;:160,&quot;335559740&quot;:259}\">\u00a0<\/span><\/p>\n<p><span data-contrast=\"auto\"><strong>Tijd:<\/strong> van 14:00\u00a0tot 15:30 uur | inclusief gelegenheid voor vragen<\/span><span data-ccp-props=\"{&quot;201341983&quot;:0,&quot;335559739&quot;:160,&quot;335559740&quot;:259}\">\u00a0<\/span><\/p>\n<p><span data-contrast=\"auto\"><strong>Locatie:<\/strong> online<\/span><span data-ccp-props=\"{&quot;201341983&quot;:0,&quot;335559739&quot;:160,&quot;335559740&quot;:259}\">\u00a0<\/span><\/p>\n<p><span data-contrast=\"auto\"><strong>Kosten:<\/strong> geen<\/span><span data-ccp-props=\"{&quot;201341983&quot;:0,&quot;335559739&quot;:160,&quot;335559740&quot;:259}\">\u00a0<\/span><\/p>\n<p><span data-contrast=\"auto\"><strong>Interesse:<\/strong> Meld je <a href=\"https:\/\/www.4ps.nl\/event-de-week-van-digitalisering\/\">hier<\/a> aan!<\/span><span data-ccp-props=\"{&quot;201341983&quot;:0,&quot;335559739&quot;:160,&quot;335559740&quot;:259}\">\u00a0<\/span><\/p>\n\n\n                        <\/div>\n\n                    \n                    \n                    \n                <\/div>\n            <\/div>\n        <\/div>\n    <\/div>\n\n        \n    <\/div>\n<\/section>\n<section class=\"block\">\n    <div class=\"ce ce-text\">\n\n                    \n    <div class=\"row\">\n        <div class=\"column small-12\">\n            <div class=\"wysiwyg\">\n\n                \n                    <h2>Wat mag je verwachten?<\/h2>\n\n                \n                                    <ul>\n<li>Inzicht in de mogelijkheden op het gebied van mobiliteit in de bouwnijverheid<\/li>\n<li>Visie op de \u201cDe digitale bouwplaats\u201d<\/li>\n<li>Diverse klantverhalen<\/li>\n<li>Nieuwe features van de 4PS On-site App<\/li>\n<li>Inzicht in de mogelijkheden rondom Power Apps van Microsoft<\/li>\n<\/ul>\n<h2>Programma<\/h2>\n<p>14:00 tot 14:10 uur | Visie op mobiliteit<\/p>\n<p>14:10 tot 14:30 uur | Introductie thema \u2018De digitale bouwplaats\u2019 + klantcase<\/p>\n<p>14:30 tot 14:40 uur | 4PS On-site App<\/p>\n<p>14:40 tot 15:00 uur | Klant aan het woord<\/p>\n<p>15:00 tot 15:10 uur | Positionering Power Apps + voorbeelden<\/p>\n<p>15:10 tot 15:40 uur | Ruimte voor vragen<\/p>\n<p>&nbsp;<\/p>\n<p>&nbsp;<\/p>\n<p><a class=\"button\" href=\"https:\/\/www.4ps.nl\/event-de-week-van-digitalisering\/\">Meld je aan<\/a><\/p>\n\n                \n            <\/div>\n        <\/div>\n    <\/div>\n\n        \n    <\/div>\n<\/section>\n<section class=\"block\">\n    <div class=\"ce ce-call-to-action\">\n\n                    \n    <div class=\"row\">\n        <div class=\"column small-12\">\n            <div class=\"image-wrapper\" style=\"background-image: url(https:\/\/www.4ps.be\/wp-content\/uploads\/sites\/3\/Background.png)\">\n                <div class=\"row\">\n\n                    \n                    <div class=\"column small-12 medium-10 medium-offset-1 large-8 large-offset-2\">\n                        <div class=\"content\">\n\n                            \n                                <h2><a href=\"https:\/\/www.4ps.be\/actueel\/week-van-digitalisering-2021\/\">De week van Digitalisering<\/a><\/h2>\n\n                            \n                                                            <p>Bekijk het volledige webinar-programma van &lsquo;De week van Digitalisering&rsquo;<\/p>\n\n                            \n                            \n                                <div class=\"button-wrapper\">\n                                    <a href=\"https:\/\/www.4ps.be\/actueel\/week-van-digitalisering-2021\/\" class=\"button dark with-icon icon-right arrow-right\"><span>Bekijk programma<\/span><\/a>\n                                <\/div>\n\n                            \n                            \n                            \n                        <\/div>\n                    <\/div>\n                <\/div>\n            <\/div>\n        <\/div>\n    <\/div>\n\n        \n    <\/div>\n<\/section>\n","protected":false},"excerpt":{"rendered":"Altijd up-to-date op locatie Vanuit de \u201cAchieve more\u201d visie kan het thema mobiliteit uiteraard niet ontbreken tijdens De Week van Digitalisering. Middels onze apps ontsluiten we functionaliteit en data daar waar het nodig is. Zowel online als offline, specifiek toegespitst op een type eindgebruiker en volledig ge\u00efntegreerd met 4PS Construct. Dat is hoe we middels [...]","protected":false},"author":19,"featured_media":0,"parent":0,"menu_order":0,"comment_status":"closed","ping_status":"closed","template":"","meta":{"_acf_changed":false,"footnotes":""},"class_list":["post-14375","page","type-page","status-publish","hentry"],"acf":[],"yoast_head":"<!-- This site is optimized with the Yoast SEO Premium plugin v25.5 (Yoast SEO v25.5) - https:\/\/yoast.com\/wordpress\/plugins\/seo\/ -->\n<title>Webinar: Mobiliteit in de bouwnijverheid - 4PS Belgi\u00eb<\/title>\n<meta name=\"robots\" content=\"index, follow, max-snippet:-1, max-image-preview:large, max-video-preview:-1\" \/>\n<link rel=\"canonical\" href=\"https:\/\/www.4ps.be\/fr\/webinar-mobilititeit-bouw-dwvd\/\" \/>\n<meta property=\"og:locale\" content=\"fr_FR\" \/>\n<meta property=\"og:type\" content=\"article\" \/>\n<meta property=\"og:title\" content=\"Webinar: Mobiliteit in de bouwnijverheid\" \/>\n<meta property=\"og:url\" content=\"https:\/\/www.4ps.be\/fr\/webinar-mobilititeit-bouw-dwvd\/\" \/>\n<meta property=\"og:site_name\" content=\"4PS Belgi\u00eb\" \/>\n<meta name=\"twitter:card\" content=\"summary_large_image\" \/>\n<meta name=\"twitter:site\" content=\"@4psBelgium\" \/>\n<meta name=\"twitter:label1\" content=\"Dur\u00e9e de lecture estim\u00e9e\" \/>\n\t<meta name=\"twitter:data1\" content=\"1 minute\" \/>\n<script type=\"application\/ld+json\" class=\"yoast-schema-graph\">{\"@context\":\"https:\/\/schema.org\",\"@graph\":[{\"@type\":\"WebPage\",\"@id\":\"https:\/\/www.4ps.be\/fr\/webinar-mobilititeit-bouw-dwvd\/\",\"url\":\"https:\/\/www.4ps.be\/fr\/webinar-mobilititeit-bouw-dwvd\/\",\"name\":\"Webinar: Mobiliteit in de bouwnijverheid - 4PS Belgi\u00eb\",\"isPartOf\":{\"@id\":\"https:\/\/www.4ps.be\/fr\/#website\"},\"datePublished\":\"2020-08-23T14:11:15+00:00\",\"inLanguage\":\"fr-FR\",\"potentialAction\":[{\"@type\":\"ReadAction\",\"target\":[\"https:\/\/www.4ps.be\/fr\/webinar-mobilititeit-bouw-dwvd\/\"]}]},{\"@type\":\"WebSite\",\"@id\":\"https:\/\/www.4ps.be\/fr\/#website\",\"url\":\"https:\/\/www.4ps.be\/fr\/\",\"name\":\"4PS Belgi\u00eb\",\"description\":\"\",\"publisher\":{\"@id\":\"https:\/\/www.4ps.be\/fr\/#organization\"},\"potentialAction\":[{\"@type\":\"SearchAction\",\"target\":{\"@type\":\"EntryPoint\",\"urlTemplate\":\"https:\/\/www.4ps.be\/fr\/?s={search_term_string}\"},\"query-input\":{\"@type\":\"PropertyValueSpecification\",\"valueRequired\":true,\"valueName\":\"search_term_string\"}}],\"inLanguage\":\"fr-FR\"},{\"@type\":\"Organization\",\"@id\":\"https:\/\/www.4ps.be\/fr\/#organization\",\"name\":\"4PS Belgi\u00eb\",\"url\":\"https:\/\/www.4ps.be\/fr\/\",\"logo\":{\"@type\":\"ImageObject\",\"inLanguage\":\"fr-FR\",\"@id\":\"https:\/\/www.4ps.be\/fr\/#\/schema\/logo\/image\/\",\"url\":\"https:\/\/www.4ps.be\/wp-content\/uploads\/sites\/3\/4PS_logo_RGB.jpg\",\"contentUrl\":\"https:\/\/www.4ps.be\/wp-content\/uploads\/sites\/3\/4PS_logo_RGB.jpg\",\"width\":859,\"height\":645,\"caption\":\"4PS Belgi\u00eb\"},\"image\":{\"@id\":\"https:\/\/www.4ps.be\/fr\/#\/schema\/logo\/image\/\"},\"sameAs\":[\"https:\/\/x.com\/4psBelgium\",\"https:\/\/www.linkedin.com\/company\/36159596\/\",\"https:\/\/www.youtube.com\/c\/4PSEde\"]}]}<\/script>\n<!-- \/ Yoast SEO Premium plugin. -->","yoast_head_json":{"title":"Webinar: Mobiliteit in de bouwnijverheid - 4PS Belgi\u00eb","robots":{"index":"index","follow":"follow","max-snippet":"max-snippet:-1","max-image-preview":"max-image-preview:large","max-video-preview":"max-video-preview:-1"},"canonical":"https:\/\/www.4ps.be\/fr\/webinar-mobilititeit-bouw-dwvd\/","og_locale":"fr_FR","og_type":"article","og_title":"Webinar: Mobiliteit in de bouwnijverheid","og_url":"https:\/\/www.4ps.be\/fr\/webinar-mobilititeit-bouw-dwvd\/","og_site_name":"4PS Belgi\u00eb","twitter_card":"summary_large_image","twitter_site":"@4psBelgium","twitter_misc":{"Dur\u00e9e de lecture estim\u00e9e":"1 minute"},"schema":{"@context":"https:\/\/schema.org","@graph":[{"@type":"WebPage","@id":"https:\/\/www.4ps.be\/fr\/webinar-mobilititeit-bouw-dwvd\/","url":"https:\/\/www.4ps.be\/fr\/webinar-mobilititeit-bouw-dwvd\/","name":"Webinar: Mobiliteit in de bouwnijverheid - 4PS Belgi\u00eb","isPartOf":{"@id":"https:\/\/www.4ps.be\/fr\/#website"},"datePublished":"2020-08-23T14:11:15+00:00","inLanguage":"fr-FR","potentialAction":[{"@type":"ReadAction","target":["https:\/\/www.4ps.be\/fr\/webinar-mobilititeit-bouw-dwvd\/"]}]},{"@type":"WebSite","@id":"https:\/\/www.4ps.be\/fr\/#website","url":"https:\/\/www.4ps.be\/fr\/","name":"4PS Belgi\u00eb","description":"","publisher":{"@id":"https:\/\/www.4ps.be\/fr\/#organization"},"potentialAction":[{"@type":"SearchAction","target":{"@type":"EntryPoint","urlTemplate":"https:\/\/www.4ps.be\/fr\/?s={search_term_string}"},"query-input":{"@type":"PropertyValueSpecification","valueRequired":true,"valueName":"search_term_string"}}],"inLanguage":"fr-FR"},{"@type":"Organization","@id":"https:\/\/www.4ps.be\/fr\/#organization","name":"4PS Belgi\u00eb","url":"https:\/\/www.4ps.be\/fr\/","logo":{"@type":"ImageObject","inLanguage":"fr-FR","@id":"https:\/\/www.4ps.be\/fr\/#\/schema\/logo\/image\/","url":"https:\/\/www.4ps.be\/wp-content\/uploads\/sites\/3\/4PS_logo_RGB.jpg","contentUrl":"https:\/\/www.4ps.be\/wp-content\/uploads\/sites\/3\/4PS_logo_RGB.jpg","width":859,"height":645,"caption":"4PS Belgi\u00eb"},"image":{"@id":"https:\/\/www.4ps.be\/fr\/#\/schema\/logo\/image\/"},"sameAs":["https:\/\/x.com\/4psBelgium","https:\/\/www.linkedin.com\/company\/36159596\/","https:\/\/www.youtube.com\/c\/4PSEde"]}]}},"content_elements":[{"content_element_type":"vc_text","title":"","content":"<h2>Altijd up-to-date op locatie<\/h2>\n<p><span data-contrast=\"auto\">Vanuit de \u201cAchieve more\u201d visie kan het thema mobiliteit uiteraard niet ontbreken tijdens De Week van Digitalisering. Middels onze apps ontsluiten we functionaliteit en data daar waar het nodig is. Zowel online als offline, specifiek toegespitst op een type eindgebruiker en volledig ge\u00efntegreerd met 4PS Construct. Dat is hoe we middels mobiliteit de medewerkers op locatie in staat stellen meer te bereiken.<\/span><\/p>\n"},{"content_element_type":"vc_text_with_media","element_label":"","title":"","download":"","link":"","image":{"id":"10672","ID":"10672","object_type":"image","ImageClass":"Timber\\Image","PostClass":"Timber\\Post","TermClass":"Timber\\Term","custom":[],"post_author":"19","post_content":"","post_date":"2021-08-23 15:56:29","post_excerpt":"","post_parent":10325,"post_status":"inherit","post_title":"4PSNL_Banner-DWVD-webinar-Dinsdag-programma","post_type":"attachment","slug":null,"abs_url":null,"file_loc":"\/home\/ploi\/www.4ps.co.uk\/public\/wp-content\/uploads\/sites\/3\/4PSNL_Banner-DWVD-webinar-Dinsdag-programma.png","file":"4PSNL_Banner-DWVD-webinar-Dinsdag-programma.png","sizes":{"thumbnail":{"file":"4PSNL_Banner-DWVD-webinar-Dinsdag-programma-150x150.png","width":150,"height":150,"mime-type":"image\/png"}},"caption":"","image_meta":{"aperture":"0","credit":"","camera":"","caption":"","created_timestamp":"0","copyright":"","focal_length":"0","iso":"0","shutter_speed":"0","title":"","orientation":"0","keywords":[]},"_wp_attachment_metadata":"a:5:{s:5:\"width\";i:1275;s:6:\"height\";i:711;s:4:\"file\";s:47:\"4PSNL_Banner-DWVD-webinar-Dinsdag-programma.png\";s:5:\"sizes\";a:1:{s:9:\"thumbnail\";a:4:{s:4:\"file\";s:55:\"4PSNL_Banner-DWVD-webinar-Dinsdag-programma-150x150.png\";s:5:\"width\";i:150;s:6:\"height\";i:150;s:9:\"mime-type\";s:9:\"image\/png\";}}s:10:\"image_meta\";a:12:{s:8:\"aperture\";s:1:\"0\";s:6:\"credit\";s:0:\"\";s:6:\"camera\";s:0:\"\";s:7:\"caption\";s:0:\"\";s:17:\"created_timestamp\";s:1:\"0\";s:9:\"copyright\";s:0:\"\";s:12:\"focal_length\";s:1:\"0\";s:3:\"iso\";s:1:\"0\";s:13:\"shutter_speed\";s:1:\"0\";s:5:\"title\";s:0:\"\";s:11:\"orientation\";s:1:\"0\";s:8:\"keywords\";a:0:{}}}","wpml_media_processed":"1","post_date_gmt":"2021-08-23 13:56:29","comment_status":"closed","ping_status":"closed","post_password":"","post_name":"4psnl_banner-dwvd-webinar-dinsdag-programma","to_ping":"","pinged":"","post_modified":"2021-08-23 15:56:29","post_modified_gmt":"2021-08-23 13:56:29","post_content_filtered":"","guid":"https:\/\/www.4ps.be\/wp-content\/uploads\/sites\/3\/4PSNL_Banner-DWVD-webinar-Dinsdag-programma.png","menu_order":0,"post_mime_type":"image\/png","comment_count":"0","filter":"raw"},"video":"","image_position":"left","content":"<p><span data-contrast=\"auto\"><strong>Doelgroep:<\/strong> bouw- en projectgeori\u00ebnteerde bedrijven<\/span><\/p>\n<p><span data-contrast=\"auto\"><strong>Datum:<\/strong> dinsdag 9 november<\/span><span data-ccp-props=\"{&quot;201341983&quot;:0,&quot;335559739&quot;:160,&quot;335559740&quot;:259}\">\u00a0<\/span><\/p>\n<p><span data-contrast=\"auto\"><strong>Tijd:<\/strong> van 14:00\u00a0tot 15:30 uur | inclusief gelegenheid voor vragen<\/span><span data-ccp-props=\"{&quot;201341983&quot;:0,&quot;335559739&quot;:160,&quot;335559740&quot;:259}\">\u00a0<\/span><\/p>\n<p><span data-contrast=\"auto\"><strong>Locatie:<\/strong> online<\/span><span data-ccp-props=\"{&quot;201341983&quot;:0,&quot;335559739&quot;:160,&quot;335559740&quot;:259}\">\u00a0<\/span><\/p>\n<p><span data-contrast=\"auto\"><strong>Kosten:<\/strong> geen<\/span><span data-ccp-props=\"{&quot;201341983&quot;:0,&quot;335559739&quot;:160,&quot;335559740&quot;:259}\">\u00a0<\/span><\/p>\n<p><span data-contrast=\"auto\"><strong>Interesse:<\/strong> Meld je <a href=\"https:\/\/www.4ps.nl\/event-de-week-van-digitalisering\/\">hier<\/a> aan!<\/span><span data-ccp-props=\"{&quot;201341983&quot;:0,&quot;335559739&quot;:160,&quot;335559740&quot;:259}\">\u00a0<\/span><\/p>\n"},{"content_element_type":"vc_text","title":"Wat mag je verwachten?","content":"<ul>\n<li>Inzicht in de mogelijkheden op het gebied van mobiliteit in de bouwnijverheid<\/li>\n<li>Visie op de \u201cDe digitale bouwplaats\u201d<\/li>\n<li>Diverse klantverhalen<\/li>\n<li>Nieuwe features van de 4PS On-site App<\/li>\n<li>Inzicht in de mogelijkheden rondom Power Apps van Microsoft<\/li>\n<\/ul>\n<h2>Programma<\/h2>\n<p>14:00 tot 14:10 uur | Visie op mobiliteit<\/p>\n<p>14:10 tot 14:30 uur | Introductie thema \u2018De digitale bouwplaats\u2019 + klantcase<\/p>\n<p>14:30 tot 14:40 uur | 4PS On-site App<\/p>\n<p>14:40 tot 15:00 uur | Klant aan het woord<\/p>\n<p>15:00 tot 15:10 uur | Positionering Power Apps + voorbeelden<\/p>\n<p>15:10 tot 15:40 uur | Ruimte voor vragen<\/p>\n<p>&nbsp;<\/p>\n<p>&nbsp;<\/p>\n<p><a class=\"button\" href=\"https:\/\/www.4ps.nl\/event-de-week-van-digitalisering\/\">Meld je aan<\/a><\/p>\n"},{"content_element_type":"vc_call_to_action","title":{"url":"https:\/\/www.4ps.be\/actueel\/week-van-digitalisering-2021\/","title":"De week van Digitalisering","target":"","rel":"","relative_url":"https:\/\/www.4ps.be\/actueel\/week-van-digitalisering-2021\/"},"image":"","image_shape":"","button_type":"link","link":{"url":"https:\/\/www.4ps.be\/actueel\/week-van-digitalisering-2021\/","title":"Bekijk programma","target":"","rel":"","relative_url":"https:\/\/www.4ps.be\/actueel\/week-van-digitalisering-2021\/"},"download":"","popup_text_field":"","download_text_field":"","background_image":{"id":"3289","ID":"3289","object_type":"image","ImageClass":"Timber\\Image","PostClass":"Timber\\Post","TermClass":"Timber\\Term","custom":[],"post_author":"1","post_content":"","post_date":"2019-08-13 16:27:21","post_excerpt":"","post_parent":0,"post_status":"inherit","post_title":"Background","post_type":"attachment","slug":null,"abs_url":null,"file_loc":"\/home\/ploi\/www.4ps.co.uk\/public\/wp-content\/uploads\/sites\/3\/Background.png","file":"Background.png","sizes":{"thumbnail":{"file":"Background-150x150.png","width":150,"height":150,"mime-type":"image\/png"}},"caption":"","image_meta":{"aperture":"0","credit":"","camera":"","caption":"","created_timestamp":"0","copyright":"","focal_length":"0","iso":"0","shutter_speed":"0","title":"","orientation":"0","keywords":[]},"_wp_attachment_metadata":"a:5:{s:5:\"width\";i:1440;s:6:\"height\";i:407;s:4:\"file\";s:14:\"Background.png\";s:5:\"sizes\";a:1:{s:9:\"thumbnail\";a:4:{s:4:\"file\";s:22:\"Background-150x150.png\";s:5:\"width\";i:150;s:6:\"height\";i:150;s:9:\"mime-type\";s:9:\"image\/png\";}}s:10:\"image_meta\";a:12:{s:8:\"aperture\";s:1:\"0\";s:6:\"credit\";s:0:\"\";s:6:\"camera\";s:0:\"\";s:7:\"caption\";s:0:\"\";s:17:\"created_timestamp\";s:1:\"0\";s:9:\"copyright\";s:0:\"\";s:12:\"focal_length\";s:1:\"0\";s:3:\"iso\";s:1:\"0\";s:13:\"shutter_speed\";s:1:\"0\";s:5:\"title\";s:0:\"\";s:11:\"orientation\";s:1:\"0\";s:8:\"keywords\";a:0:{}}}","wpml_media_processed":"1","post_date_gmt":"2019-08-13 14:27:21","comment_status":"open","ping_status":"closed","post_password":"","post_name":"background","to_ping":"","pinged":"","post_modified":"2019-08-13 16:27:21","post_modified_gmt":"2019-08-13 14:27:21","post_content_filtered":"","guid":"https:\/\/www.4ps.be\/wp-content\/uploads\/sites\/3\/Background.png","menu_order":0,"post_mime_type":"image\/png","comment_count":"0","filter":"raw"},"content":"<p>Bekijk het volledige webinar-programma van &lsquo;De week van Digitalisering&rsquo;<\/p>\n"},{"content_element_type":"vc_call_to_action","title":{"url":"https:\/\/www.4ps.be\/actueel\/week-van-digitalisering-2021\/","title":"De week van Digitalisering","target":"","rel":"","relative_url":"https:\/\/www.4ps.be\/actueel\/week-van-digitalisering-2021\/"},"image":"","image_shape":"","button_type":"link","link":{"url":"https:\/\/www.4ps.be\/actueel\/week-van-digitalisering-2021\/","title":"Bekijk programma","target":"","rel":"","relative_url":"https:\/\/www.4ps.be\/actueel\/week-van-digitalisering-2021\/"},"download":"","popup_text_field":"","download_text_field":"","background_image":{"id":"3289","ID":"3289","object_type":"image","ImageClass":"Timber\\Image","PostClass":"Timber\\Post","TermClass":"Timber\\Term","custom":[],"post_author":"1","post_content":"","post_date":"2019-08-13 16:27:21","post_excerpt":"","post_parent":0,"post_status":"inherit","post_title":"Background","post_type":"attachment","slug":null,"abs_url":null,"file_loc":"\/home\/ploi\/www.4ps.co.uk\/public\/wp-content\/uploads\/sites\/3\/Background.png","file":"Background.png","sizes":{"thumbnail":{"file":"Background-150x150.png","width":150,"height":150,"mime-type":"image\/png"}},"caption":"","image_meta":{"aperture":"0","credit":"","camera":"","caption":"","created_timestamp":"0","copyright":"","focal_length":"0","iso":"0","shutter_speed":"0","title":"","orientation":"0","keywords":[]},"_wp_attachment_metadata":"a:5:{s:5:\"width\";i:1440;s:6:\"height\";i:407;s:4:\"file\";s:14:\"Background.png\";s:5:\"sizes\";a:1:{s:9:\"thumbnail\";a:4:{s:4:\"file\";s:22:\"Background-150x150.png\";s:5:\"width\";i:150;s:6:\"height\";i:150;s:9:\"mime-type\";s:9:\"image\/png\";}}s:10:\"image_meta\";a:12:{s:8:\"aperture\";s:1:\"0\";s:6:\"credit\";s:0:\"\";s:6:\"camera\";s:0:\"\";s:7:\"caption\";s:0:\"\";s:17:\"created_timestamp\";s:1:\"0\";s:9:\"copyright\";s:0:\"\";s:12:\"focal_length\";s:1:\"0\";s:3:\"iso\";s:1:\"0\";s:13:\"shutter_speed\";s:1:\"0\";s:5:\"title\";s:0:\"\";s:11:\"orientation\";s:1:\"0\";s:8:\"keywords\";a:0:{}}}","wpml_media_processed":"1","post_date_gmt":"2019-08-13 14:27:21","comment_status":"open","ping_status":"closed","post_password":"","post_name":"background","to_ping":"","pinged":"","post_modified":"2019-08-13 16:27:21","post_modified_gmt":"2019-08-13 14:27:21","post_content_filtered":"","guid":"https:\/\/www.4ps.be\/wp-content\/uploads\/sites\/3\/Background.png","menu_order":0,"post_mime_type":"image\/png","comment_count":"0","filter":"raw"},"content":"<p>Bekijk het volledige webinar-programma van 'De week van Digitalisering'<\/p>\n"}],"_links":{"self":[{"href":"https:\/\/www.4ps.be\/fr\/wp-json\/wp\/v2\/pages\/14375","targetHints":{"allow":["GET"]}}],"collection":[{"href":"https:\/\/www.4ps.be\/fr\/wp-json\/wp\/v2\/pages"}],"about":[{"href":"https:\/\/www.4ps.be\/fr\/wp-json\/wp\/v2\/types\/page"}],"author":[{"embeddable":true,"href":"https:\/\/www.4ps.be\/fr\/wp-json\/wp\/v2\/users\/19"}],"replies":[{"embeddable":true,"href":"https:\/\/www.4ps.be\/fr\/wp-json\/wp\/v2\/comments?post=14375"}],"version-history":[{"count":0,"href":"https:\/\/www.4ps.be\/fr\/wp-json\/wp\/v2\/pages\/14375\/revisions"}],"wp:attachment":[{"href":"https:\/\/www.4ps.be\/fr\/wp-json\/wp\/v2\/media?parent=14375"}],"curies":[{"name":"wp","href":"https:\/\/api.w.org\/{rel}","templated":true}]}}