{"id":14395,"date":"2020-07-03T09:36:01","date_gmt":"2020-07-03T07:36:01","guid":{"rendered":"https:\/\/www.4ps.be\/formulierpagina-nieuwe-uitdaging\/"},"modified":"2025-03-14T15:09:26","modified_gmt":"2025-03-14T14:09:26","slug":"formulierpagina-nieuwe-uitdaging","status":"publish","type":"page","link":"https:\/\/www.4ps.be\/fr\/formulierpagina-nieuwe-uitdaging\/","title":{"rendered":"Nouveau d\u00e9fi"},"content":{"rendered":"<section class=\"block\">\n    <div class=\"ce ce-text-with-media\">\n\n                    \n    <div class=\"row\">\n        <div class=\"column small-12 large-6 large-order-2\">\n\n            \n                <figure class=\"right\">\n                    <img decoding=\"async\" src=\"https:\/\/www.4ps.be\/wp-content\/uploads\/sites\/3\/checks-1024x576-c-default.jpg\" alt=\"\"\/>\n\n                    \n                <\/figure>\n\n            \n        <\/div>\n        <div class=\"column small-12 large-6 large-order-1\">\n            <div class=\"content-holder\">\n                <div class=\"content\">\n\n                    \n                    \n                        <h2><a href=\"#\" >Restez \u00e0 l'\u00e9coute !<\/a><\/h2>\n\n                    \n                    \n                        <div class=\"wysiwyg\">\n\n                            <p>Vous \u00eates pr\u00eat \u00e0 relever un nouveau d\u00e9fi et vous souhaitez \u00eatre tenu au courant de nos nouvelles offres d&#8217;emploi ?<\/p>\n<p>Laissez vos coordonn\u00e9es ci-dessous et nous vous tiendrons au courant des emplois qui vous conviennent !<\/p>\n\n\n                        <\/div>\n\n                    \n                    \n                    \n                <\/div>\n            <\/div>\n        <\/div>\n    <\/div>\n\n        \n    <\/div>\n<\/section>\n<section class=\"block\">\n    <div class=\"ce ce-forms\">\n\n                    \n    <div class=\"row\">\n        <div class=\"column small-12 large-6\">\n            <div class=\"form-container\">\n\n                \n                    <h2 class=\"form-title\">\n\n                        \n                            <a href=\"#\">Bent u er klaar voor?<\/a>\n\n                        \n                    <\/h2>\n\n                \n                                    \n<div class=\"gf_browser_gecko gform_wrapper gform_legacy_markup_wrapper gform-theme--no-framework\" data-form-theme=\"legacy\" data-form-index=\"0\" id=\"gform_wrapper_66\"><div id=\"gf_66\" class=\"gform_anchor\" tabindex=\"-1\"><\/div><form method=\"post\" enctype=\"multipart\/form-data\" target=\"gform_ajax_frame_66\" id=\"gform_66\" action=\"\/fr\/wp-json\/wp\/v2\/pages\/14395#gf_66\" data-formid=\"66\" novalidate><div class=\"gf_invisible ginput_recaptchav3\" data-sitekey=\"6LciWasoAAAAAO-r38uITOdY_4U3kqns4D6aOgYP\" data-tabindex=\"1\"><input id=\"input_93d9183bc0fedfb9687afec7dc69ff2b\" class=\"gfield_recaptcha_response\" type=\"hidden\" name=\"input_93d9183bc0fedfb9687afec7dc69ff2b\" value=\"\"><\/div>\n                        <div class=\"gform-body gform_body\"><ul id=\"gform_fields_66\" class=\"gform_fields top_label form_sublabel_below description_below validation_below\"><li id=\"field_66_19\" class=\"gfield gfield--type-honeypot gform_validation_container field_sublabel_below gfield--has-description field_description_below field_validation_below gfield_visibility_visible\"><label class=\"gfield_label gform-field-label\" for=\"input_66_19\">Email<\/label><div class=\"ginput_container\"><input name=\"input_19\" id=\"input_66_19\" type=\"text\" value=\"\" autocomplete=\"new-password\"><\/div><div class=\"gfield_description\" id=\"gfield_description_66_19\">Ce champ n&rsquo;est utilis&eacute; qu&rsquo;&agrave; des fins de validation et devrait rester inchang&eacute;.<\/div><\/li><li id=\"field_66_8\" class=\"gfield gfield--type-text gfield_contains_required field_sublabel_below gfield--no-description field_description_below field_validation_below gfield_visibility_visible\"><label class=\"gfield_label gform-field-label\" for=\"input_66_8\">Naam<span class=\"gfield_required\"><span class=\"gfield_required gfield_required_asterisk\">*<\/span><\/span><\/label><div class=\"ginput_container ginput_container_text\"><input name=\"input_8\" id=\"input_66_8\" type=\"text\" value=\"\" class=\"small\" tabindex=\"2\" aria-required=\"true\" aria-invalid=\"false\"><\/div><\/li><li id=\"field_66_17\" class=\"gfield gfield--type-phone gfield_contains_required field_sublabel_below gfield--no-description field_description_below field_validation_below gfield_visibility_visible\"><label class=\"gfield_label gform-field-label\" for=\"input_66_17\">Telefoonnummer<span class=\"gfield_required\"><span class=\"gfield_required gfield_required_asterisk\">*<\/span><\/span><\/label><div class=\"ginput_container ginput_container_phone\"><input name=\"input_17\" id=\"input_66_17\" type=\"tel\" value=\"\" class=\"medium\" tabindex=\"3\" aria-required=\"true\" aria-invalid=\"false\"><\/div><\/li><li id=\"field_66_11\" class=\"gfield gfield--type-email gfield_contains_required field_sublabel_below gfield--no-description field_description_below field_validation_below gfield_visibility_visible\"><label class=\"gfield_label gform-field-label\" for=\"input_66_11\">E-mailadres<span class=\"gfield_required\"><span class=\"gfield_required gfield_required_asterisk\">*<\/span><\/span><\/label><div class=\"ginput_container ginput_container_email\">\n                            <input name=\"input_11\" id=\"input_66_11\" type=\"email\" value=\"\" class=\"medium\" tabindex=\"4\" aria-required=\"true\" aria-invalid=\"false\">\n                        <\/div><\/li><li id=\"field_66_12\" class=\"gfield gfield--type-fileupload gfield_contains_required field_sublabel_below gfield--no-description field_description_below field_validation_below gfield_visibility_visible\"><label class=\"gfield_label gform-field-label\" for=\"gform_browse_button_66_12\">Upload bestanden (bij. CV)<span class=\"gfield_required\"><span class=\"gfield_required gfield_required_asterisk\">*<\/span><\/span><\/label><div class=\"ginput_container ginput_container_fileupload\"><div id=\"gform_multifile_upload_66_12\" data-settings='{\"runtimes\":\"html5,flash,html4\",\"browse_button\":\"gform_browse_button_66_12\",\"container\":\"gform_multifile_upload_66_12\",\"drop_element\":\"gform_drag_drop_area_66_12\",\"filelist\":\"gform_preview_66_12\",\"unique_names\":true,\"file_data_name\":\"file\",\"url\":\"https:\\\/\\\/www.4ps.be\\\/?gf_page=e63299801f4362b\",\"flash_swf_url\":\"https:\\\/\\\/www.4ps.be\\\/wp-includes\\\/js\\\/plupload\\\/plupload.flash.swf\",\"silverlight_xap_url\":\"https:\\\/\\\/www.4ps.be\\\/wp-includes\\\/js\\\/plupload\\\/plupload.silverlight.xap\",\"filters\":{\"mime_types\":[{\"title\":\"Fichiers autoris\\u00e9s\",\"extensions\":\"*\"}],\"max_file_size\":\"5120000b\"},\"multipart\":true,\"urlstream_upload\":false,\"multipart_params\":{\"form_id\":66,\"field_id\":12,\"_gform_file_upload_nonce_66_12\":\"c07ef44a76\"},\"gf_vars\":{\"max_files\":0,\"message_id\":\"gform_multifile_messages_66_12\",\"disallowed_extensions\":[\"php\",\"asp\",\"aspx\",\"cmd\",\"csh\",\"bat\",\"html\",\"htm\",\"hta\",\"jar\",\"exe\",\"com\",\"js\",\"lnk\",\"htaccess\",\"phar\",\"phtml\",\"ps1\",\"ps2\",\"php3\",\"php4\",\"php5\",\"php6\",\"py\",\"rb\",\"tmp\"]}}' class=\"gform_fileupload_multifile\">\n\t\t\t\t\t\t\t\t\t\t<div id=\"gform_drag_drop_area_66_12\" class=\"gform_drop_area gform-theme-field-control\">\n\t\t\t\t\t\t\t\t\t\t\t<span class=\"gform_drop_instructions\">D&eacute;posez les fichiers ici ou <\/span>\n\t\t\t\t\t\t\t\t\t\t\t<button type=\"button\" id=\"gform_browse_button_66_12\" class=\"button gform_button_select_files gform-theme-button gform-theme-button--control\" aria-describedby=\"gfield_upload_rules_66_12\" tabindex=\"5\">S&eacute;lectionnez des fichiers<\/button>\n\t\t\t\t\t\t\t\t\t\t<\/div>\n\t\t\t\t\t\t\t\t\t<\/div><span class=\"gfield_description gform_fileupload_rules\" id=\"gfield_upload_rules_66_12\">Taille max. des fichiers&nbsp;: 5 MB.<\/span><ul class=\"validation_message--hidden-on-empty gform-ul-reset\" id=\"gform_multifile_messages_66_12\"><\/ul> <div id=\"gform_preview_66_12\" class=\"ginput_preview_list\"><\/div><\/div><\/li><li id=\"field_66_18\" class=\"gfield gfield--type-text field_sublabel_below gfield--no-description field_description_below field_validation_below gfield_visibility_visible\"><label class=\"gfield_label gform-field-label\" for=\"input_66_18\">Functie voorkeuren<\/label><div class=\"ginput_container ginput_container_text\"><input name=\"input_18\" id=\"input_66_18\" type=\"text\" value=\"\" class=\"medium\" tabindex=\"6\" aria-invalid=\"false\"><\/div><\/li><li id=\"field_66_10\" class=\"gfield gfield--type-textarea field_sublabel_below gfield--no-description field_description_below field_validation_below gfield_visibility_visible\"><label class=\"gfield_label gform-field-label\" for=\"input_66_10\">Eventuele opmerkingen:<\/label><div class=\"ginput_container ginput_container_textarea\"><textarea name=\"input_10\" id=\"input_66_10\" class=\"textarea small\" tabindex=\"7\" aria-invalid=\"false\" rows=\"10\" cols=\"50\"><\/textarea><\/div><\/li><li id=\"field_66_15\" class=\"gfield gfield--type-checkbox gfield--type-choice gfield_contains_required field_sublabel_below gfield--has-description field_description_below field_validation_below gfield_visibility_visible\"><label class=\"gfield_label gform-field-label gfield_label_before_complex\">Privacy statement<span class=\"gfield_required\"><span class=\"gfield_required gfield_required_asterisk\">*<\/span><\/span><\/label><div class=\"ginput_container ginput_container_checkbox\"><ul class=\"gfield_checkbox\" id=\"input_66_15\"><li class=\"gchoice gchoice_66_15_1\">\n\t\t\t\t\t\t\t\t<input class=\"gfield-choice-input\" name=\"input_15.1\" type=\"checkbox\" value=\"Ik heb onderstaande gelezen en ben akkoord\" id=\"choice_66_15_1\" tabindex=\"8\" aria-describedby=\"gfield_description_66_15\">\n\t\t\t\t\t\t\t\t<label for=\"choice_66_15_1\" id=\"label_66_15_1\" class=\"gform-field-label gform-field-label--type-inline\">Ik heb onderstaande gelezen en ben akkoord<\/label>\n\t\t\t\t\t\t\t<\/li><\/ul><\/div><div class=\"gfield_description\" id=\"gfield_description_66_15\">Wij hechten grote waarde aan je privacy. Wij gaan dan ook uiterst zorgzaam om met je gegevens. Deze gegevens zullen door ons vertrouwelijk worden behandeld en uitsluitend worden gebruikt voor werving- en selectiedoeleinden.<\/div><\/li><\/ul><\/div>\n        <div class=\"gform-footer gform_footer top_label\"> <button type=\"submit\" id=\"gform_submit_button_66\" class=\"gform_button button\" onclick=\"gform.submission.handleButtonClick(this);\" data-submission-type=\"submit\" tabindex=\"9\">Verzend<\/button> <input type=\"hidden\" name=\"gform_ajax\" value=\"form_id=66&amp;title=&amp;description=&amp;tabindex=1&amp;theme=legacy&amp;hash=ea9bb419d63f648639ca7f6b2fcac531\">\n            <input type=\"hidden\" class=\"gform_hidden\" name=\"gform_submission_method\" data-js=\"gform_submission_method_66\" value=\"iframe\">\n            <input type=\"hidden\" class=\"gform_hidden\" name=\"gform_theme\" data-js=\"gform_theme_66\" id=\"gform_theme_66\" value=\"legacy\">\n            <input type=\"hidden\" class=\"gform_hidden\" name=\"gform_style_settings\" data-js=\"gform_style_settings_66\" id=\"gform_style_settings_66\" value=\"\">\n            <input type=\"hidden\" class=\"gform_hidden\" name=\"is_submit_66\" value=\"1\">\n            <input type=\"hidden\" class=\"gform_hidden\" name=\"gform_submit\" value=\"66\">\n            \n            <input type=\"hidden\" class=\"gform_hidden\" name=\"gform_currency\" data-currency=\"USD\" value=\"Hm\/6WwJ+D21Zlb5D0flaxo37CkcAuwRh0FKEz66rWXt84OOOj11HKdMFDgaqGOQntCZUzRvv0Y6qiLryPo0AtzukFme2WBXztMReX17jdrSoFPo=\">\n            <input type=\"hidden\" class=\"gform_hidden\" name=\"gform_unique_id\" value=\"\">\n            <input type=\"hidden\" class=\"gform_hidden\" name=\"state_66\" value=\"WyJbXSIsIjRjMzgxYzBiMTdkM2E2OWIxZWFjMzgyYTUxNzM3MzA0Il0=\">\n            <input type=\"hidden\" autocomplete=\"off\" class=\"gform_hidden\" name=\"gform_target_page_number_66\" id=\"gform_target_page_number_66\" value=\"0\">\n            <input type=\"hidden\" autocomplete=\"off\" class=\"gform_hidden\" name=\"gform_source_page_number_66\" id=\"gform_source_page_number_66\" value=\"1\">\n            <input type=\"hidden\" name=\"gform_field_values\" value=\"\">\n            <input type=\"hidden\" name=\"gform_uploaded_files\" id=\"gform_uploaded_files_66\" value=\"\">\n        <\/div>\n                        <\/form>\n                        <\/div>\n\t\t                <iframe style=\"display:none;width:0px;height:0px;\" src=\"about:blank\" name=\"gform_ajax_frame_66\" id=\"gform_ajax_frame_66\" title=\"Cette iframe contient la logique n&eacute;cessaire pour manipuler Gravity Forms avec Ajax.\"><\/iframe>\n\t\t                \n\n\n                \n            <\/div>\n        <\/div>\n        <div class=\"column small-12 large-6\">\n\n            \n        <\/div>\n    <\/div>\n\n        \n    <\/div>\n<\/section>\n","protected":false},"excerpt":{"rendered":"Restez \u00e0 l'\u00e9coute ! Vous \u00eates pr\u00eat \u00e0 relever un nouveau d\u00e9fi et vous souhaitez \u00eatre tenu au courant de nos nouvelles offres d'emploi ? Laissez vos coordonn\u00e9es ci-dessous et nous vous tiendrons au courant des emplois qui vous conviennent ! Bent u er klaar voor? X\/TwitterCe champ n&rsquo;est utilis&eacute; qu&rsquo;&agrave; des fins de validation [...]","protected":false},"author":9,"featured_media":0,"parent":0,"menu_order":0,"comment_status":"closed","ping_status":"closed","template":"","meta":{"_acf_changed":false,"footnotes":""},"class_list":["post-14395","page","type-page","status-publish","hentry"],"acf":[],"yoast_head":"<!-- This site is optimized with the Yoast SEO Premium plugin v25.5 (Yoast SEO v25.5) - https:\/\/yoast.com\/wordpress\/plugins\/seo\/ -->\n<title>Ben jij klaar voor een nieuwe uitdaging? Blijf op de hoogte van vacatures!<\/title>\n<meta name=\"description\" content=\"Werken bij een modern en sterk groeiend ICT bedrijf met software voor de bouwnijverheid? Laat hier uw gegevens achter en wij brengen u op de hoogte!\" \/>\n<meta name=\"robots\" content=\"index, follow, max-snippet:-1, max-image-preview:large, max-video-preview:-1\" \/>\n<link rel=\"canonical\" href=\"https:\/\/www.4ps.be\/fr\/formulierpagina-nieuwe-uitdaging\/\" \/>\n<meta property=\"og:locale\" content=\"fr_FR\" \/>\n<meta property=\"og:type\" content=\"article\" \/>\n<meta property=\"og:title\" content=\"Nouveau d\u00e9fi\" \/>\n<meta property=\"og:url\" content=\"https:\/\/www.4ps.be\/fr\/formulierpagina-nieuwe-uitdaging\/\" \/>\n<meta property=\"og:site_name\" content=\"4PS Belgi\u00eb\" \/>\n<meta property=\"article:modified_time\" content=\"2025-03-14T14:09:26+00:00\" \/>\n<meta name=\"twitter:card\" content=\"summary_large_image\" \/>\n<meta name=\"twitter:site\" content=\"@4psBelgium\" \/>\n<meta name=\"twitter:label1\" content=\"Dur\u00e9e de lecture estim\u00e9e\" \/>\n\t<meta name=\"twitter:data1\" content=\"1 minute\" \/>\n<script type=\"application\/ld+json\" class=\"yoast-schema-graph\">{\"@context\":\"https:\/\/schema.org\",\"@graph\":[{\"@type\":\"WebPage\",\"@id\":\"https:\/\/www.4ps.be\/fr\/formulierpagina-nieuwe-uitdaging\/\",\"url\":\"https:\/\/www.4ps.be\/fr\/formulierpagina-nieuwe-uitdaging\/\",\"name\":\"Ben jij klaar voor een nieuwe uitdaging? Blijf op de hoogte van vacatures!\",\"isPartOf\":{\"@id\":\"https:\/\/www.4ps.be\/fr\/#website\"},\"datePublished\":\"2020-07-03T07:36:01+00:00\",\"dateModified\":\"2025-03-14T14:09:26+00:00\",\"description\":\"Werken bij een modern en sterk groeiend ICT bedrijf met software voor de bouwnijverheid? Laat hier uw gegevens achter en wij brengen u op de hoogte!\",\"inLanguage\":\"fr-FR\",\"potentialAction\":[{\"@type\":\"ReadAction\",\"target\":[\"https:\/\/www.4ps.be\/fr\/formulierpagina-nieuwe-uitdaging\/\"]}]},{\"@type\":\"WebSite\",\"@id\":\"https:\/\/www.4ps.be\/fr\/#website\",\"url\":\"https:\/\/www.4ps.be\/fr\/\",\"name\":\"4PS Belgi\u00eb\",\"description\":\"\",\"publisher\":{\"@id\":\"https:\/\/www.4ps.be\/fr\/#organization\"},\"potentialAction\":[{\"@type\":\"SearchAction\",\"target\":{\"@type\":\"EntryPoint\",\"urlTemplate\":\"https:\/\/www.4ps.be\/fr\/?s={search_term_string}\"},\"query-input\":{\"@type\":\"PropertyValueSpecification\",\"valueRequired\":true,\"valueName\":\"search_term_string\"}}],\"inLanguage\":\"fr-FR\"},{\"@type\":\"Organization\",\"@id\":\"https:\/\/www.4ps.be\/fr\/#organization\",\"name\":\"4PS Belgi\u00eb\",\"url\":\"https:\/\/www.4ps.be\/fr\/\",\"logo\":{\"@type\":\"ImageObject\",\"inLanguage\":\"fr-FR\",\"@id\":\"https:\/\/www.4ps.be\/fr\/#\/schema\/logo\/image\/\",\"url\":\"https:\/\/www.4ps.be\/wp-content\/uploads\/sites\/3\/4PS_logo_RGB.jpg\",\"contentUrl\":\"https:\/\/www.4ps.be\/wp-content\/uploads\/sites\/3\/4PS_logo_RGB.jpg\",\"width\":859,\"height\":645,\"caption\":\"4PS Belgi\u00eb\"},\"image\":{\"@id\":\"https:\/\/www.4ps.be\/fr\/#\/schema\/logo\/image\/\"},\"sameAs\":[\"https:\/\/x.com\/4psBelgium\",\"https:\/\/www.linkedin.com\/company\/36159596\/\",\"https:\/\/www.youtube.com\/c\/4PSEde\"]}]}<\/script>\n<!-- \/ Yoast SEO Premium plugin. -->","yoast_head_json":{"title":"Ben jij klaar voor een nieuwe uitdaging? Blijf op de hoogte van vacatures!","description":"Werken bij een modern en sterk groeiend ICT bedrijf met software voor de bouwnijverheid? Laat hier uw gegevens achter en wij brengen u op de hoogte!","robots":{"index":"index","follow":"follow","max-snippet":"max-snippet:-1","max-image-preview":"max-image-preview:large","max-video-preview":"max-video-preview:-1"},"canonical":"https:\/\/www.4ps.be\/fr\/formulierpagina-nieuwe-uitdaging\/","og_locale":"fr_FR","og_type":"article","og_title":"Nouveau d\u00e9fi","og_url":"https:\/\/www.4ps.be\/fr\/formulierpagina-nieuwe-uitdaging\/","og_site_name":"4PS Belgi\u00eb","article_modified_time":"2025-03-14T14:09:26+00:00","twitter_card":"summary_large_image","twitter_site":"@4psBelgium","twitter_misc":{"Dur\u00e9e de lecture estim\u00e9e":"1 minute"},"schema":{"@context":"https:\/\/schema.org","@graph":[{"@type":"WebPage","@id":"https:\/\/www.4ps.be\/fr\/formulierpagina-nieuwe-uitdaging\/","url":"https:\/\/www.4ps.be\/fr\/formulierpagina-nieuwe-uitdaging\/","name":"Ben jij klaar voor een nieuwe uitdaging? Blijf op de hoogte van vacatures!","isPartOf":{"@id":"https:\/\/www.4ps.be\/fr\/#website"},"datePublished":"2020-07-03T07:36:01+00:00","dateModified":"2025-03-14T14:09:26+00:00","description":"Werken bij een modern en sterk groeiend ICT bedrijf met software voor de bouwnijverheid? Laat hier uw gegevens achter en wij brengen u op de hoogte!","inLanguage":"fr-FR","potentialAction":[{"@type":"ReadAction","target":["https:\/\/www.4ps.be\/fr\/formulierpagina-nieuwe-uitdaging\/"]}]},{"@type":"WebSite","@id":"https:\/\/www.4ps.be\/fr\/#website","url":"https:\/\/www.4ps.be\/fr\/","name":"4PS Belgi\u00eb","description":"","publisher":{"@id":"https:\/\/www.4ps.be\/fr\/#organization"},"potentialAction":[{"@type":"SearchAction","target":{"@type":"EntryPoint","urlTemplate":"https:\/\/www.4ps.be\/fr\/?s={search_term_string}"},"query-input":{"@type":"PropertyValueSpecification","valueRequired":true,"valueName":"search_term_string"}}],"inLanguage":"fr-FR"},{"@type":"Organization","@id":"https:\/\/www.4ps.be\/fr\/#organization","name":"4PS Belgi\u00eb","url":"https:\/\/www.4ps.be\/fr\/","logo":{"@type":"ImageObject","inLanguage":"fr-FR","@id":"https:\/\/www.4ps.be\/fr\/#\/schema\/logo\/image\/","url":"https:\/\/www.4ps.be\/wp-content\/uploads\/sites\/3\/4PS_logo_RGB.jpg","contentUrl":"https:\/\/www.4ps.be\/wp-content\/uploads\/sites\/3\/4PS_logo_RGB.jpg","width":859,"height":645,"caption":"4PS Belgi\u00eb"},"image":{"@id":"https:\/\/www.4ps.be\/fr\/#\/schema\/logo\/image\/"},"sameAs":["https:\/\/x.com\/4psBelgium","https:\/\/www.linkedin.com\/company\/36159596\/","https:\/\/www.youtube.com\/c\/4PSEde"]}]}},"content_elements":[{"content_element_type":"vc_text_with_media","element_label":"","title":{"url":"#","title":"Restez \u00e0 l'\u00e9coute !","target":"","rel":"","relative_url":"#"},"download":"","link":"","image":{"id":"7966","ID":"7966","object_type":"image","ImageClass":"Timber\\Image","PostClass":"Timber\\Post","TermClass":"Timber\\Term","custom":[],"post_author":"9","post_content":"","post_date":"2020-07-03 09:34:40","post_excerpt":"","post_parent":7965,"post_status":"inherit","post_title":"checks","post_type":"attachment","slug":null,"abs_url":null,"file_loc":"\/home\/ploi\/www.4ps.co.uk\/public\/wp-content\/uploads\/sites\/3\/checks.jpg","file":"checks.jpg","sizes":{"thumbnail":{"file":"checks-150x150.jpg","width":150,"height":150,"mime-type":"image\/jpeg"}},"caption":"","image_meta":{"aperture":"0","credit":"","camera":"","caption":"","created_timestamp":"0","copyright":"","focal_length":"0","iso":"0","shutter_speed":"0","title":"","orientation":"0","keywords":[]},"_wp_attachment_metadata":"a:5:{s:5:\"width\";i:400;s:6:\"height\";i:267;s:4:\"file\";s:10:\"checks.jpg\";s:5:\"sizes\";a:1:{s:9:\"thumbnail\";a:4:{s:4:\"file\";s:18:\"checks-150x150.jpg\";s:5:\"width\";i:150;s:6:\"height\";i:150;s:9:\"mime-type\";s:10:\"image\/jpeg\";}}s:10:\"image_meta\";a:12:{s:8:\"aperture\";s:1:\"0\";s:6:\"credit\";s:0:\"\";s:6:\"camera\";s:0:\"\";s:7:\"caption\";s:0:\"\";s:17:\"created_timestamp\";s:1:\"0\";s:9:\"copyright\";s:0:\"\";s:12:\"focal_length\";s:1:\"0\";s:3:\"iso\";s:1:\"0\";s:13:\"shutter_speed\";s:1:\"0\";s:5:\"title\";s:0:\"\";s:11:\"orientation\";s:1:\"0\";s:8:\"keywords\";a:0:{}}}","wpml_media_processed":"1","post_date_gmt":"2020-07-03 07:34:40","comment_status":"closed","ping_status":"closed","post_password":"","post_name":"checks","to_ping":"","pinged":"","post_modified":"2020-07-03 09:34:40","post_modified_gmt":"2020-07-03 07:34:40","post_content_filtered":"","guid":"https:\/\/www.4ps.be\/wp-content\/uploads\/sites\/3\/checks.jpg","menu_order":0,"post_mime_type":"image\/jpeg","comment_count":"0","filter":"raw"},"video":"","image_position":"right","content":"<p>Vous \u00eates pr\u00eat \u00e0 relever un nouveau d\u00e9fi et vous souhaitez \u00eatre tenu au courant de nos nouvelles offres d&#8217;emploi ?<\/p>\n<p>Laissez vos coordonn\u00e9es ci-dessous et nous vous tiendrons au courant des emplois qui vous conviennent !<\/p>\n"},{"content_element_type":"vc_gravity_form","form_type":"gravity","form_id":"66","mautic_form_id":"-1","title":{"url":"#","title":"Bent u er klaar voor?","target":"","rel":"","relative_url":"#"},"content":""},{"content_element_type":"vc_text_with_media","element_label":"","title":{"url":"#","title":"Restez \u00e0 l'\u00e9coute !","target":"","rel":"","relative_url":"#"},"download":"","link":"","image":{"id":"7966","ID":"7966","object_type":"image","ImageClass":"Timber\\Image","PostClass":"Timber\\Post","TermClass":"Timber\\Term","custom":[],"post_author":"9","post_content":"","post_date":"2020-07-03 09:34:40","post_excerpt":"","post_parent":7965,"post_status":"inherit","post_title":"checks","post_type":"attachment","slug":null,"abs_url":null,"file_loc":"\/home\/ploi\/www.4ps.co.uk\/public\/wp-content\/uploads\/sites\/3\/checks.jpg","file":"checks.jpg","sizes":{"thumbnail":{"file":"checks-150x150.jpg","width":150,"height":150,"mime-type":"image\/jpeg"}},"caption":"","image_meta":{"aperture":"0","credit":"","camera":"","caption":"","created_timestamp":"0","copyright":"","focal_length":"0","iso":"0","shutter_speed":"0","title":"","orientation":"0","keywords":[]},"_wp_attachment_metadata":"a:5:{s:5:\"width\";i:400;s:6:\"height\";i:267;s:4:\"file\";s:10:\"checks.jpg\";s:5:\"sizes\";a:1:{s:9:\"thumbnail\";a:4:{s:4:\"file\";s:18:\"checks-150x150.jpg\";s:5:\"width\";i:150;s:6:\"height\";i:150;s:9:\"mime-type\";s:10:\"image\/jpeg\";}}s:10:\"image_meta\";a:12:{s:8:\"aperture\";s:1:\"0\";s:6:\"credit\";s:0:\"\";s:6:\"camera\";s:0:\"\";s:7:\"caption\";s:0:\"\";s:17:\"created_timestamp\";s:1:\"0\";s:9:\"copyright\";s:0:\"\";s:12:\"focal_length\";s:1:\"0\";s:3:\"iso\";s:1:\"0\";s:13:\"shutter_speed\";s:1:\"0\";s:5:\"title\";s:0:\"\";s:11:\"orientation\";s:1:\"0\";s:8:\"keywords\";a:0:{}}}","wpml_media_processed":"1","post_date_gmt":"2020-07-03 07:34:40","comment_status":"closed","ping_status":"closed","post_password":"","post_name":"checks","to_ping":"","pinged":"","post_modified":"2020-07-03 09:34:40","post_modified_gmt":"2020-07-03 07:34:40","post_content_filtered":"","guid":"https:\/\/www.4ps.be\/wp-content\/uploads\/sites\/3\/checks.jpg","menu_order":0,"post_mime_type":"image\/jpeg","comment_count":"0","filter":"raw"},"video":"","image_position":"right","content":"<p>Vous \u00eates pr\u00eat \u00e0 relever un nouveau d\u00e9fi et vous souhaitez \u00eatre tenu au courant de nos nouvelles offres d'emploi ?<\/p>\n<p>Laissez vos coordonn\u00e9es ci-dessous et nous vous tiendrons au courant des emplois qui vous conviennent !<\/p>\n"}],"_links":{"self":[{"href":"https:\/\/www.4ps.be\/fr\/wp-json\/wp\/v2\/pages\/14395","targetHints":{"allow":["GET"]}}],"collection":[{"href":"https:\/\/www.4ps.be\/fr\/wp-json\/wp\/v2\/pages"}],"about":[{"href":"https:\/\/www.4ps.be\/fr\/wp-json\/wp\/v2\/types\/page"}],"author":[{"embeddable":true,"href":"https:\/\/www.4ps.be\/fr\/wp-json\/wp\/v2\/users\/9"}],"replies":[{"embeddable":true,"href":"https:\/\/www.4ps.be\/fr\/wp-json\/wp\/v2\/comments?post=14395"}],"version-history":[{"count":2,"href":"https:\/\/www.4ps.be\/fr\/wp-json\/wp\/v2\/pages\/14395\/revisions"}],"predecessor-version":[{"id":15308,"href":"https:\/\/www.4ps.be\/fr\/wp-json\/wp\/v2\/pages\/14395\/revisions\/15308"}],"wp:attachment":[{"href":"https:\/\/www.4ps.be\/fr\/wp-json\/wp\/v2\/media?parent=14395"}],"curies":[{"name":"wp","href":"https:\/\/api.w.org\/{rel}","templated":true}]}}