{"id":14446,"date":"2019-10-16T11:04:19","date_gmt":"2019-10-16T09:04:19","guid":{"rendered":"https:\/\/www.4ps.be\/klantverhaal-ariens-bedankt\/"},"modified":"2019-10-16T11:04:19","modified_gmt":"2019-10-16T09:04:19","slug":"klantverhaal-ariens-bedankt","status":"publish","type":"page","link":"https:\/\/www.4ps.be\/fr\/klantverhaal-ariens-bedankt\/","title":{"rendered":"Bedankt &#8211; Klantenverhaal Ari\u00ebns"},"content":{"rendered":"<section class=\"block\">\n    <div class=\"ce ce-text-with-media\">\n\n                    \n    <div class=\"row\">\n        <div class=\"column small-12 large-6\">\n\n            \n                <figure class=\"left\">\n                    <img decoding=\"async\" src=\"https:\/\/www.4ps.be\/wp-content\/uploads\/sites\/3\/ariens-1024x576-c-default.jpg\" alt=\"\"\/>\n\n                    \n                <\/figure>\n\n            \n        <\/div>\n        <div class=\"column small-12 large-6\">\n            <div class=\"content-holder\">\n                <div class=\"content\">\n\n                    \n                    \n                        <h2><a href=\"https:\/\/www.4ps.be\/wp-content\/uploads\/sites\/2\/Referentiecase-Ari\u00ebns.pdf\"  target=\"_blank\">Ari\u00ebns, \u00e9\u00e9n van de eerste klanten van onze vernieuwde 4PS Control<\/a><\/h2>\n\n                    \n                    \n                        <div class=\"wysiwyg\">\n\n                            <p>Ze gebruiken al meer dan 10 jaar de software van 4PS en periodiek komen daar ook nog steeds nieuwe oplossingen bij in het gebruik bij Ari\u00ebns \u2013 Partner in vastgoedonderhoud. Vandaar dat Ari\u00ebns ook vaak betrokken wordt bij de ontwikkeling van nieuwe producten. Zo was het \u00e9\u00e9n van de eerste gebruikers van de 4PS Buitendienst App en ging het de afgelopen maanden als \u00e9\u00e9n van onze eerste klanten aan de slag met ons vernieuwde <a href=\"https:\/\/www.4ps.be\/control\/\">4PS Control<\/a>.<\/p>\n\n\n                        <\/div>\n\n                    \n                    \n                    \n                        <a href=\"https:\/\/www.4ps.be\/wp-content\/uploads\/sites\/2\/Referentiecase-Ari\u00ebns.pdf\" class=\"button with-icon icon-right arrow-right\"  target=\"_blank\"><span>Lees het klantverhaal<\/span><\/a>\n\n                    \n                <\/div>\n            <\/div>\n        <\/div>\n    <\/div>\n\n        \n    <\/div>\n<\/section>\n","protected":false},"excerpt":{"rendered":"Ari\u00ebns, \u00e9\u00e9n van de eerste klanten van onze vernieuwde 4PS Control Ze gebruiken al meer dan 10 jaar de software van 4PS en periodiek komen daar ook nog steeds nieuwe oplossingen bij in het gebruik bij Ari\u00ebns \u2013 Partner in vastgoedonderhoud. Vandaar dat Ari\u00ebns ook vaak betrokken wordt bij de ontwikkeling van nieuwe producten. Zo [...]","protected":false},"author":3,"featured_media":0,"parent":0,"menu_order":0,"comment_status":"closed","ping_status":"closed","template":"","meta":{"_acf_changed":false,"footnotes":""},"class_list":["post-14446","page","type-page","status-publish","hentry"],"acf":[],"yoast_head":"<!-- This site is optimized with the Yoast SEO Premium plugin v25.5 (Yoast SEO v25.5) - https:\/\/yoast.com\/wordpress\/plugins\/seo\/ -->\n<title>Bedankt - Klantenverhaal Ari\u00ebns - 4PS Belgi\u00eb<\/title>\n<meta name=\"robots\" content=\"index, follow, max-snippet:-1, max-image-preview:large, max-video-preview:-1\" \/>\n<link rel=\"canonical\" href=\"https:\/\/www.4ps.be\/fr\/klantverhaal-ariens-bedankt\/\" \/>\n<meta property=\"og:locale\" content=\"fr_FR\" \/>\n<meta property=\"og:type\" content=\"article\" \/>\n<meta property=\"og:title\" content=\"Bedankt - Klantenverhaal Ari\u00ebns\" \/>\n<meta property=\"og:url\" content=\"https:\/\/www.4ps.be\/fr\/klantverhaal-ariens-bedankt\/\" \/>\n<meta property=\"og:site_name\" content=\"4PS Belgi\u00eb\" \/>\n<meta name=\"twitter:card\" content=\"summary_large_image\" \/>\n<meta name=\"twitter:site\" content=\"@4psBelgium\" \/>\n<meta name=\"twitter:label1\" content=\"Dur\u00e9e de lecture estim\u00e9e\" \/>\n\t<meta name=\"twitter:data1\" content=\"1 minute\" \/>\n<script type=\"application\/ld+json\" class=\"yoast-schema-graph\">{\"@context\":\"https:\/\/schema.org\",\"@graph\":[{\"@type\":\"WebPage\",\"@id\":\"https:\/\/www.4ps.be\/fr\/klantverhaal-ariens-bedankt\/\",\"url\":\"https:\/\/www.4ps.be\/fr\/klantverhaal-ariens-bedankt\/\",\"name\":\"Bedankt - Klantenverhaal Ari\u00ebns - 4PS Belgi\u00eb\",\"isPartOf\":{\"@id\":\"https:\/\/www.4ps.be\/fr\/#website\"},\"datePublished\":\"2019-10-16T09:04:19+00:00\",\"inLanguage\":\"fr-FR\",\"potentialAction\":[{\"@type\":\"ReadAction\",\"target\":[\"https:\/\/www.4ps.be\/fr\/klantverhaal-ariens-bedankt\/\"]}]},{\"@type\":\"WebSite\",\"@id\":\"https:\/\/www.4ps.be\/fr\/#website\",\"url\":\"https:\/\/www.4ps.be\/fr\/\",\"name\":\"4PS Belgi\u00eb\",\"description\":\"\",\"publisher\":{\"@id\":\"https:\/\/www.4ps.be\/fr\/#organization\"},\"potentialAction\":[{\"@type\":\"SearchAction\",\"target\":{\"@type\":\"EntryPoint\",\"urlTemplate\":\"https:\/\/www.4ps.be\/fr\/?s={search_term_string}\"},\"query-input\":{\"@type\":\"PropertyValueSpecification\",\"valueRequired\":true,\"valueName\":\"search_term_string\"}}],\"inLanguage\":\"fr-FR\"},{\"@type\":\"Organization\",\"@id\":\"https:\/\/www.4ps.be\/fr\/#organization\",\"name\":\"4PS Belgi\u00eb\",\"url\":\"https:\/\/www.4ps.be\/fr\/\",\"logo\":{\"@type\":\"ImageObject\",\"inLanguage\":\"fr-FR\",\"@id\":\"https:\/\/www.4ps.be\/fr\/#\/schema\/logo\/image\/\",\"url\":\"https:\/\/www.4ps.be\/wp-content\/uploads\/sites\/3\/4PS_logo_RGB.jpg\",\"contentUrl\":\"https:\/\/www.4ps.be\/wp-content\/uploads\/sites\/3\/4PS_logo_RGB.jpg\",\"width\":859,\"height\":645,\"caption\":\"4PS Belgi\u00eb\"},\"image\":{\"@id\":\"https:\/\/www.4ps.be\/fr\/#\/schema\/logo\/image\/\"},\"sameAs\":[\"https:\/\/x.com\/4psBelgium\",\"https:\/\/www.linkedin.com\/company\/36159596\/\",\"https:\/\/www.youtube.com\/c\/4PSEde\"]}]}<\/script>\n<!-- \/ Yoast SEO Premium plugin. -->","yoast_head_json":{"title":"Bedankt - Klantenverhaal Ari\u00ebns - 4PS Belgi\u00eb","robots":{"index":"index","follow":"follow","max-snippet":"max-snippet:-1","max-image-preview":"max-image-preview:large","max-video-preview":"max-video-preview:-1"},"canonical":"https:\/\/www.4ps.be\/fr\/klantverhaal-ariens-bedankt\/","og_locale":"fr_FR","og_type":"article","og_title":"Bedankt - Klantenverhaal Ari\u00ebns","og_url":"https:\/\/www.4ps.be\/fr\/klantverhaal-ariens-bedankt\/","og_site_name":"4PS Belgi\u00eb","twitter_card":"summary_large_image","twitter_site":"@4psBelgium","twitter_misc":{"Dur\u00e9e de lecture estim\u00e9e":"1 minute"},"schema":{"@context":"https:\/\/schema.org","@graph":[{"@type":"WebPage","@id":"https:\/\/www.4ps.be\/fr\/klantverhaal-ariens-bedankt\/","url":"https:\/\/www.4ps.be\/fr\/klantverhaal-ariens-bedankt\/","name":"Bedankt - Klantenverhaal Ari\u00ebns - 4PS Belgi\u00eb","isPartOf":{"@id":"https:\/\/www.4ps.be\/fr\/#website"},"datePublished":"2019-10-16T09:04:19+00:00","inLanguage":"fr-FR","potentialAction":[{"@type":"ReadAction","target":["https:\/\/www.4ps.be\/fr\/klantverhaal-ariens-bedankt\/"]}]},{"@type":"WebSite","@id":"https:\/\/www.4ps.be\/fr\/#website","url":"https:\/\/www.4ps.be\/fr\/","name":"4PS Belgi\u00eb","description":"","publisher":{"@id":"https:\/\/www.4ps.be\/fr\/#organization"},"potentialAction":[{"@type":"SearchAction","target":{"@type":"EntryPoint","urlTemplate":"https:\/\/www.4ps.be\/fr\/?s={search_term_string}"},"query-input":{"@type":"PropertyValueSpecification","valueRequired":true,"valueName":"search_term_string"}}],"inLanguage":"fr-FR"},{"@type":"Organization","@id":"https:\/\/www.4ps.be\/fr\/#organization","name":"4PS Belgi\u00eb","url":"https:\/\/www.4ps.be\/fr\/","logo":{"@type":"ImageObject","inLanguage":"fr-FR","@id":"https:\/\/www.4ps.be\/fr\/#\/schema\/logo\/image\/","url":"https:\/\/www.4ps.be\/wp-content\/uploads\/sites\/3\/4PS_logo_RGB.jpg","contentUrl":"https:\/\/www.4ps.be\/wp-content\/uploads\/sites\/3\/4PS_logo_RGB.jpg","width":859,"height":645,"caption":"4PS Belgi\u00eb"},"image":{"@id":"https:\/\/www.4ps.be\/fr\/#\/schema\/logo\/image\/"},"sameAs":["https:\/\/x.com\/4psBelgium","https:\/\/www.linkedin.com\/company\/36159596\/","https:\/\/www.youtube.com\/c\/4PSEde"]}]}},"content_elements":[{"content_element_type":"vc_text_with_media","element_label":"","title":{"url":"https:\/\/www.4ps.be\/wp-content\/uploads\/sites\/2\/Referentiecase-Ari\u00ebns.pdf","title":"Ari\u00ebns, \u00e9\u00e9n van de eerste klanten van onze vernieuwde 4PS Control","target":"_blank","rel":"","relative_url":"https:\/\/www.4ps.be\/wp-content\/uploads\/sites\/2\/Referentiecase-Ari\u00ebns.pdf"},"download":"","link":{"url":"https:\/\/www.4ps.be\/wp-content\/uploads\/sites\/2\/Referentiecase-Ari\u00ebns.pdf","title":"Lees het klantverhaal","target":"_blank","rel":"","relative_url":"https:\/\/www.4ps.be\/wp-content\/uploads\/sites\/2\/Referentiecase-Ari\u00ebns.pdf"},"image":{"id":"5429","ID":"5429","object_type":"image","ImageClass":"Timber\\Image","PostClass":"Timber\\Post","TermClass":"Timber\\Term","custom":[],"post_author":"3","post_content":"","post_date":"2019-10-16 12:14:22","post_excerpt":"","post_parent":5418,"post_status":"inherit","post_title":"Ari\u00ebns","post_type":"attachment","slug":null,"abs_url":null,"file_loc":"\/home\/ploi\/www.4ps.co.uk\/public\/wp-content\/uploads\/sites\/3\/ariens.jpg","file":"ariens.jpg","sizes":{"thumbnail":{"file":"ariens-150x150.jpg","width":150,"height":150,"mime-type":"image\/jpeg"}},"caption":"","image_meta":{"aperture":"0","credit":"","camera":"","caption":"","created_timestamp":"0","copyright":"","focal_length":"0","iso":"0","shutter_speed":"0","title":"","orientation":"1","keywords":[]},"_wp_attachment_metadata":"a:5:{s:5:\"width\";i:611;s:6:\"height\";i:347;s:4:\"file\";s:10:\"ariens.jpg\";s:5:\"sizes\";a:1:{s:9:\"thumbnail\";a:4:{s:4:\"file\";s:18:\"ariens-150x150.jpg\";s:5:\"width\";i:150;s:6:\"height\";i:150;s:9:\"mime-type\";s:10:\"image\/jpeg\";}}s:10:\"image_meta\";a:12:{s:8:\"aperture\";s:1:\"0\";s:6:\"credit\";s:0:\"\";s:6:\"camera\";s:0:\"\";s:7:\"caption\";s:0:\"\";s:17:\"created_timestamp\";s:1:\"0\";s:9:\"copyright\";s:0:\"\";s:12:\"focal_length\";s:1:\"0\";s:3:\"iso\";s:1:\"0\";s:13:\"shutter_speed\";s:1:\"0\";s:5:\"title\";s:0:\"\";s:11:\"orientation\";s:1:\"1\";s:8:\"keywords\";a:0:{}}}","_wp_attachment_image_alt":"Pand Ari\u00ebns","wpml_media_processed":"1","post_date_gmt":"2019-10-16 10:14:22","comment_status":"open","ping_status":"closed","post_password":"","post_name":"ariens-3","to_ping":"","pinged":"","post_modified":"2019-10-30 11:57:28","post_modified_gmt":"2019-10-30 10:57:28","post_content_filtered":"","guid":"https:\/\/www.4ps.be\/wp-content\/uploads\/sites\/3\/ariens.jpg","menu_order":0,"post_mime_type":"image\/jpeg","comment_count":"0","filter":"raw"},"video":"","image_position":"left","content":"<p>Ze gebruiken al meer dan 10 jaar de software van 4PS en periodiek komen daar ook nog steeds nieuwe oplossingen bij in het gebruik bij Ari\u00ebns \u2013 Partner in vastgoedonderhoud. Vandaar dat Ari\u00ebns ook vaak betrokken wordt bij de ontwikkeling van nieuwe producten. Zo was het \u00e9\u00e9n van de eerste gebruikers van de 4PS Buitendienst App en ging het de afgelopen maanden als \u00e9\u00e9n van onze eerste klanten aan de slag met ons vernieuwde <a href=\"https:\/\/www.4ps.be\/control\/\">4PS Control<\/a>.<\/p>\n"}],"_links":{"self":[{"href":"https:\/\/www.4ps.be\/fr\/wp-json\/wp\/v2\/pages\/14446","targetHints":{"allow":["GET"]}}],"collection":[{"href":"https:\/\/www.4ps.be\/fr\/wp-json\/wp\/v2\/pages"}],"about":[{"href":"https:\/\/www.4ps.be\/fr\/wp-json\/wp\/v2\/types\/page"}],"author":[{"embeddable":true,"href":"https:\/\/www.4ps.be\/fr\/wp-json\/wp\/v2\/users\/3"}],"replies":[{"embeddable":true,"href":"https:\/\/www.4ps.be\/fr\/wp-json\/wp\/v2\/comments?post=14446"}],"version-history":[{"count":0,"href":"https:\/\/www.4ps.be\/fr\/wp-json\/wp\/v2\/pages\/14446\/revisions"}],"wp:attachment":[{"href":"https:\/\/www.4ps.be\/fr\/wp-json\/wp\/v2\/media?parent=14446"}],"curies":[{"name":"wp","href":"https:\/\/api.w.org\/{rel}","templated":true}]}}